{"id":976,"date":"2024-12-03T14:46:00","date_gmt":"2024-12-03T14:46:00","guid":{"rendered":"https:\/\/petpromax.com\/?post_type=product&#038;p=976"},"modified":"2025-11-18T05:14:36","modified_gmt":"2025-11-18T02:14:36","slug":"food-elite-yavru-kedi-tavuklu-kedi-mamasi","status":"publish","type":"product","link":"https:\/\/petpromax.com\/index.php\/urun\/food-elite-yavru-kedi-tavuklu-kedi-mamasi\/","title":{"rendered":"Food Elite Tavuklu Yavru Kedi Mamas\u0131 15 Kg | 2 Kg"},"content":{"rendered":"<p>B\u00fcy\u00fcme \u00e7a\u011f\u0131ndaki yavru kedilerin sa\u011fl\u0131kl\u0131 ve mutlu bir \u015fekilde geli\u015fmesi i\u00e7in \u00f6zel olarak form\u00fcle edilmi\u015ftir. Y\u00fcksek kaliteli tavuk i\u00e7erikleriyle zenginle\u015ftirilmi\u015f bu mama, yavru kedinizin enerji dolu bir ba\u015flang\u0131\u00e7 yapmas\u0131n\u0131 sa\u011flar.<\/p>\n<p><em>Y\u00fcksek Protein ve Enerji \u0130\u00e7eri\u011fi:<\/em> H\u0131zl\u0131 b\u00fcy\u00fcme s\u00fcrecindeki yavrular i\u00e7in kas ve kemik geli\u015fimini destekleyen y\u00fcksek kaliteli tavuk proteini.<\/p>\n<p><em>Vitamin ve Mineral Deste\u011fi:<\/em> Sa\u011flam bir ba\u011f\u0131\u015f\u0131kl\u0131k sistemi ve sa\u011fl\u0131kl\u0131 bir geli\u015fim i\u00e7in \u00f6zel olarak dengelenmi\u015f vitamin ve mineral kar\u0131\u015f\u0131m\u0131.<\/p>\n<p><em>Sa\u011fl\u0131kl\u0131 Sindirim:<\/em> Hassas yavru mideleri i\u00e7in kolay sindirilebilir i\u00e7eriklerle desteklenmi\u015f form\u00fcl.<\/p>\n<p><em>Parlak T\u00fcyler ve Sa\u011fl\u0131kl\u0131 Cilt:<\/em> Omega-3, \u00a0Omega-6 ve Omega-9 ya\u011f asitleriyle desteklenen sa\u011fl\u0131kl\u0131 bir cilt ve ipeksi t\u00fcy yap\u0131s\u0131.<\/p>\n<p><em>Beyin ve G\u00f6rme Geli\u015fimi:<\/em> Zenginle\u015ftirilmi\u015f i\u00e7eri\u011fi ile yavru kedinizin bili\u015fsel geli\u015fimini ve g\u00f6rme yetisini destekler.<\/p>\n<p>Food Elite Tavuklu Yavru Kedi Mamas\u0131, yavru kedinizin ihtiya\u00e7 duydu\u011fu t\u00fcm besinleri bir arada sunar. \u00d6zenle haz\u0131rlanm\u0131\u015f tarifimiz, b\u00fcy\u00fcme d\u00f6nemindeki yavrunuzun sa\u011fl\u0131kl\u0131 bir \u015fekilde geli\u015fmesi i\u00e7in m\u00fckemmel bir se\u00e7imdir.<\/p>\n<p>\u0130\u00c7\u0130NDEK\u0130LER: \u0130\u015flenmi\u015f tavuk proteini, i\u015flenmi\u015f Hayvansal Protein, Bu\u011fday, M\u0131s\u0131r, Pirin\u00e7, Hayvansal Ya\u011f, M\u0131s\u0131r Gluteni, Ci\u011fer Aromas\u0131, Bonkalit, Tuz<\/p>\n<p>M\u0130NERALLER: Kalsiyum, fosfor, sodyum, iyot, \u00e7inko, bak\u0131r, potasyum klor\u00fcr, demir, selenyum<\/p>\n<p>V\u0130TAM\u0130NLER: Vit. A, Vit. D, Vit. E, Vit. C, Vit. B2-B3 (Nisasin)-B6-B12-B7 (Biotin)-B9 (Folik asit), Vit. K, kolin, kalsiyum, pantotetan<\/p>\n","protected":false},"excerpt":{"rendered":"<table width=\"205\">\n<tbody>\n<tr>\n<td colspan=\"2\" width=\"205\"><strong>ANAL\u0130T\u0130K B\u0130LE\u015eENLER<\/strong><\/td>\n<\/tr>\n<tr>\n<td width=\"173\"><strong>Ham Protein<\/strong><\/td>\n<td width=\"32\">36%<\/td>\n<\/tr>\n<tr>\n<td width=\"173\"><strong>Ham Ya\u011f<\/strong><\/td>\n<td width=\"32\">15%<\/td>\n<\/tr>\n<tr>\n<td width=\"173\"><strong>Ham Sel\u00fcloz<\/strong><\/td>\n<td width=\"32\">3,5%<\/td>\n<\/tr>\n<tr>\n<td width=\"173\"><strong>Ham K\u00fcl<\/strong><\/td>\n<td width=\"32\">10%<\/td>\n<\/tr>\n<\/tbody>\n<\/table>\n","protected":false},"featured_media":2738,"template":"","meta":{"om_disable_all_campaigns":false},"product_brand":[],"product_cat":[40,84],"product_tag":[47],"class_list":{"0":"post-976","1":"product","2":"type-product","3":"status-publish","4":"has-post-thumbnail","6":"product_cat-food-elite","7":"product_cat-food-elite-kedi","8":"product_tag-kedi","10":"first","11":"instock","12":"shipping-taxable","13":"product-type-simple"},"_links":{"self":[{"href":"https:\/\/petpromax.com\/index.php\/wp-json\/wp\/v2\/product\/976","targetHints":{"allow":["GET"]}}],"collection":[{"href":"https:\/\/petpromax.com\/index.php\/wp-json\/wp\/v2\/product"}],"about":[{"href":"https:\/\/petpromax.com\/index.php\/wp-json\/wp\/v2\/types\/product"}],"version-history":[{"count":1,"href":"https:\/\/petpromax.com\/index.php\/wp-json\/wp\/v2\/product\/976\/revisions"}],"predecessor-version":[{"id":1910,"href":"https:\/\/petpromax.com\/index.php\/wp-json\/wp\/v2\/product\/976\/revisions\/1910"}],"wp:featuredmedia":[{"embeddable":true,"href":"https:\/\/petpromax.com\/index.php\/wp-json\/wp\/v2\/media\/2738"}],"wp:attachment":[{"href":"https:\/\/petpromax.com\/index.php\/wp-json\/wp\/v2\/media?parent=976"}],"wp:term":[{"taxonomy":"product_brand","embeddable":true,"href":"https:\/\/petpromax.com\/index.php\/wp-json\/wp\/v2\/product_brand?post=976"},{"taxonomy":"product_cat","embeddable":true,"href":"https:\/\/petpromax.com\/index.php\/wp-json\/wp\/v2\/product_cat?post=976"},{"taxonomy":"product_tag","embeddable":true,"href":"https:\/\/petpromax.com\/index.php\/wp-json\/wp\/v2\/product_tag?post=976"}],"curies":[{"name":"wp","href":"https:\/\/api.w.org\/{rel}","templated":true}]}}