{"id":2742,"date":"2025-11-18T05:19:29","date_gmt":"2025-11-18T02:19:29","guid":{"rendered":"https:\/\/petpromax.com\/?post_type=product&#038;p=2742"},"modified":"2025-11-18T05:23:16","modified_gmt":"2025-11-18T02:23:16","slug":"food-elite-chicken-rice-urinary-kedi-mamasi-15-kg-2-kg-kopya","status":"publish","type":"product","link":"https:\/\/petpromax.com\/index.php\/urun\/food-elite-chicken-rice-urinary-kedi-mamasi-15-kg-2-kg-kopya\/","title":{"rendered":"Food Elite Tavuklu ve Pirin\u00e7li  Urinary Kedi Mamas\u0131 15 Kg | 2 Kg"},"content":{"rendered":"<p>\u0130\u00c7\u0130NDEK\u0130LER: \u0130\u015flenmi\u015f tavuk proteini (%32 tavuk), bitkisel protein (%10), bu\u011fday, m\u0131s\u0131r, pirin\u00e7, bezelye, hayvansal ya\u011f (%7 tavuk, %2 somon), m\u0131s\u0131r gluteni, bonkalit, keten tohumu, ke\u00e7iboynuzu k\u0131r\u0131\u011f\u0131, glukozamin, yukka 60mg\/kg, ci\u011fer aromas\u0131, taurine 1000mg\/kg, selenium 0.1mg\/kg<\/p>\n<p>M\u0130NERALLER: Kalsiyum, fosfor, potasyum klor\u00fcr, sodyum, iyot (3b202), \u00e7inko (3b605), bak\u0131r (3b405), demir (3b103), selenyum (E8), manganez.<\/p>\n<p>V\u0130TAM\u0130NLER: Vitamin A (3a672a), Vitamin D3 (3a671), Vitamin E (3a700), Vitamin C(3a312), Vitamin B1 (3a821), B2 (3a), B3 (3a315), B6 \u200b\u200b(3a831), biyotin (3a880), folik asit (3a316), Vitamin K3 (3a710), kolin (3a890), pantotenik asit.<\/p>\n","protected":false},"excerpt":{"rendered":"<table width=\"205\">\n<tbody>\n<tr>\n<td colspan=\"2\" width=\"205\"><strong>ANAL\u0130T\u0130K B\u0130LE\u015eENLER<\/strong><\/td>\n<\/tr>\n<tr>\n<td width=\"173\"><strong>Ham Protein<\/strong><\/td>\n<td width=\"32\">34%<\/td>\n<\/tr>\n<tr>\n<td width=\"173\"><strong>Ham Ya\u011f<\/strong><\/td>\n<td width=\"32\">14%<\/td>\n<\/tr>\n<tr>\n<td width=\"173\"><strong>Ham Sel\u00fcloz<\/strong><\/td>\n<td width=\"32\">4%<\/td>\n<\/tr>\n<tr>\n<td width=\"173\"><strong>Ham K\u00fcl<\/strong><\/td>\n<td width=\"32\">8%<\/td>\n<\/tr>\n<\/tbody>\n<\/table>\n","protected":false},"featured_media":2743,"template":"","meta":{"om_disable_all_campaigns":false},"product_brand":[],"product_cat":[40,84],"product_tag":[],"class_list":{"0":"post-2742","1":"product","2":"type-product","3":"status-publish","4":"has-post-thumbnail","6":"product_cat-food-elite","7":"product_cat-food-elite-kedi","9":"first","10":"instock","11":"shipping-taxable","12":"product-type-simple"},"_links":{"self":[{"href":"https:\/\/petpromax.com\/index.php\/wp-json\/wp\/v2\/product\/2742","targetHints":{"allow":["GET"]}}],"collection":[{"href":"https:\/\/petpromax.com\/index.php\/wp-json\/wp\/v2\/product"}],"about":[{"href":"https:\/\/petpromax.com\/index.php\/wp-json\/wp\/v2\/types\/product"}],"version-history":[{"count":1,"href":"https:\/\/petpromax.com\/index.php\/wp-json\/wp\/v2\/product\/2742\/revisions"}],"predecessor-version":[{"id":2747,"href":"https:\/\/petpromax.com\/index.php\/wp-json\/wp\/v2\/product\/2742\/revisions\/2747"}],"wp:featuredmedia":[{"embeddable":true,"href":"https:\/\/petpromax.com\/index.php\/wp-json\/wp\/v2\/media\/2743"}],"wp:attachment":[{"href":"https:\/\/petpromax.com\/index.php\/wp-json\/wp\/v2\/media?parent=2742"}],"wp:term":[{"taxonomy":"product_brand","embeddable":true,"href":"https:\/\/petpromax.com\/index.php\/wp-json\/wp\/v2\/product_brand?post=2742"},{"taxonomy":"product_cat","embeddable":true,"href":"https:\/\/petpromax.com\/index.php\/wp-json\/wp\/v2\/product_cat?post=2742"},{"taxonomy":"product_tag","embeddable":true,"href":"https:\/\/petpromax.com\/index.php\/wp-json\/wp\/v2\/product_tag?post=2742"}],"curies":[{"name":"wp","href":"https:\/\/api.w.org\/{rel}","templated":true}]}}