{"id":2058,"date":"2025-06-18T14:03:29","date_gmt":"2025-06-18T14:03:29","guid":{"rendered":"https:\/\/petpromax.com\/?post_type=product&#038;p=2058"},"modified":"2025-06-18T14:04:19","modified_gmt":"2025-06-18T14:04:19","slug":"pet-coin-tavuklu-yetiskin-kedi-mamasi-15-kg-7-kg-15-kg","status":"publish","type":"product","link":"https:\/\/petpromax.com\/index.php\/urun\/pet-coin-tavuklu-yetiskin-kedi-mamasi-15-kg-7-kg-15-kg\/","title":{"rendered":"Pet Coin Tavuklu Yeti\u015fkin Kedi Mamas\u0131 15 Kg | 7 Kg | 1,5 Kg"},"content":{"rendered":"<p>\u0130\u00c7\u0130NDEK\u0130LER:<br \/>\n\u0130\u015flenmi\u015f tavuk proteini, i\u015flenmi\u015f hayvansal protein, bu\u011fday, m\u0131s\u0131r, pirin\u00e7, hayvansal ya\u011f, m\u0131s\u0131r gluteni, ci\u011fer aromas\u0131, bonkalit, tuz.<\/p>\n<p>M\u0130NERALLER: Kalsiyum, fosfor, sodyum, iyot, \u00e7inko, bak\u0131r, potasyum klor\u00fcr, demir, selenyum<\/p>\n<p>V\u0130TAM\u0130NLER: Vit. A, Vit. D, Vit. E, Vit. C, Vit. B1-B2-B3 (Niasin) -B6, B12-B7 (Biotin) -B9 (Folik asit), Vit. K, Kolin, Kalsiyum, Pantotetan<\/p>\n","protected":false},"excerpt":{"rendered":"<p class=\"p2\">HAM PROTE\u0130N<\/p>\n<p class=\"p6\"><b>%27<\/b><\/p>\n<p class=\"p2\">HAM YA\u011e<\/p>\n<p class=\"p3\"><b>%10 <\/b><\/p>\n<p class=\"p4\">HAM K\u00dcL<\/p>\n<p class=\"p5\"><b>%9 <\/b><\/p>\n<p class=\"p4\">HAM SEL\u00dcLOZ<\/p>\n<p class=\"p5\"><b>%6 <\/b><\/p>\n<p class=\"p6\">\n","protected":false},"featured_media":1442,"template":"","meta":{"om_disable_all_campaigns":false},"product_brand":[],"product_cat":[42,88],"product_tag":[],"class_list":{"0":"post-2058","1":"product","2":"type-product","3":"status-publish","4":"has-post-thumbnail","6":"product_cat-pet-coin","7":"product_cat-petcoin-kedi","9":"first","10":"instock","11":"shipping-taxable","12":"product-type-simple"},"_links":{"self":[{"href":"https:\/\/petpromax.com\/index.php\/wp-json\/wp\/v2\/product\/2058","targetHints":{"allow":["GET"]}}],"collection":[{"href":"https:\/\/petpromax.com\/index.php\/wp-json\/wp\/v2\/product"}],"about":[{"href":"https:\/\/petpromax.com\/index.php\/wp-json\/wp\/v2\/types\/product"}],"version-history":[{"count":1,"href":"https:\/\/petpromax.com\/index.php\/wp-json\/wp\/v2\/product\/2058\/revisions"}],"predecessor-version":[{"id":2060,"href":"https:\/\/petpromax.com\/index.php\/wp-json\/wp\/v2\/product\/2058\/revisions\/2060"}],"wp:featuredmedia":[{"embeddable":true,"href":"https:\/\/petpromax.com\/index.php\/wp-json\/wp\/v2\/media\/1442"}],"wp:attachment":[{"href":"https:\/\/petpromax.com\/index.php\/wp-json\/wp\/v2\/media?parent=2058"}],"wp:term":[{"taxonomy":"product_brand","embeddable":true,"href":"https:\/\/petpromax.com\/index.php\/wp-json\/wp\/v2\/product_brand?post=2058"},{"taxonomy":"product_cat","embeddable":true,"href":"https:\/\/petpromax.com\/index.php\/wp-json\/wp\/v2\/product_cat?post=2058"},{"taxonomy":"product_tag","embeddable":true,"href":"https:\/\/petpromax.com\/index.php\/wp-json\/wp\/v2\/product_tag?post=2058"}],"curies":[{"name":"wp","href":"https:\/\/api.w.org\/{rel}","templated":true}]}}