{"id":1981,"date":"2025-06-18T11:28:54","date_gmt":"2025-06-18T11:28:54","guid":{"rendered":"https:\/\/petpromax.com\/?post_type=product&#038;p=1981"},"modified":"2025-06-18T11:30:05","modified_gmt":"2025-06-18T11:30:05","slug":"pet-coin-plus-tavuk-kuzu-somonlu-gurme-yetiskin-kedi-mamasi","status":"publish","type":"product","link":"https:\/\/petpromax.com\/index.php\/urun\/pet-coin-plus-tavuk-kuzu-somonlu-gurme-yetiskin-kedi-mamasi\/","title":{"rendered":"Pet Coin Plus Tavuk &#038; Kuzu &#038; Somonlu Gurme Yeti\u015fkin Kedi Mamas\u0131 15 kg"},"content":{"rendered":"<p class=\"p2\">\u0130\u00c7\u0130NDEK\u0130LER: \u0130\u015flenmi\u015f hayvansal protein (%15 Tavuk, %8 Somon, %7 Kuzu), bitkisel protein (%12), bu\u011fday, m\u0131s\u0131r, pirin\u00e7, bezelye, hayvansal ya\u011f (%7 Tavuk, %2 Somon), m\u0131s\u0131r gluteni, bonkalit, bitkisel lifler, do\u011fal aroma vericiler, yucca 60mg\/kg, ci\u011fer aromas\u0131, taurine 1000mg\/kg, selenium 0.1mg\/kg<\/p>\n<p class=\"p2\">M\u0130NERALLER: Kalsiyum, fosfor, sodyum, iyot(3b202), \u00e7inko(3b605), bak\u0131r(3b405), potasyum klor\u00fcr, demir(3b103), selenium(E8).<\/p>\n<p class=\"p3\">V\u0130TAM\u0130NLER: Vitamin A (3a623a), Vitamin D (3a671), Vitamin E(3a700), Vitamin C, Vit.B1(3a821) \u2013B2(3a) \u2013B3(3a315) -B6(3a831) \u2013B12(3a&#8212;) \u2013B7(biotin 3a880) \u2013 B9 (folik asit 3a316), Vit. K(3a710), kolin, kalsiyum, pantotetan<\/p>\n","protected":false},"excerpt":{"rendered":"<p class=\"p2\">HAM PROTE\u0130N<\/p>\n<p class=\"p6\"><b>%30<\/b><\/p>\n<p class=\"p2\">HAM YA\u011e<\/p>\n<p class=\"p3\"><b>%14 <\/b><\/p>\n<p class=\"p4\">HAM K\u00dcL<\/p>\n<p class=\"p5\"><b>%9 <\/b><\/p>\n<p class=\"p4\">HAM SEL\u00dcLOZ<\/p>\n<p class=\"p5\"><b>%6 <\/b><\/p>\n<p class=\"p6\">\n","protected":false},"featured_media":1982,"template":"","meta":{"om_disable_all_campaigns":false},"product_brand":[],"product_cat":[99,100],"product_tag":[],"class_list":{"0":"post-1981","1":"product","2":"type-product","3":"status-publish","4":"has-post-thumbnail","6":"product_cat-petcoin-plus-urun","7":"product_cat-petcoin-plus-kedi","9":"first","10":"instock","11":"shipping-taxable","12":"product-type-simple"},"_links":{"self":[{"href":"https:\/\/petpromax.com\/index.php\/wp-json\/wp\/v2\/product\/1981","targetHints":{"allow":["GET"]}}],"collection":[{"href":"https:\/\/petpromax.com\/index.php\/wp-json\/wp\/v2\/product"}],"about":[{"href":"https:\/\/petpromax.com\/index.php\/wp-json\/wp\/v2\/types\/product"}],"version-history":[{"count":3,"href":"https:\/\/petpromax.com\/index.php\/wp-json\/wp\/v2\/product\/1981\/revisions"}],"predecessor-version":[{"id":1985,"href":"https:\/\/petpromax.com\/index.php\/wp-json\/wp\/v2\/product\/1981\/revisions\/1985"}],"wp:featuredmedia":[{"embeddable":true,"href":"https:\/\/petpromax.com\/index.php\/wp-json\/wp\/v2\/media\/1982"}],"wp:attachment":[{"href":"https:\/\/petpromax.com\/index.php\/wp-json\/wp\/v2\/media?parent=1981"}],"wp:term":[{"taxonomy":"product_brand","embeddable":true,"href":"https:\/\/petpromax.com\/index.php\/wp-json\/wp\/v2\/product_brand?post=1981"},{"taxonomy":"product_cat","embeddable":true,"href":"https:\/\/petpromax.com\/index.php\/wp-json\/wp\/v2\/product_cat?post=1981"},{"taxonomy":"product_tag","embeddable":true,"href":"https:\/\/petpromax.com\/index.php\/wp-json\/wp\/v2\/product_tag?post=1981"}],"curies":[{"name":"wp","href":"https:\/\/api.w.org\/{rel}","templated":true}]}}