{"id":1417,"date":"2025-01-30T22:06:54","date_gmt":"2025-01-30T22:06:54","guid":{"rendered":"https:\/\/petpromax.com\/?post_type=product&#038;p=1417"},"modified":"2025-01-30T23:49:45","modified_gmt":"2025-01-30T23:49:45","slug":"my-city-biftekli-yetiskin-kopek-mamasi-15-kg","status":"publish","type":"product","link":"https:\/\/petpromax.com\/index.php\/urun\/my-city-biftekli-yetiskin-kopek-mamasi-15-kg\/","title":{"rendered":"My City Biftekli Yeti\u015fkin K\u00f6pek Mamas\u0131 15 Kg"},"content":{"rendered":"<p>\u0130\u00c7\u0130NDEK\u0130LER: \u0130\u015flenmi\u015f biftek proteini, et kemik unu, pirin\u00e7, m\u0131s\u0131r, tavuk unu, m\u0131s\u0131r gluteni, bu\u011fday, bu\u011fday kepe\u011fi, bal\u0131k unu, somon ya\u011f\u0131, tavuk ya\u011f\u0131, ke\u00e7iboynuzu k\u0131r\u0131\u011f\u0131, bira mayas\u0131, methionin, lisine, tuz, mineraller, vitaminler, aroma verici<\/p>\n<p>M\u0130NERALLER: Kalsiyum, fosfor, sodyum, iyot, \u00e7inko, bak\u0131r, potasyum klor\u00fcr, demir, selenyum<\/p>\n<p>V\u0130TAM\u0130NLER: Vit. A 12500 \u0131u\/kg, Vit. D 1000 \u0131u\/kg, Vit. E 80mg\/kg, Vit. C 120 mg\/kg<\/p>\n","protected":false},"excerpt":{"rendered":"<table width=\"227\">\n<tbody>\n<tr>\n<td colspan=\"2\" width=\"227\"><strong>ANAL\u0130T\u0130K B\u0130LE\u015eENLER<\/strong><\/td>\n<\/tr>\n<tr>\n<td width=\"195\"><strong>Ham Protein<\/strong><\/td>\n<td width=\"32\">17%<\/td>\n<\/tr>\n<tr>\n<td width=\"195\"><strong>Ham Ya\u011f<\/strong><\/td>\n<td width=\"32\">9%<\/td>\n<\/tr>\n<tr>\n<td width=\"195\"><strong>Ham Sel\u00fcloz<\/strong><\/td>\n<td width=\"32\">6%<\/td>\n<\/tr>\n<tr>\n<td width=\"195\"><strong>Ham K\u00fcl<\/strong><\/td>\n<td width=\"32\">9%<\/td>\n<\/tr>\n<\/tbody>\n<\/table>\n","protected":false},"featured_media":1486,"template":"","meta":{"om_disable_all_campaigns":false},"product_brand":[],"product_cat":[97],"product_tag":[],"class_list":{"0":"post-1417","1":"product","2":"type-product","3":"status-publish","4":"has-post-thumbnail","6":"product_cat-my-city-kopek","8":"first","9":"instock","10":"shipping-taxable","11":"product-type-simple"},"_links":{"self":[{"href":"https:\/\/petpromax.com\/index.php\/wp-json\/wp\/v2\/product\/1417","targetHints":{"allow":["GET"]}}],"collection":[{"href":"https:\/\/petpromax.com\/index.php\/wp-json\/wp\/v2\/product"}],"about":[{"href":"https:\/\/petpromax.com\/index.php\/wp-json\/wp\/v2\/types\/product"}],"version-history":[{"count":1,"href":"https:\/\/petpromax.com\/index.php\/wp-json\/wp\/v2\/product\/1417\/revisions"}],"predecessor-version":[{"id":1821,"href":"https:\/\/petpromax.com\/index.php\/wp-json\/wp\/v2\/product\/1417\/revisions\/1821"}],"wp:featuredmedia":[{"embeddable":true,"href":"https:\/\/petpromax.com\/index.php\/wp-json\/wp\/v2\/media\/1486"}],"wp:attachment":[{"href":"https:\/\/petpromax.com\/index.php\/wp-json\/wp\/v2\/media?parent=1417"}],"wp:term":[{"taxonomy":"product_brand","embeddable":true,"href":"https:\/\/petpromax.com\/index.php\/wp-json\/wp\/v2\/product_brand?post=1417"},{"taxonomy":"product_cat","embeddable":true,"href":"https:\/\/petpromax.com\/index.php\/wp-json\/wp\/v2\/product_cat?post=1417"},{"taxonomy":"product_tag","embeddable":true,"href":"https:\/\/petpromax.com\/index.php\/wp-json\/wp\/v2\/product_tag?post=1417"}],"curies":[{"name":"wp","href":"https:\/\/api.w.org\/{rel}","templated":true}]}}