{"id":1414,"date":"2025-01-30T22:05:19","date_gmt":"2025-01-30T22:05:19","guid":{"rendered":"https:\/\/petpromax.com\/?post_type=product&#038;p=1414"},"modified":"2025-01-30T23:48:22","modified_gmt":"2025-01-30T23:48:22","slug":"my-city-tavuk-etli-yetiskin-kedi-mamasi-15-kg","status":"publish","type":"product","link":"https:\/\/petpromax.com\/index.php\/urun\/my-city-tavuk-etli-yetiskin-kedi-mamasi-15-kg\/","title":{"rendered":"My City Tavuk Etli Yeti\u015fkin Kedi Mamas\u0131 15 Kg"},"content":{"rendered":"<p>\u0130\u00c7\u0130NDEK\u0130LER: \u0130\u015flenmi\u015f tavuk proteini, i\u015flenmi\u015f hayvansal protein, bu\u011fday, m\u0131s\u0131r, pirin\u00e7, hayvansal ya\u011f, m\u0131s\u0131r gluteni, ci\u011fer aromas\u0131, bonkalit, tuz<\/p>\n<p>M\u0130NERALLER: Kalsiyum, fosfor, sodyum, iyot, \u00e7inko, bak\u0131r, potasyum klor\u00fcr, demir, selenyum<\/p>\n<p>V\u0130TAM\u0130NLER: Vit. A 12500 \u0131u\/kg, Vit. D 1000 \u0131u\/kg, Vit. E 80mg\/kg, Vit. C 120 mg\/kg<\/p>\n","protected":false},"excerpt":{"rendered":"<table width=\"227\">\n<tbody>\n<tr>\n<td colspan=\"2\" width=\"227\"><strong>ANAL\u0130T\u0130K B\u0130LE\u015eENLER<\/strong><\/td>\n<\/tr>\n<tr>\n<td width=\"195\"><strong>Ham Protein<\/strong><\/td>\n<td width=\"32\">25%<\/td>\n<\/tr>\n<tr>\n<td width=\"195\"><strong>Ham Ya\u011f<\/strong><\/td>\n<td width=\"32\">10%<\/td>\n<\/tr>\n<tr>\n<td width=\"195\"><strong>Ham Sel\u00fcloz<\/strong><\/td>\n<td width=\"32\">6%<\/td>\n<\/tr>\n<tr>\n<td width=\"195\"><strong>Ham K\u00fcl<\/strong><\/td>\n<td width=\"32\">9%<\/td>\n<\/tr>\n<\/tbody>\n<\/table>\n","protected":false},"featured_media":1484,"template":"","meta":{"om_disable_all_campaigns":false},"product_brand":[],"product_cat":[96],"product_tag":[],"class_list":{"0":"post-1414","1":"product","2":"type-product","3":"status-publish","4":"has-post-thumbnail","6":"product_cat-my-city-kedi","8":"first","9":"instock","10":"shipping-taxable","11":"product-type-simple"},"_links":{"self":[{"href":"https:\/\/petpromax.com\/index.php\/wp-json\/wp\/v2\/product\/1414","targetHints":{"allow":["GET"]}}],"collection":[{"href":"https:\/\/petpromax.com\/index.php\/wp-json\/wp\/v2\/product"}],"about":[{"href":"https:\/\/petpromax.com\/index.php\/wp-json\/wp\/v2\/types\/product"}],"version-history":[{"count":0,"href":"https:\/\/petpromax.com\/index.php\/wp-json\/wp\/v2\/product\/1414\/revisions"}],"wp:featuredmedia":[{"embeddable":true,"href":"https:\/\/petpromax.com\/index.php\/wp-json\/wp\/v2\/media\/1484"}],"wp:attachment":[{"href":"https:\/\/petpromax.com\/index.php\/wp-json\/wp\/v2\/media?parent=1414"}],"wp:term":[{"taxonomy":"product_brand","embeddable":true,"href":"https:\/\/petpromax.com\/index.php\/wp-json\/wp\/v2\/product_brand?post=1414"},{"taxonomy":"product_cat","embeddable":true,"href":"https:\/\/petpromax.com\/index.php\/wp-json\/wp\/v2\/product_cat?post=1414"},{"taxonomy":"product_tag","embeddable":true,"href":"https:\/\/petpromax.com\/index.php\/wp-json\/wp\/v2\/product_tag?post=1414"}],"curies":[{"name":"wp","href":"https:\/\/api.w.org\/{rel}","templated":true}]}}