{"id":1406,"date":"2025-01-30T21:48:23","date_gmt":"2025-01-30T21:48:23","guid":{"rendered":"https:\/\/petpromax.com\/?post_type=product&#038;p=1406"},"modified":"2025-06-19T07:21:43","modified_gmt":"2025-06-19T07:21:43","slug":"new-food-kuzu-etli-pirincli-yetiskin-kopek-mamasi-20-kg","status":"publish","type":"product","link":"https:\/\/petpromax.com\/index.php\/urun\/new-food-kuzu-etli-pirincli-yetiskin-kopek-mamasi-20-kg\/","title":{"rendered":"New Food Kuzu Etli &#038; Pirin\u00e7li Yeti\u015fkin K\u00f6pek Mamas\u0131 20 Kg"},"content":{"rendered":"<p>\u0130\u00c7\u0130NDEK\u0130LER: \u0130\u015flenmi\u015f kuzu proteini, et kemik unu, pirin\u00e7, m\u0131s\u0131r, tavuk unu, m\u0131s\u0131r gluteni, bu\u011fday, bu\u011fday kepe\u011fi, bal\u0131k unu, somon ya\u011f\u0131, tavuk ya\u011f\u0131, ke\u00e7iboynuzu k\u0131r\u0131\u011f\u0131, bira mayas\u0131, methionin, lisine, tuz, mineraller, vitaminler, aroma verici<\/p>\n<p>M\u0130NERALLER: Kalsiyum, fosfor, sodyum, iyot, \u00e7inko, bak\u0131r, potasyum klor\u00fcr, demir, selenyum<\/p>\n<p>V\u0130TAM\u0130NLER: Vit. A 12500 \u0131u\/kg, Vit. D 1000 \u0131u\/kg, Vit. E 80mg\/kg, Vit. C 120 mg\/kg<\/p>\n","protected":false},"excerpt":{"rendered":"<table width=\"229\">\n<tbody>\n<tr>\n<td colspan=\"2\" width=\"229\"><strong>ANAL\u0130T\u0130K B\u0130LE\u015eENLER<\/strong><\/td>\n<\/tr>\n<tr>\n<td width=\"197\"><strong>Ham Protein<\/strong><\/td>\n<td width=\"32\">17%<\/td>\n<\/tr>\n<tr>\n<td width=\"197\"><strong>Ham Ya\u011f<\/strong><\/td>\n<td width=\"32\">9%<\/td>\n<\/tr>\n<tr>\n<td width=\"197\"><strong>Ham Sel\u00fcloz<\/strong><\/td>\n<td width=\"32\">3,5%<\/td>\n<\/tr>\n<tr>\n<td width=\"197\"><strong>Ham K\u00fcl<\/strong><\/td>\n<td width=\"32\">10%<\/td>\n<\/tr>\n<\/tbody>\n<\/table>\n","protected":false},"featured_media":2155,"template":"","meta":{"om_disable_all_campaigns":false},"product_brand":[],"product_cat":[95],"product_tag":[],"class_list":{"0":"post-1406","1":"product","2":"type-product","3":"status-publish","4":"has-post-thumbnail","6":"product_cat-new-food-kopek","8":"first","9":"instock","10":"shipping-taxable","11":"product-type-simple"},"_links":{"self":[{"href":"https:\/\/petpromax.com\/index.php\/wp-json\/wp\/v2\/product\/1406","targetHints":{"allow":["GET"]}}],"collection":[{"href":"https:\/\/petpromax.com\/index.php\/wp-json\/wp\/v2\/product"}],"about":[{"href":"https:\/\/petpromax.com\/index.php\/wp-json\/wp\/v2\/types\/product"}],"version-history":[{"count":1,"href":"https:\/\/petpromax.com\/index.php\/wp-json\/wp\/v2\/product\/1406\/revisions"}],"predecessor-version":[{"id":2156,"href":"https:\/\/petpromax.com\/index.php\/wp-json\/wp\/v2\/product\/1406\/revisions\/2156"}],"wp:featuredmedia":[{"embeddable":true,"href":"https:\/\/petpromax.com\/index.php\/wp-json\/wp\/v2\/media\/2155"}],"wp:attachment":[{"href":"https:\/\/petpromax.com\/index.php\/wp-json\/wp\/v2\/media?parent=1406"}],"wp:term":[{"taxonomy":"product_brand","embeddable":true,"href":"https:\/\/petpromax.com\/index.php\/wp-json\/wp\/v2\/product_brand?post=1406"},{"taxonomy":"product_cat","embeddable":true,"href":"https:\/\/petpromax.com\/index.php\/wp-json\/wp\/v2\/product_cat?post=1406"},{"taxonomy":"product_tag","embeddable":true,"href":"https:\/\/petpromax.com\/index.php\/wp-json\/wp\/v2\/product_tag?post=1406"}],"curies":[{"name":"wp","href":"https:\/\/api.w.org\/{rel}","templated":true}]}}