{"id":1402,"date":"2025-01-30T21:32:17","date_gmt":"2025-01-30T21:32:17","guid":{"rendered":"https:\/\/petpromax.com\/?post_type=product&#038;p=1402"},"modified":"2025-01-30T23:43:10","modified_gmt":"2025-01-30T23:43:10","slug":"new-food-tavuk-etli-yetiskin-kedi-mamasi-10-kg","status":"publish","type":"product","link":"https:\/\/petpromax.com\/index.php\/urun\/new-food-tavuk-etli-yetiskin-kedi-mamasi-10-kg\/","title":{"rendered":"New Food Tavuk Etli Yeti\u015fkin Kedi Mamas\u0131 10 Kg"},"content":{"rendered":"<p>\u0130\u00c7\u0130NDEK\u0130LER: \u0130\u015flenmi\u015f tavuk proteini, et kemik unu, pirin\u00e7, m\u0131s\u0131r, tavuk unu, m\u0131s\u0131r gluteni, bu\u011fday, bu\u011fday kepe\u011fi, bal\u0131k unu, somon ya\u011f\u0131, tavuk ya\u011f\u0131, ke\u00e7iboynuzu k\u0131r\u0131\u011f\u0131, bira mayas\u0131, methionin, lisine, tuz, mineraller, vitaminler, aroma verici<\/p>\n<p>M\u0130NERALLER: Kalsiyum, fosfor, sodyum, iyot, \u00e7inko, bak\u0131r, potasyum klor\u00fcr, demir, selenyum<\/p>\n<p>V\u0130TAM\u0130NLER: Vit. A, Vit. D, Vit. E, Vit. C, Vit. B1-B2-B3 (Niasin) -B6, B12-B7 (Biotin) -B9 (Folik asit), Vit. K, Kolin, Kalsiyum Pantotetan<\/p>\n","protected":false},"excerpt":{"rendered":"<table width=\"229\">\n<tbody>\n<tr>\n<td colspan=\"2\" width=\"229\"><strong>ANAL\u0130T\u0130K B\u0130LE\u015eENLER<\/strong><\/td>\n<\/tr>\n<tr>\n<td width=\"197\"><strong>Ham Protein<\/strong><\/td>\n<td width=\"32\">25%<\/td>\n<\/tr>\n<tr>\n<td width=\"197\"><strong>Ham Ya\u011f<\/strong><\/td>\n<td width=\"32\">10%<\/td>\n<\/tr>\n<tr>\n<td width=\"197\"><strong>Ham Sel\u00fcloz<\/strong><\/td>\n<td width=\"32\">6%<\/td>\n<\/tr>\n<tr>\n<td width=\"197\"><strong>Ham K\u00fcl<\/strong><\/td>\n<td width=\"32\">9%<\/td>\n<\/tr>\n<\/tbody>\n<\/table>\n","protected":false},"featured_media":1483,"template":"","meta":{"om_disable_all_campaigns":false},"product_brand":[],"product_cat":[94],"product_tag":[],"class_list":{"0":"post-1402","1":"product","2":"type-product","3":"status-publish","4":"has-post-thumbnail","6":"product_cat-new-food-kedi","8":"first","9":"instock","10":"shipping-taxable","11":"product-type-simple"},"_links":{"self":[{"href":"https:\/\/petpromax.com\/index.php\/wp-json\/wp\/v2\/product\/1402","targetHints":{"allow":["GET"]}}],"collection":[{"href":"https:\/\/petpromax.com\/index.php\/wp-json\/wp\/v2\/product"}],"about":[{"href":"https:\/\/petpromax.com\/index.php\/wp-json\/wp\/v2\/types\/product"}],"version-history":[{"count":0,"href":"https:\/\/petpromax.com\/index.php\/wp-json\/wp\/v2\/product\/1402\/revisions"}],"wp:featuredmedia":[{"embeddable":true,"href":"https:\/\/petpromax.com\/index.php\/wp-json\/wp\/v2\/media\/1483"}],"wp:attachment":[{"href":"https:\/\/petpromax.com\/index.php\/wp-json\/wp\/v2\/media?parent=1402"}],"wp:term":[{"taxonomy":"product_brand","embeddable":true,"href":"https:\/\/petpromax.com\/index.php\/wp-json\/wp\/v2\/product_brand?post=1402"},{"taxonomy":"product_cat","embeddable":true,"href":"https:\/\/petpromax.com\/index.php\/wp-json\/wp\/v2\/product_cat?post=1402"},{"taxonomy":"product_tag","embeddable":true,"href":"https:\/\/petpromax.com\/index.php\/wp-json\/wp\/v2\/product_tag?post=1402"}],"curies":[{"name":"wp","href":"https:\/\/api.w.org\/{rel}","templated":true}]}}