{"id":1388,"date":"2025-01-30T21:07:13","date_gmt":"2025-01-30T21:07:13","guid":{"rendered":"https:\/\/petpromax.com\/?post_type=product&#038;p=1388"},"modified":"2025-01-30T23:35:47","modified_gmt":"2025-01-30T23:35:47","slug":"new-happy-feed-kuzu-etli-yetiskin-kopek-mamasi-3-kg","status":"publish","type":"product","link":"https:\/\/petpromax.com\/index.php\/urun\/new-happy-feed-kuzu-etli-yetiskin-kopek-mamasi-3-kg\/","title":{"rendered":"New Happy Feed Kuzu Etli Yeti\u015fkin K\u00f6pek Mamas\u0131 3 Kg"},"content":{"rendered":"<p>K\u00f6pe\u011finizin sa\u011fl\u0131kl\u0131 bir ya\u015fam s\u00fcrmesi i\u00e7in New Happy Feed Kuzu Etli Yeti\u015fkin K\u00f6pek Mamas\u0131 ideal bir tercihtir. Y\u00fcksek kaliteli kuzu eti ile zenginle\u015ftirilmi\u015f bu mama, k\u00f6pe\u011finizin t\u00fcm beslenme ihtiya\u00e7lar\u0131n\u0131 kar\u015f\u0131lar ve ona enerji dolu bir ya\u015fam sunar.<\/p>\n<p>Kuzu eti, k\u00f6pe\u011finizin kas geli\u015fimini destekleyen y\u00fcksek kaliteli protein kayna\u011f\u0131d\u0131r ve sindirimi kolayd\u0131r. \u0130\u00e7eri\u011findeki dengeli ya\u011f asitleri, vitaminler ve mineraller, k\u00f6pe\u011finizin cilt sa\u011fl\u0131\u011f\u0131n\u0131 iyile\u015ftirir, t\u00fcylerinin sa\u011fl\u0131kl\u0131 ve parlak olmas\u0131n\u0131 sa\u011flar. Ayr\u0131ca, ba\u011f\u0131\u015f\u0131kl\u0131k sistemini g\u00fc\u00e7lendirir ve sindirim sa\u011fl\u0131\u011f\u0131n\u0131 d\u00fczenler.<\/p>\n<p>New Happy Feed Kuzu Etli Yeti\u015fkin K\u00f6pek Mamas\u0131, k\u00f6pe\u011finizin t\u00fcm beslenme ihtiya\u00e7lar\u0131n\u0131 kar\u015f\u0131layarak sa\u011fl\u0131kl\u0131, mutlu ve enerjik bir ya\u015fam s\u00fcrmesini destekler. Lezzetli tad\u0131 sayesinde k\u00f6pe\u011finizin i\u015ftah\u0131n\u0131 a\u00e7ar ve her \u00f6\u011f\u00fcnde keyifle t\u00fcketmesini sa\u011flar.<\/p>\n<p><strong>K\u00f6peklerin sa\u011fl\u0131kl\u0131, mutlu ve enerjik bir ya\u015fam s\u00fcrmesi i\u00e7in do\u011fru beslenme \u00e7\u00f6z\u00fcm\u00fc olarak % 75 Hayvansal Protein i\u00e7ermektedir.<\/strong><\/p>\n<p>\u0130\u00c7\u0130NDEK\u0130LER: \u0130\u015flenmi\u015f kuzu proteini, et kemik unu, pirin\u00e7, m\u0131s\u0131r, tavuk unu, m\u0131s\u0131r gluteni, bu\u011fday, bu\u011fday kepe\u011fi, bal\u0131k unu, somon ya\u011f\u0131, tavuk ya\u011f\u0131, ke\u00e7iboynuzu k\u0131r\u0131\u011f\u0131, bira mayas\u0131, methionin, lisine, tuz, mineraller, vitaminler, aroma verici<\/p>\n<p>M\u0130NERALLER: Kalsiyum, fosfor, sodyum, iyot, \u00e7inko, bak\u0131r, potasyum klor\u00fcr, demir, selenyum<\/p>\n<p>V\u0130TAM\u0130NLER: : Vit. A 12500 \u0131u\/kg, Vit. D 1000 \u0131u\/kg, Vit. E 80mg\/kg, Vit. C 120 mg\/kg<\/p>\n","protected":false},"excerpt":{"rendered":"<table width=\"227\">\n<tbody>\n<tr>\n<td colspan=\"2\" width=\"227\"><strong>ANAL\u0130T\u0130K B\u0130LE\u015eENLER<\/strong><\/td>\n<\/tr>\n<tr>\n<td width=\"195\"><strong>Ham Protein<\/strong><\/td>\n<td width=\"32\">21%<\/td>\n<\/tr>\n<tr>\n<td width=\"195\"><strong>Ham Ya\u011f<\/strong><\/td>\n<td width=\"32\">10%<\/td>\n<\/tr>\n<tr>\n<td width=\"195\"><strong>Ham Sel\u00fcloz<\/strong><\/td>\n<td width=\"32\">3,5%<\/td>\n<\/tr>\n<tr>\n<td width=\"195\"><strong>Ham K\u00fcl<\/strong><\/td>\n<td width=\"32\">10%<\/td>\n<\/tr>\n<\/tbody>\n<\/table>\n","protected":false},"featured_media":1476,"template":"","meta":{"om_disable_all_campaigns":false},"product_brand":[],"product_cat":[93],"product_tag":[],"class_list":{"0":"post-1388","1":"product","2":"type-product","3":"status-publish","4":"has-post-thumbnail","6":"product_cat-happy-feed-kopek","8":"first","9":"instock","10":"shipping-taxable","11":"product-type-simple"},"_links":{"self":[{"href":"https:\/\/petpromax.com\/index.php\/wp-json\/wp\/v2\/product\/1388","targetHints":{"allow":["GET"]}}],"collection":[{"href":"https:\/\/petpromax.com\/index.php\/wp-json\/wp\/v2\/product"}],"about":[{"href":"https:\/\/petpromax.com\/index.php\/wp-json\/wp\/v2\/types\/product"}],"version-history":[{"count":0,"href":"https:\/\/petpromax.com\/index.php\/wp-json\/wp\/v2\/product\/1388\/revisions"}],"wp:featuredmedia":[{"embeddable":true,"href":"https:\/\/petpromax.com\/index.php\/wp-json\/wp\/v2\/media\/1476"}],"wp:attachment":[{"href":"https:\/\/petpromax.com\/index.php\/wp-json\/wp\/v2\/media?parent=1388"}],"wp:term":[{"taxonomy":"product_brand","embeddable":true,"href":"https:\/\/petpromax.com\/index.php\/wp-json\/wp\/v2\/product_brand?post=1388"},{"taxonomy":"product_cat","embeddable":true,"href":"https:\/\/petpromax.com\/index.php\/wp-json\/wp\/v2\/product_cat?post=1388"},{"taxonomy":"product_tag","embeddable":true,"href":"https:\/\/petpromax.com\/index.php\/wp-json\/wp\/v2\/product_tag?post=1388"}],"curies":[{"name":"wp","href":"https:\/\/api.w.org\/{rel}","templated":true}]}}