{"id":1382,"date":"2025-01-30T20:58:09","date_gmt":"2025-01-30T20:58:09","guid":{"rendered":"https:\/\/petpromax.com\/?post_type=product&#038;p=1382"},"modified":"2025-01-30T23:30:50","modified_gmt":"2025-01-30T23:30:50","slug":"new-happy-feed-kuzu-etli-yavru-kedi-mamasi-2-kg","status":"publish","type":"product","link":"https:\/\/petpromax.com\/index.php\/urun\/new-happy-feed-kuzu-etli-yavru-kedi-mamasi-2-kg\/","title":{"rendered":"New Happy Feed Kuzu Etli Yavru Kedi Mamas\u0131 2 Kg"},"content":{"rendered":"<p>Yavru kedinizin sa\u011fl\u0131kl\u0131 bir \u015fekilde b\u00fcy\u00fcmesi ve geli\u015fmesi i\u00e7in New Happy Feed Kuzu Etli Yavru Kedi Mamas\u0131 m\u00fckemmel bir se\u00e7imdir. Y\u00fcksek kaliteli kuzu etiyle zenginle\u015ftirilmi\u015f bu mama, yavru kedinizin kas geli\u015fimini desteklerken, ona sa\u011fl\u0131kl\u0131 bir ba\u015flang\u0131\u00e7 sunar.<\/p>\n<p>Kuzu eti, yavru kedinizin ihtiya\u00e7 duydu\u011fu y\u00fcksek kaliteli proteinleri sa\u011flar ve b\u00fcy\u00fcme s\u00fcrecinde g\u00fc\u00e7l\u00fc bir temel olu\u015fturur. \u0130\u00e7eri\u011findeki vitaminler ve mineraller, yavru kedinizin ba\u011f\u0131\u015f\u0131kl\u0131k sistemini g\u00fc\u00e7lendirir, t\u00fcylerinin sa\u011fl\u0131kl\u0131 olmas\u0131na yard\u0131mc\u0131 olur ve genel sa\u011fl\u0131\u011f\u0131n\u0131 iyile\u015ftirir. Ayr\u0131ca, mama i\u00e7eri\u011findeki dengeli ya\u011f asitleri, sindirim sa\u011fl\u0131\u011f\u0131n\u0131 destekler ve yavru kedinin enerjik bir ya\u015fam s\u00fcrmesini sa\u011flar.<\/p>\n<p>New Happy Feed Kuzu Etli Yavru Kedi Mamas\u0131, yavru kedinizin t\u00fcm beslenme ihtiya\u00e7lar\u0131n\u0131 kar\u015f\u0131layarak ona sa\u011fl\u0131kl\u0131 bir geli\u015fim sunar. Lezzetli tad\u0131 sayesinde yavrunuzun i\u015ftah\u0131n\u0131 a\u00e7ar ve sa\u011fl\u0131kl\u0131 bir \u015fekilde beslenmesini sa\u011flar.<\/p>\n<p><strong>Kedilerin sa\u011fl\u0131kl\u0131, mutlu ve enerjik bir ya\u015fam s\u00fcrmesi i\u00e7in do\u011fru beslenme \u00e7\u00f6z\u00fcm\u00fc olarak % 75 Hayvansal Protein i\u00e7ermektedir.<\/strong><\/p>\n<p>&nbsp;<\/p>\n<p>\u0130\u00c7\u0130NDEK\u0130LER: \u0130\u015flenmi\u015f kuzu proteini, i\u015flenmi\u015f hayvansal protein, bu\u011fday, m\u0131s\u0131r, pirin\u00e7, hayvansal ya\u011f, m\u0131s\u0131r gluteni, ci\u011fer aromas\u0131, bonkalit, tuz.<\/p>\n<p>M\u0130NERALLER: Kalsiyum, fosfor, sodyum, iyot, \u00e7inko, bak\u0131r, potasyum klor\u00fcr, demir, selenyum<\/p>\n<p>V\u0130TAM\u0130NLER: Vit. A, Vit. D, Vit. E, Vit. C, Vit. B1-B2-B3 (Niasin) -B6, B12-B7 (Biotin) -B9 (Folik asit), Vit. K, Kolin, Kalsiyum, Pantotetan<\/p>\n","protected":false},"excerpt":{"rendered":"<table width=\"227\">\n<tbody>\n<tr>\n<td colspan=\"2\" width=\"227\"><strong>ANAL\u0130T\u0130K B\u0130LE\u015eENLER<\/strong><\/td>\n<\/tr>\n<tr>\n<td width=\"195\"><strong>Ham Protein<\/strong><\/td>\n<td width=\"32\">34%<\/td>\n<\/tr>\n<tr>\n<td width=\"195\"><strong>Ham Ya\u011f<\/strong><\/td>\n<td width=\"32\">16%<\/td>\n<\/tr>\n<tr>\n<td width=\"195\"><strong>Ham Sel\u00fcloz<\/strong><\/td>\n<td width=\"32\">3,5%<\/td>\n<\/tr>\n<tr>\n<td width=\"195\"><strong>Ham K\u00fcl<\/strong><\/td>\n<td width=\"32\">10%<\/td>\n<\/tr>\n<\/tbody>\n<\/table>\n","protected":false},"featured_media":1467,"template":"","meta":{"om_disable_all_campaigns":false},"product_brand":[],"product_cat":[92],"product_tag":[],"class_list":{"0":"post-1382","1":"product","2":"type-product","3":"status-publish","4":"has-post-thumbnail","6":"product_cat-happy-feed-kedi","8":"first","9":"instock","10":"shipping-taxable","11":"product-type-simple"},"_links":{"self":[{"href":"https:\/\/petpromax.com\/index.php\/wp-json\/wp\/v2\/product\/1382","targetHints":{"allow":["GET"]}}],"collection":[{"href":"https:\/\/petpromax.com\/index.php\/wp-json\/wp\/v2\/product"}],"about":[{"href":"https:\/\/petpromax.com\/index.php\/wp-json\/wp\/v2\/types\/product"}],"version-history":[{"count":0,"href":"https:\/\/petpromax.com\/index.php\/wp-json\/wp\/v2\/product\/1382\/revisions"}],"wp:featuredmedia":[{"embeddable":true,"href":"https:\/\/petpromax.com\/index.php\/wp-json\/wp\/v2\/media\/1467"}],"wp:attachment":[{"href":"https:\/\/petpromax.com\/index.php\/wp-json\/wp\/v2\/media?parent=1382"}],"wp:term":[{"taxonomy":"product_brand","embeddable":true,"href":"https:\/\/petpromax.com\/index.php\/wp-json\/wp\/v2\/product_brand?post=1382"},{"taxonomy":"product_cat","embeddable":true,"href":"https:\/\/petpromax.com\/index.php\/wp-json\/wp\/v2\/product_cat?post=1382"},{"taxonomy":"product_tag","embeddable":true,"href":"https:\/\/petpromax.com\/index.php\/wp-json\/wp\/v2\/product_tag?post=1382"}],"curies":[{"name":"wp","href":"https:\/\/api.w.org\/{rel}","templated":true}]}}