{"id":1381,"date":"2025-01-30T20:55:39","date_gmt":"2025-01-30T20:55:39","guid":{"rendered":"https:\/\/petpromax.com\/?post_type=product&#038;p=1381"},"modified":"2025-01-30T23:34:06","modified_gmt":"2025-01-30T23:34:06","slug":"new-happy-feed-tavuk-etli-kuzu-etli-somonlu-yetiskin-kedi-mamasi-2-kg","status":"publish","type":"product","link":"https:\/\/petpromax.com\/index.php\/urun\/new-happy-feed-tavuk-etli-kuzu-etli-somonlu-yetiskin-kedi-mamasi-2-kg\/","title":{"rendered":"New Happy Feed Tavuk Etli &#038; Kuzu Etli &#038; Somonlu Yeti\u015fkin Kedi Mamas\u0131 2 Kg"},"content":{"rendered":"<p>Kedinizin sa\u011fl\u0131kl\u0131 ve dengeli bir \u015fekilde beslenmesi i\u00e7in New Happy Feed Tavuk Etli &amp; Kuzu Etli &amp; Somonlu Yeti\u015fkin Kedi Mamas\u0131 m\u00fckemmel bir tercihtir. Tavuk, kuzu ve somonun birle\u015fimiyle sunulan bu \u00f6zel form\u00fcl, kedinizin t\u00fcm beslenme ihtiya\u00e7lar\u0131n\u0131 kar\u015f\u0131layarak ona sa\u011fl\u0131kl\u0131, enerjik bir ya\u015fam sunar.<\/p>\n<p>Tavuk eti, kedinizin kas yap\u0131s\u0131n\u0131 destekleyen y\u00fcksek kaliteli protein kayna\u011f\u0131d\u0131r. Kuzu eti, zengin protein i\u00e7eri\u011fiyle kas geli\u015fimini ve enerji seviyelerini iyile\u015ftirirken, somon ise omega-3 ya\u011f asitleri ile cilt ve t\u00fcy sa\u011fl\u0131\u011f\u0131n\u0131 destekler. Bu \u00fc\u00e7l\u00fc bile\u015fim, kedinizin sa\u011fl\u0131kl\u0131 bir \u015fekilde b\u00fcy\u00fcmesini, t\u00fcylerinin parlak ve g\u00fc\u00e7l\u00fc olmas\u0131n\u0131 sa\u011flar.<\/p>\n<p>\u0130\u00e7eri\u011findeki vitaminler, mineraller ve dengeli ya\u011f asitleri, kedinizin ba\u011f\u0131\u015f\u0131kl\u0131k sistemini g\u00fc\u00e7lendirir, sindirim sa\u011fl\u0131\u011f\u0131n\u0131 iyile\u015ftirir ve genel sa\u011fl\u0131\u011f\u0131n\u0131 destekler. Lezzetli tad\u0131 sayesinde kedinizin i\u015ftah\u0131n\u0131 a\u00e7ar ve her \u00f6\u011f\u00fcnde keyifle t\u00fcketmesini sa\u011flar.<\/p>\n<p>New Happy Feed Tavuk Etli &amp; Kuzu Etli &amp; Somonlu Yeti\u015fkin Kedi Mamas\u0131, kedinizin sa\u011fl\u0131kl\u0131, mutlu ve enerjik bir ya\u015fam s\u00fcrmesi i\u00e7in ideal bir beslenme \u00e7\u00f6z\u00fcm\u00fcd\u00fcr.<\/p>\n<p><strong>Kedilerin sa\u011fl\u0131kl\u0131, mutlu ve enerjik bir ya\u015fam s\u00fcrmesi i\u00e7in do\u011fru beslenme \u00e7\u00f6z\u00fcm\u00fc olarak % 75 Hayvansal Protein i\u00e7ermektedir.<\/strong><\/p>\n<p>\u0130\u00c7\u0130NDEK\u0130LER: \u0130\u015flenmi\u015f tavuk, kuzu, somon proteini, i\u015flenmi\u015f hayvansal protein, bu\u011fday, m\u0131s\u0131r, pirin\u00e7, hayvansal ya\u011f, m\u0131s\u0131r gluteni, ci\u011fer aromas\u0131, bonkalit, tuz.<\/p>\n<p>M\u0130NERALLER: Kalsiyum, fosfor, sodyum, iyot, \u00e7inko, bak\u0131r, potasyum klor\u00fcr, demir, selenyum<\/p>\n<p>V\u0130TAM\u0130NLER: Vit. A, Vit. D, Vit. E, Vit. C, Vit. B1-B2-B3 (Niasin) -B6, B12-B7 (Biotin) -B9 (Folik asit), Vit. K, Kolin, Kalsiyum, Pantotetan<\/p>\n","protected":false},"excerpt":{"rendered":"<table width=\"227\">\n<tbody>\n<tr>\n<td colspan=\"2\" width=\"227\"><strong>ANAL\u0130T\u0130K B\u0130LE\u015eENLER<\/strong><\/td>\n<\/tr>\n<tr>\n<td width=\"195\"><strong>Ham Protein<\/strong><\/td>\n<td width=\"32\">27%<\/td>\n<\/tr>\n<tr>\n<td width=\"195\"><strong>Ham Ya\u011f<\/strong><\/td>\n<td width=\"32\">10%<\/td>\n<\/tr>\n<tr>\n<td width=\"195\"><strong>Ham Sel\u00fcloz<\/strong><\/td>\n<td width=\"32\">3,5%<\/td>\n<\/tr>\n<tr>\n<td width=\"195\"><strong>Ham K\u00fcl<\/strong><\/td>\n<td width=\"32\">10%<\/td>\n<\/tr>\n<\/tbody>\n<\/table>\n","protected":false},"featured_media":1461,"template":"","meta":{"om_disable_all_campaigns":false},"product_brand":[],"product_cat":[92],"product_tag":[],"class_list":{"0":"post-1381","1":"product","2":"type-product","3":"status-publish","4":"has-post-thumbnail","6":"product_cat-happy-feed-kedi","8":"first","9":"instock","10":"shipping-taxable","11":"product-type-simple"},"_links":{"self":[{"href":"https:\/\/petpromax.com\/index.php\/wp-json\/wp\/v2\/product\/1381","targetHints":{"allow":["GET"]}}],"collection":[{"href":"https:\/\/petpromax.com\/index.php\/wp-json\/wp\/v2\/product"}],"about":[{"href":"https:\/\/petpromax.com\/index.php\/wp-json\/wp\/v2\/types\/product"}],"version-history":[{"count":1,"href":"https:\/\/petpromax.com\/index.php\/wp-json\/wp\/v2\/product\/1381\/revisions"}],"predecessor-version":[{"id":1383,"href":"https:\/\/petpromax.com\/index.php\/wp-json\/wp\/v2\/product\/1381\/revisions\/1383"}],"wp:featuredmedia":[{"embeddable":true,"href":"https:\/\/petpromax.com\/index.php\/wp-json\/wp\/v2\/media\/1461"}],"wp:attachment":[{"href":"https:\/\/petpromax.com\/index.php\/wp-json\/wp\/v2\/media?parent=1381"}],"wp:term":[{"taxonomy":"product_brand","embeddable":true,"href":"https:\/\/petpromax.com\/index.php\/wp-json\/wp\/v2\/product_brand?post=1381"},{"taxonomy":"product_cat","embeddable":true,"href":"https:\/\/petpromax.com\/index.php\/wp-json\/wp\/v2\/product_cat?post=1381"},{"taxonomy":"product_tag","embeddable":true,"href":"https:\/\/petpromax.com\/index.php\/wp-json\/wp\/v2\/product_tag?post=1381"}],"curies":[{"name":"wp","href":"https:\/\/api.w.org\/{rel}","templated":true}]}}