{"id":1380,"date":"2025-01-30T20:54:21","date_gmt":"2025-01-30T20:54:21","guid":{"rendered":"https:\/\/petpromax.com\/?post_type=product&#038;p=1380"},"modified":"2025-01-30T23:29:52","modified_gmt":"2025-01-30T23:29:52","slug":"new-happy-feed-somonlu-kisirlastirilmis-kedi-mamasi-2-kg","status":"publish","type":"product","link":"https:\/\/petpromax.com\/index.php\/urun\/new-happy-feed-somonlu-kisirlastirilmis-kedi-mamasi-2-kg\/","title":{"rendered":"New Happy Feed Somonlu K\u0131s\u0131rla\u015ft\u0131r\u0131lm\u0131\u015f Kedi Mamas\u0131 2 Kg"},"content":{"rendered":"<p>K\u0131s\u0131rla\u015ft\u0131r\u0131lm\u0131\u015f kedinizin \u00f6zel beslenme ihtiya\u00e7lar\u0131n\u0131 kar\u015f\u0131lamak i\u00e7in New Happy Feed Somonlu K\u0131s\u0131rla\u015ft\u0131r\u0131lm\u0131\u015f Kedi Mamas\u0131 m\u00fckemmel bir tercihtir. Somonun zengin omega-3 ya\u011f asitleri ile form\u00fcle edilen bu mama, kedinizin kilo kontrol\u00fcn\u00fc desteklerken, cilt ve t\u00fcy sa\u011fl\u0131\u011f\u0131n\u0131 iyile\u015ftirir.<\/p>\n<p>Somon, y\u00fcksek kaliteli protein ve sa\u011fl\u0131kl\u0131 ya\u011f asitleri ile kedinizin kas geli\u015fimini destekler ve kalp sa\u011fl\u0131\u011f\u0131n\u0131 g\u00fc\u00e7lendirir. Omega-3 ya\u011f asitleri, kedinizin cildini nemlendirir ve t\u00fcylerinin parlak ve sa\u011fl\u0131kl\u0131 olmas\u0131na yard\u0131mc\u0131 olur. \u0130\u00e7eri\u011findeki d\u00fc\u015f\u00fck kalorili form\u00fcl, k\u0131s\u0131rla\u015ft\u0131r\u0131lm\u0131\u015f kedinizin ideal kiloyu korumas\u0131na yard\u0131mc\u0131 olur ve a\u015f\u0131r\u0131 kilo al\u0131m\u0131n\u0131 \u00f6nler.<\/p>\n<p>New Happy Feed Somonlu K\u0131s\u0131rla\u015ft\u0131r\u0131lm\u0131\u015f Kedi Mamas\u0131, kedinizin t\u00fcm beslenme ihtiya\u00e7lar\u0131n\u0131 kar\u015f\u0131layarak sa\u011fl\u0131kl\u0131 bir ya\u015fam s\u00fcrmesini destekler. Lezzetli tad\u0131 sayesinde kedinizin i\u015ftah\u0131n\u0131 a\u00e7ar ve her \u00f6\u011f\u00fcnde keyifle t\u00fcketmesini sa\u011flar.<\/p>\n<p><strong>Kedilerin sa\u011fl\u0131kl\u0131, mutlu ve enerjik bir ya\u015fam s\u00fcrmesi i\u00e7in do\u011fru beslenme \u00e7\u00f6z\u00fcm\u00fc olarak % 75 Hayvansal Protein i\u00e7ermektedir.<\/strong><\/p>\n<p>\u0130\u00c7\u0130NDEK\u0130LER: \u0130\u015flenmi\u015f somon proteini, i\u015flenmi\u015f hayvansal protein, bu\u011fday, m\u0131s\u0131r, pirin\u00e7, hayvansal ya\u011f, m\u0131s\u0131r gluteni, ci\u011fer aromas\u0131, bonkalit, tuz.<\/p>\n<p>M\u0130NERALLER: Kalsiyum, fosfor, sodyum, iyot, \u00e7inko, bak\u0131r, potasyum klor\u00fcr, demir, selenyum<\/p>\n<p>V\u0130TAM\u0130NLER: Vit. A, Vit. D, Vit. E, Vit. C, Vit. B1-B2-B3 (Niasin) -B6, B12-B7 (Biotin) -B9 (Folik asit), Vit. K, Kolin, Kalsiyum Pantotetan<\/p>\n","protected":false},"excerpt":{"rendered":"<table width=\"227\">\n<tbody>\n<tr>\n<td colspan=\"2\" width=\"227\"><strong>ANAL\u0130T\u0130K B\u0130LE\u015eENLER<\/strong><\/td>\n<\/tr>\n<tr>\n<td width=\"195\"><strong>Ham Protein<\/strong><\/td>\n<td width=\"32\">30%<\/td>\n<\/tr>\n<tr>\n<td width=\"195\"><strong>Ham Ya\u011f<\/strong><\/td>\n<td width=\"32\">10%<\/td>\n<\/tr>\n<tr>\n<td width=\"195\"><strong>Ham Sel\u00fcloz<\/strong><\/td>\n<td width=\"32\">3,5%<\/td>\n<\/tr>\n<tr>\n<td width=\"195\"><strong>Ham K\u00fcl<\/strong><\/td>\n<td width=\"32\">10%<\/td>\n<\/tr>\n<\/tbody>\n<\/table>\n","protected":false},"featured_media":1468,"template":"","meta":{"om_disable_all_campaigns":false},"product_brand":[],"product_cat":[92],"product_tag":[],"class_list":{"0":"post-1380","1":"product","2":"type-product","3":"status-publish","4":"has-post-thumbnail","6":"product_cat-happy-feed-kedi","8":"first","9":"instock","10":"shipping-taxable","11":"product-type-simple"},"_links":{"self":[{"href":"https:\/\/petpromax.com\/index.php\/wp-json\/wp\/v2\/product\/1380","targetHints":{"allow":["GET"]}}],"collection":[{"href":"https:\/\/petpromax.com\/index.php\/wp-json\/wp\/v2\/product"}],"about":[{"href":"https:\/\/petpromax.com\/index.php\/wp-json\/wp\/v2\/types\/product"}],"version-history":[{"count":0,"href":"https:\/\/petpromax.com\/index.php\/wp-json\/wp\/v2\/product\/1380\/revisions"}],"wp:featuredmedia":[{"embeddable":true,"href":"https:\/\/petpromax.com\/index.php\/wp-json\/wp\/v2\/media\/1468"}],"wp:attachment":[{"href":"https:\/\/petpromax.com\/index.php\/wp-json\/wp\/v2\/media?parent=1380"}],"wp:term":[{"taxonomy":"product_brand","embeddable":true,"href":"https:\/\/petpromax.com\/index.php\/wp-json\/wp\/v2\/product_brand?post=1380"},{"taxonomy":"product_cat","embeddable":true,"href":"https:\/\/petpromax.com\/index.php\/wp-json\/wp\/v2\/product_cat?post=1380"},{"taxonomy":"product_tag","embeddable":true,"href":"https:\/\/petpromax.com\/index.php\/wp-json\/wp\/v2\/product_tag?post=1380"}],"curies":[{"name":"wp","href":"https:\/\/api.w.org\/{rel}","templated":true}]}}