{"id":1368,"date":"2025-01-30T20:34:46","date_gmt":"2025-01-30T20:34:46","guid":{"rendered":"https:\/\/petpromax.com\/?post_type=product&#038;p=1368"},"modified":"2025-01-30T23:17:59","modified_gmt":"2025-01-30T23:17:59","slug":"vegas-kuzu-etli-somonlu-yavru-kopek-mamasi-15-kg","status":"publish","type":"product","link":"https:\/\/petpromax.com\/index.php\/urun\/vegas-kuzu-etli-somonlu-yavru-kopek-mamasi-15-kg\/","title":{"rendered":"Vegas Kuzu Etli &#038; Somonlu Yavru K\u00f6pek Mamas\u0131 15 Kg"},"content":{"rendered":"<p>Yavru k\u00f6pe\u011finizin sa\u011fl\u0131kl\u0131 ve g\u00fc\u00e7l\u00fc bir \u015fekilde b\u00fcy\u00fcmesi i\u00e7in Vegas Kuzu Etli &amp; Somonlu Yavru K\u00f6pek Mamas\u0131 m\u00fckemmel bir tercihtir. Y\u00fcksek kaliteli kuzu eti ve somon i\u00e7erikleriyle zenginle\u015ftirilmi\u015f bu mama, yavru k\u00f6pe\u011finizin t\u00fcm geli\u015fim a\u015famalar\u0131nda ihtiya\u00e7 duydu\u011fu besinleri sa\u011flar.<\/p>\n<p>Kuzu eti, yavrunuzun kas geli\u015fimini destekleyen y\u00fcksek kaliteli protein kayna\u011f\u0131d\u0131r ve b\u00fcy\u00fcme s\u00fcrecine uyum sa\u011flar. Somon, omega-3 ya\u011f asitleri ile yavru k\u00f6pe\u011finizin kalp sa\u011fl\u0131\u011f\u0131n\u0131 ve ba\u011f\u0131\u015f\u0131kl\u0131k sistemini g\u00fc\u00e7lendirir, ayr\u0131ca t\u00fcylerinin parlak ve sa\u011fl\u0131kl\u0131 olmas\u0131na yard\u0131mc\u0131 olur. \u0130\u00e7eri\u011findeki dengeli vitamin ve mineraller, yavru k\u00f6pe\u011finizin sa\u011fl\u0131kl\u0131 bir \u015fekilde b\u00fcy\u00fcmesini ve enerjik bir ya\u015fam s\u00fcrmesini destekler.<\/p>\n<p>Vegas Kuzu Etli &amp; Somonlu Yavru K\u00f6pek Mamas\u0131, yavrunuzun t\u00fcm beslenme ihtiya\u00e7lar\u0131n\u0131 kar\u015f\u0131layarak ona sa\u011fl\u0131kl\u0131 bir geli\u015fim sunar. Lezzetli tad\u0131 sayesinde yavrunuzun i\u015ftah\u0131n\u0131 a\u00e7ar ve sa\u011fl\u0131kl\u0131 bir ba\u015flang\u0131\u00e7 yapmas\u0131na yard\u0131mc\u0131 olur.<\/p>\n<p>\u0130\u00c7\u0130NDEK\u0130LER: \u0130\u015flenmi\u015f kuzu &amp; somon proteini, et kemik unu, pirin\u00e7, m\u0131s\u0131r, tavuk unu, m\u0131s\u0131r gluteni, bu\u011fday, bu\u011fday kepe\u011fi, bal\u0131k unu, somon ya\u011f\u0131, tavuk ya\u011f\u0131, ke\u00e7iboynuzu k\u0131r\u0131\u011f\u0131, bira mayas\u0131, methionin, lisine, tuz, mineraller, vitaminler, aroma verici<\/p>\n<p>M\u0130NERALLER: Kalsiyum, fosfor, sodyum, iyot, \u00e7inko, bak\u0131r, potasyum klor\u00fcr, demir, selenyum<\/p>\n<p>V\u0130TAM\u0130NLER: : Vit. A 12500 \u0131u\/kg, Vit. D 1000 \u0131u\/kg, Vit. E 80mg\/kg, Vit. C 120 mg\/kg<\/p>\n","protected":false},"excerpt":{"rendered":"<table width=\"224\">\n<tbody>\n<tr>\n<td colspan=\"2\" width=\"224\"><strong>ANAL\u0130T\u0130K B\u0130LE\u015eENLER<\/strong><\/td>\n<\/tr>\n<tr>\n<td width=\"192\"><strong>Ham Protein<\/strong><\/td>\n<td width=\"32\">26%<\/td>\n<\/tr>\n<tr>\n<td width=\"192\"><strong>Ham Ya\u011f<\/strong><\/td>\n<td width=\"32\">18%<\/td>\n<\/tr>\n<tr>\n<td width=\"192\"><strong>Ham Sel\u00fcloz<\/strong><\/td>\n<td width=\"32\">3,5%<\/td>\n<\/tr>\n<tr>\n<td width=\"192\"><strong>Ham K\u00fcl<\/strong><\/td>\n<td width=\"32\">9%<\/td>\n<\/tr>\n<\/tbody>\n<\/table>\n","protected":false},"featured_media":1458,"template":"","meta":{"om_disable_all_campaigns":false},"product_brand":[],"product_cat":[91],"product_tag":[],"class_list":{"0":"post-1368","1":"product","2":"type-product","3":"status-publish","4":"has-post-thumbnail","6":"product_cat-vegas-kopek","8":"first","9":"instock","10":"shipping-taxable","11":"product-type-simple"},"_links":{"self":[{"href":"https:\/\/petpromax.com\/index.php\/wp-json\/wp\/v2\/product\/1368","targetHints":{"allow":["GET"]}}],"collection":[{"href":"https:\/\/petpromax.com\/index.php\/wp-json\/wp\/v2\/product"}],"about":[{"href":"https:\/\/petpromax.com\/index.php\/wp-json\/wp\/v2\/types\/product"}],"version-history":[{"count":0,"href":"https:\/\/petpromax.com\/index.php\/wp-json\/wp\/v2\/product\/1368\/revisions"}],"wp:featuredmedia":[{"embeddable":true,"href":"https:\/\/petpromax.com\/index.php\/wp-json\/wp\/v2\/media\/1458"}],"wp:attachment":[{"href":"https:\/\/petpromax.com\/index.php\/wp-json\/wp\/v2\/media?parent=1368"}],"wp:term":[{"taxonomy":"product_brand","embeddable":true,"href":"https:\/\/petpromax.com\/index.php\/wp-json\/wp\/v2\/product_brand?post=1368"},{"taxonomy":"product_cat","embeddable":true,"href":"https:\/\/petpromax.com\/index.php\/wp-json\/wp\/v2\/product_cat?post=1368"},{"taxonomy":"product_tag","embeddable":true,"href":"https:\/\/petpromax.com\/index.php\/wp-json\/wp\/v2\/product_tag?post=1368"}],"curies":[{"name":"wp","href":"https:\/\/api.w.org\/{rel}","templated":true}]}}