{"id":1328,"date":"2025-01-30T19:32:58","date_gmt":"2025-01-30T19:32:58","guid":{"rendered":"https:\/\/petpromax.com\/?post_type=product&#038;p=1328"},"modified":"2025-01-30T22:46:46","modified_gmt":"2025-01-30T22:46:46","slug":"london-biftekli-yavru-kopek-mamasi-3-kg","status":"publish","type":"product","link":"https:\/\/petpromax.com\/index.php\/urun\/london-biftekli-yavru-kopek-mamasi-3-kg\/","title":{"rendered":"London Biftekli Yavru K\u00f6pek Mamas\u0131 3 Kg"},"content":{"rendered":"<p>Yavru k\u00f6pe\u011finizin sa\u011fl\u0131kl\u0131 b\u00fcy\u00fcme s\u00fcrecine destek olmak i\u00e7in en iyi beslenme se\u00e7ene\u011fini ar\u0131yorsan\u0131z, London Biftekli Yavru K\u00f6pek Mamas\u0131 m\u00fckemmel bir tercihtir. Y\u00fcksek kaliteli biftek eti ile zenginle\u015ftirilen bu mama, yavru k\u00f6pe\u011finizin kas geli\u015fimini desteklerken, ona lezzetli ve besleyici bir \u00f6\u011f\u00fcn sunar.<\/p>\n<p>Biftek, yavrunuzun b\u00fcy\u00fcme d\u00f6neminde ihtiya\u00e7 duydu\u011fu kaliteli protein kayna\u011f\u0131d\u0131r. Ayr\u0131ca, i\u00e7erdi\u011fi dengeli ya\u011f asitleri, vitaminler ve minerallerle ba\u011f\u0131\u015f\u0131kl\u0131k sistemini g\u00fc\u00e7lendirir, sa\u011fl\u0131kl\u0131 t\u00fcylerin geli\u015fimine yard\u0131mc\u0131 olur ve genel sa\u011fl\u0131\u011f\u0131n\u0131 iyile\u015ftirir.<\/p>\n<p>London Biftekli Yavru K\u00f6pek Mamas\u0131, yavru k\u00f6peklerin hassas sindirim sistemine uygun olarak form\u00fcle edilmi\u015ftir ve sindirimi kolay bile\u015fenlerle zenginle\u015ftirilmi\u015ftir. Yavrunuzun enerji ihtiyac\u0131n\u0131 kar\u015f\u0131layarak, sa\u011fl\u0131kl\u0131 bir \u015fekilde b\u00fcy\u00fcmesini ve geli\u015fmesini destekler.<\/p>\n<p>\u0130\u00c7\u0130NDEK\u0130LER: \u0130\u015flenmi\u015f biftek proteini, et kemik unu, pirin\u00e7, m\u0131s\u0131r, tavuk unu, m\u0131s\u0131r gluteni, bu\u011fday, bu\u011fday kepe\u011fi, bal\u0131k unu, somon ya\u011f\u0131, tavuk ya\u011f\u0131, ke\u00e7iboynuzu k\u0131r\u0131\u011f\u0131, bira mayas\u0131, methionin, lisine, tuz, mineraller, vitaminler, aroma verici<\/p>\n<p>M\u0130NERALLER: Kalsiyum, fosfor, sodyum, iyot, \u00e7inko, bak\u0131r, potasyum klor\u00fcr, demir, selenyum<\/p>\n<p>V\u0130TAM\u0130NLER: Vit. A 12500 \u0131u\/kg, Vit. D 1000 \u0131u\/kg, Vit. E 80mg\/kg, Vit. C 120 mg\/kg<\/p>\n","protected":false},"excerpt":{"rendered":"<table width=\"216\">\n<tbody>\n<tr>\n<td width=\"158\"><strong>ANAL\u0130T\u0130K B\u0130LE\u015eENLER<\/strong><\/td>\n<td width=\"59\"><\/td>\n<\/tr>\n<tr>\n<td width=\"158\"><strong>Ham Protein<\/strong><\/td>\n<td width=\"59\">26%<\/td>\n<\/tr>\n<tr>\n<td width=\"158\"><strong>Ham Ya\u011f<\/strong><\/td>\n<td width=\"59\">16%<\/td>\n<\/tr>\n<tr>\n<td width=\"158\"><strong>Ham Sel\u00fcloz<\/strong><\/td>\n<td width=\"59\">3,5%<\/td>\n<\/tr>\n<tr>\n<td width=\"158\"><strong>Ham K\u00fcl<\/strong><\/td>\n<td width=\"59\">9,5%<\/td>\n<\/tr>\n<\/tbody>\n<\/table>\n","protected":false},"featured_media":1434,"template":"","meta":{"om_disable_all_campaigns":false},"product_brand":[],"product_cat":[87],"product_tag":[],"class_list":{"0":"post-1328","1":"product","2":"type-product","3":"status-publish","4":"has-post-thumbnail","6":"product_cat-london-kopek","8":"first","9":"instock","10":"shipping-taxable","11":"product-type-simple"},"_links":{"self":[{"href":"https:\/\/petpromax.com\/index.php\/wp-json\/wp\/v2\/product\/1328","targetHints":{"allow":["GET"]}}],"collection":[{"href":"https:\/\/petpromax.com\/index.php\/wp-json\/wp\/v2\/product"}],"about":[{"href":"https:\/\/petpromax.com\/index.php\/wp-json\/wp\/v2\/types\/product"}],"version-history":[{"count":0,"href":"https:\/\/petpromax.com\/index.php\/wp-json\/wp\/v2\/product\/1328\/revisions"}],"wp:featuredmedia":[{"embeddable":true,"href":"https:\/\/petpromax.com\/index.php\/wp-json\/wp\/v2\/media\/1434"}],"wp:attachment":[{"href":"https:\/\/petpromax.com\/index.php\/wp-json\/wp\/v2\/media?parent=1328"}],"wp:term":[{"taxonomy":"product_brand","embeddable":true,"href":"https:\/\/petpromax.com\/index.php\/wp-json\/wp\/v2\/product_brand?post=1328"},{"taxonomy":"product_cat","embeddable":true,"href":"https:\/\/petpromax.com\/index.php\/wp-json\/wp\/v2\/product_cat?post=1328"},{"taxonomy":"product_tag","embeddable":true,"href":"https:\/\/petpromax.com\/index.php\/wp-json\/wp\/v2\/product_tag?post=1328"}],"curies":[{"name":"wp","href":"https:\/\/api.w.org\/{rel}","templated":true}]}}