{"id":1327,"date":"2025-01-30T19:31:54","date_gmt":"2025-01-30T19:31:54","guid":{"rendered":"https:\/\/petpromax.com\/?post_type=product&#038;p=1327"},"modified":"2025-01-30T22:45:47","modified_gmt":"2025-01-30T22:45:47","slug":"london-biftekli-kucuk-irk-kopek-mamasi-3-kg","status":"publish","type":"product","link":"https:\/\/petpromax.com\/index.php\/urun\/london-biftekli-kucuk-irk-kopek-mamasi-3-kg\/","title":{"rendered":"London Biftekli K\u00fc\u00e7\u00fck Irk K\u00f6pek Mamas\u0131 3 Kg"},"content":{"rendered":"<p>K\u00fc\u00e7\u00fck \u0131rk k\u00f6pekler i\u00e7in \u00f6zel olarak form\u00fcle edilmi\u015f London Biftekli K\u00fc\u00e7\u00fck Irk K\u00f6pek Mamas\u0131, sevimli dostunuzun sa\u011fl\u0131kl\u0131 geli\u015fimini desteklerken, ona lezzetli bir beslenme deneyimi sunar. Y\u00fcksek kaliteli biftek eti ile zenginle\u015ftirilen bu mama, k\u00fc\u00e7\u00fck \u0131rk k\u00f6peklerin y\u00fcksek enerji ihtiya\u00e7lar\u0131n\u0131 kar\u015f\u0131lamak i\u00e7in m\u00fckemmel bir se\u00e7enektir.<\/p>\n<p>Biftek, k\u00f6pe\u011finizin kas geli\u015fimini destekleyen y\u00fcksek kaliteli protein kayna\u011f\u0131 sa\u011flar. Ayr\u0131ca, i\u00e7eri\u011findeki vitaminler, mineraller ve dengeli ya\u011f asitleri, k\u00f6pe\u011finizin t\u00fcylerinin parlak ve sa\u011fl\u0131kl\u0131 olmas\u0131na yard\u0131mc\u0131 olur, cilt sa\u011fl\u0131\u011f\u0131n\u0131 iyile\u015ftirir ve ba\u011f\u0131\u015f\u0131kl\u0131k sistemini g\u00fc\u00e7lendirir.<\/p>\n<p>London Biftekli K\u00fc\u00e7\u00fck Irk K\u00f6pek Mamas\u0131, k\u00fc\u00e7\u00fck \u0131rk k\u00f6peklerin hassas sindirim sistemine uyum sa\u011flayacak \u015fekilde form\u00fcle edilmi\u015ftir. Lezzetli tad\u0131 sayesinde k\u00f6pe\u011finizin i\u015ftah\u0131n\u0131 a\u00e7ar ve her \u00f6\u011f\u00fcn\u00fcn\u00fc keyifle t\u00fcketmesini sa\u011flar.<\/p>\n<p>\u0130\u00c7\u0130NDEK\u0130LER: \u0130\u015flenmi\u015f biftek proteini, et kemik unu, pirin\u00e7, m\u0131s\u0131r, tavuk unu, m\u0131s\u0131r gluteni, bu\u011fday, bu\u011fday kepe\u011fi, bal\u0131k unu, somon ya\u011f\u0131, tavuk ya\u011f\u0131, ke\u00e7iboynuzu k\u0131r\u0131\u011f\u0131, bira mayas\u0131, methionin, lisine, tuz, mineraller, vitaminler, aroma verici<\/p>\n<p>M\u0130NERALLER: Kalsiyum, fosfor, sodyum, iyot, \u00e7inko, bak\u0131r, potasyum klor\u00fcr, demir, selenyum<\/p>\n<p>V\u0130TAM\u0130NLER: Vit. A 12500 \u0131u\/kg, Vit. D 1000 \u0131u\/kg, Vit. E 80mg\/kg, Vit. C 120 mg\/kg<\/p>\n","protected":false},"excerpt":{"rendered":"<table width=\"213\">\n<tbody>\n<tr>\n<td width=\"155\"><strong>ANAL\u0130T\u0130K B\u0130LE\u015eENLER<\/strong><\/td>\n<td width=\"58\"><\/td>\n<\/tr>\n<tr>\n<td width=\"155\"><strong>Ham Protein<\/strong><\/td>\n<td width=\"58\">25%<\/td>\n<\/tr>\n<tr>\n<td width=\"155\"><strong>Ham Ya\u011f<\/strong><\/td>\n<td width=\"58\">12%<\/td>\n<\/tr>\n<tr>\n<td width=\"155\"><strong>Ham Sel\u00fcloz<\/strong><\/td>\n<td width=\"58\">3,5%<\/td>\n<\/tr>\n<tr>\n<td width=\"155\"><strong>Ham K\u00fcl<\/strong><\/td>\n<td width=\"58\">9,5%<\/td>\n<\/tr>\n<\/tbody>\n<\/table>\n","protected":false},"featured_media":1435,"template":"","meta":{"om_disable_all_campaigns":false},"product_brand":[],"product_cat":[87],"product_tag":[],"class_list":{"0":"post-1327","1":"product","2":"type-product","3":"status-publish","4":"has-post-thumbnail","6":"product_cat-london-kopek","8":"first","9":"instock","10":"shipping-taxable","11":"product-type-simple"},"_links":{"self":[{"href":"https:\/\/petpromax.com\/index.php\/wp-json\/wp\/v2\/product\/1327","targetHints":{"allow":["GET"]}}],"collection":[{"href":"https:\/\/petpromax.com\/index.php\/wp-json\/wp\/v2\/product"}],"about":[{"href":"https:\/\/petpromax.com\/index.php\/wp-json\/wp\/v2\/types\/product"}],"version-history":[{"count":0,"href":"https:\/\/petpromax.com\/index.php\/wp-json\/wp\/v2\/product\/1327\/revisions"}],"wp:featuredmedia":[{"embeddable":true,"href":"https:\/\/petpromax.com\/index.php\/wp-json\/wp\/v2\/media\/1435"}],"wp:attachment":[{"href":"https:\/\/petpromax.com\/index.php\/wp-json\/wp\/v2\/media?parent=1327"}],"wp:term":[{"taxonomy":"product_brand","embeddable":true,"href":"https:\/\/petpromax.com\/index.php\/wp-json\/wp\/v2\/product_brand?post=1327"},{"taxonomy":"product_cat","embeddable":true,"href":"https:\/\/petpromax.com\/index.php\/wp-json\/wp\/v2\/product_cat?post=1327"},{"taxonomy":"product_tag","embeddable":true,"href":"https:\/\/petpromax.com\/index.php\/wp-json\/wp\/v2\/product_tag?post=1327"}],"curies":[{"name":"wp","href":"https:\/\/api.w.org\/{rel}","templated":true}]}}