{"id":1294,"date":"2025-01-14T21:36:34","date_gmt":"2025-01-14T21:36:34","guid":{"rendered":"https:\/\/petpromax.com\/?post_type=product&#038;p=1294"},"modified":"2025-11-18T05:31:22","modified_gmt":"2025-11-18T02:31:22","slug":"food-elite-kuzu-etli-pirincli-yavru-kopek-mamasi-15-kg-3-kg","status":"publish","type":"product","link":"https:\/\/petpromax.com\/index.php\/urun\/food-elite-kuzu-etli-pirincli-yavru-kopek-mamasi-15-kg-3-kg\/","title":{"rendered":"Food Elite Kuzu Etli &#038; Pirin\u00e7li Yavru K\u00f6pek Mamas\u0131 15 Kg | 3 Kg"},"content":{"rendered":"<p>Yavru k\u00f6pe\u011finizin g\u00fcnl\u00fck enerji ve beslenme ihtiya\u00e7lar\u0131n\u0131 kar\u015f\u0131lamak i\u00e7in \u00f6zenle form\u00fcle edilmi\u015ftir. Y\u00fcksek kaliteli kuzu eti i\u00e7eri\u011fiyle haz\u0131rlanan bu mama, hem lezzet hem de sa\u011fl\u0131k a\u00e7\u0131s\u0131ndan k\u00f6pe\u011finize m\u00fckemmel bir deneyim sunar.<\/p>\n<p><em>Y\u00fcksek Kaliteli Protein:<\/em> Kuzu etinden elde edilen \u00fcst\u00fcn protein, g\u00fc\u00e7l\u00fc kas geli\u015fimini ve dayan\u0131kl\u0131l\u0131\u011f\u0131 destekler.<\/p>\n<p><em>Sindirim Kolayl\u0131\u011f\u0131:<\/em> Hassas sindirim sistemi i\u00e7in kolayca sindirilebilen i\u00e7erikler.<\/p>\n<p><em>Parlak T\u00fcyler ve Sa\u011fl\u0131kl\u0131 Cilt:<\/em> Omega-3 ve Omega-6 ya\u011f asitleriyle sa\u011fl\u0131kl\u0131 bir cilt ve parlak t\u00fcy yap\u0131s\u0131.<\/p>\n<p><em>Ba\u011f\u0131\u015f\u0131kl\u0131k Deste\u011fi:<\/em> Zengin vitamin ve mineral i\u00e7eri\u011fiyle k\u00f6pe\u011finizin ba\u011f\u0131\u015f\u0131kl\u0131k sistemini g\u00fc\u00e7lendirir.<\/p>\n<p><em>Enerji ve Dayan\u0131kl\u0131l\u0131k:<\/em> Yavru k\u00f6pekler i\u00e7in ideal ya\u011f ve enerji dengesiyle s\u00fcrekli enerji sa\u011flar.<\/p>\n<p>Food Elite Kuzu Etli ve Pirin\u00e7li Yavru K\u00f6pek Mamas\u0131, k\u00f6pe\u011finizin sa\u011fl\u0131\u011f\u0131n\u0131, mutlulu\u011funu ve ya\u015fam kalitesini desteklemek i\u00e7in ideal i\u00e7eriklerle haz\u0131rlanm\u0131\u015ft\u0131r. G\u00fcnl\u00fck beslenme ihtiya\u00e7lar\u0131n\u0131 kar\u015f\u0131larken, k\u00f6pe\u011finizin severek yiyece\u011fi e\u015fsiz bir lezzet sunar.<br \/>\n%<br \/>\n\u0130\u00c7\u0130NDEK\u0130LER: \u0130\u015flenmi\u015f hayvansal protein (%30 kuzu, %15 tavuk), bitkisel protein (%12), bu\u011fday, m\u0131s\u0131r, pirin\u00e7, bezelye, hayvansal ya\u011f (%7 tavuk), m\u0131s\u0131r gluteni, bonkalit, bitkisel lifler, do\u011fal aromalar, ci\u011fer aromas\u0131, bira mayas\u0131, metiyonin, lizin, selenyum 0,1 mg\/kg<\/p>\n<p>M\u0130NERALLER: Kalsiyum, fosfor, sodyum, iyot (3b202), \u00e7inko (3b605), bak\u0131r (3b405), potasyum klor\u00fcr, demir (3b103), selenyum (E8).<\/p>\n<p>V\u0130TAM\u0130NLER: Vitamin A (3a623a), Vitamin D (3a671), Vitamin E (3a700), Vitamin C (3a312), Vitamin B1 (3a821), B2 (3a), B3 (3a315), B6 \u200b\u200b(3a831), B7 (biyotin 3a880), B9 (folik asit 3a316), Vitamin K3 (3a710), kolin, pantotenat.<\/p>\n","protected":false},"excerpt":{"rendered":"<table width=\"217\">\n<tbody>\n<tr>\n<td width=\"185\"><strong>Ham Protein<\/strong><\/td>\n<td width=\"32\">32%<\/td>\n<\/tr>\n<tr>\n<td width=\"185\"><strong>Ham Ya\u011f<\/strong><\/td>\n<td width=\"32\">20%<\/td>\n<\/tr>\n<tr>\n<td width=\"185\"><strong>Ham Sel\u00fcloz<\/strong><\/td>\n<td width=\"32\">3,5%<\/td>\n<\/tr>\n<tr>\n<td width=\"185\"><strong>Ham K\u00fcl<\/strong><\/td>\n<td width=\"32\">8%<\/td>\n<\/tr>\n<\/tbody>\n<\/table>\n","protected":false},"featured_media":2748,"template":"","meta":{"om_disable_all_campaigns":false},"product_brand":[],"product_cat":[40,85],"product_tag":[],"class_list":{"0":"post-1294","1":"product","2":"type-product","3":"status-publish","4":"has-post-thumbnail","6":"product_cat-food-elite","7":"product_cat-food-elite-kopek","9":"first","10":"instock","11":"shipping-taxable","12":"product-type-simple"},"_links":{"self":[{"href":"https:\/\/petpromax.com\/index.php\/wp-json\/wp\/v2\/product\/1294","targetHints":{"allow":["GET"]}}],"collection":[{"href":"https:\/\/petpromax.com\/index.php\/wp-json\/wp\/v2\/product"}],"about":[{"href":"https:\/\/petpromax.com\/index.php\/wp-json\/wp\/v2\/types\/product"}],"version-history":[{"count":5,"href":"https:\/\/petpromax.com\/index.php\/wp-json\/wp\/v2\/product\/1294\/revisions"}],"predecessor-version":[{"id":2752,"href":"https:\/\/petpromax.com\/index.php\/wp-json\/wp\/v2\/product\/1294\/revisions\/2752"}],"wp:featuredmedia":[{"embeddable":true,"href":"https:\/\/petpromax.com\/index.php\/wp-json\/wp\/v2\/media\/2748"}],"wp:attachment":[{"href":"https:\/\/petpromax.com\/index.php\/wp-json\/wp\/v2\/media?parent=1294"}],"wp:term":[{"taxonomy":"product_brand","embeddable":true,"href":"https:\/\/petpromax.com\/index.php\/wp-json\/wp\/v2\/product_brand?post=1294"},{"taxonomy":"product_cat","embeddable":true,"href":"https:\/\/petpromax.com\/index.php\/wp-json\/wp\/v2\/product_cat?post=1294"},{"taxonomy":"product_tag","embeddable":true,"href":"https:\/\/petpromax.com\/index.php\/wp-json\/wp\/v2\/product_tag?post=1294"}],"curies":[{"name":"wp","href":"https:\/\/api.w.org\/{rel}","templated":true}]}}