{"id":1289,"date":"2025-01-14T21:32:53","date_gmt":"2025-01-14T21:32:53","guid":{"rendered":"https:\/\/petpromax.com\/?post_type=product&#038;p=1289"},"modified":"2025-11-18T05:04:32","modified_gmt":"2025-11-18T02:04:32","slug":"food-elite-somonlu-yetiskin-kedi-mamasi-15-kg-2-kg","status":"publish","type":"product","link":"https:\/\/petpromax.com\/index.php\/urun\/food-elite-somonlu-yetiskin-kedi-mamasi-15-kg-2-kg\/","title":{"rendered":"Food Elite Somonlu Yeti\u015fkin Kedi Mamas\u0131 15 Kg | 2 Kg"},"content":{"rendered":"<p>Yeti\u015fkin kedilerin ihtiya\u00e7 duydu\u011fu t\u00fcm besin \u00f6\u011felerini kar\u015f\u0131lamak i\u00e7in \u00f6zel olarak form\u00fcle edilmi\u015ftir. Y\u00fcksek kaliteli somon i\u00e7eri\u011fiyle zenginle\u015ftirilmi\u015f bu mama, kedinizin hem lezzetli hem de dengeli bir beslenme deneyimi ya\u015famas\u0131n\u0131 sa\u011flar.<\/p>\n<p><em>Y\u00fcksek Kaliteli Protein:<\/em> Somondan elde edilen \u00fcst\u00fcn protein, g\u00fc\u00e7l\u00fc kas k\u00fctlesini destekler ve kedinizin enerjisini art\u0131r\u0131r.<\/p>\n<p><em>Omega-3 ve Omega-6 Ya\u011f Asitleri:<\/em> Parlak t\u00fcyler ve sa\u011fl\u0131kl\u0131 bir cilt i\u00e7in gerekli ya\u011f asitleri ile zenginle\u015ftirilmi\u015ftir.<\/p>\n<p><em>Kolay Sindirim:<\/em> Hassas sindirime uygun i\u00e7erikler, kedinizin mide sa\u011fl\u0131\u011f\u0131n\u0131 korur.<\/p>\n<p><em>Ba\u011f\u0131\u015f\u0131kl\u0131k G\u00fc\u00e7lendirme:<\/em> Dengeli vitamin ve mineral i\u00e7eri\u011fi, ba\u011f\u0131\u015f\u0131kl\u0131k sistemini destekler ve kedinizin genel sa\u011fl\u0131\u011f\u0131n\u0131 iyile\u015ftirir.<\/p>\n<p><em>Sa\u011fl\u0131kl\u0131 Kilo Kontrol\u00fc:<\/em> Dengeli enerji ve ya\u011f i\u00e7eri\u011fi, kedinizin ideal kilosunu korumas\u0131na yard\u0131mc\u0131 olur.<\/p>\n<p>Food Elite Somonlu Yeti\u015fkin Kedi Mamas\u0131, do\u011fal i\u00e7erikleri ve \u00f6zenle haz\u0131rlanm\u0131\u015f form\u00fcl\u00fcyle kedinize \u00fcst\u00fcn bir beslenme deneyimi sunar. Kedinizin sa\u011fl\u0131kl\u0131, enerjik ve mutlu bir ya\u015fam s\u00fcrmesi i\u00e7in ona en iyisini verin.<\/p>\n<p>\u0130\u00c7\u0130NDEK\u0130LER: \u0130\u015flenmi\u015f somon proteini, i\u015flenmi\u015f hayvansal proteinler, bal\u0131k unu, et unu, tavuk unu, bu\u011fday, m\u0131s\u0131r, ci\u011fer aromas\u0131, bonkalit, ke\u00e7iboynuzu k\u0131r\u0131\u011f\u0131, bira mayas\u0131, taurin lisine methionine, hayvansal ya\u011f, somon ya\u011f\u0131, tavuk ya\u011f\u0131, pirin\u00e7, tuz, m\u0131s\u0131r gl\u00fcteni<\/p>\n<p>M\u0130NERALLER: Kalsiyum, fosfor, sodyum, iyot, \u00e7inko, bak\u0131r, potasyum klor\u00fcr, demir, selenyum<\/p>\n<p>V\u0130TAM\u0130NLER: Vit. A, Vit. D, Vit. E, Vit. C, Vit. B2-B3 (Nisasin)-B6-B12-B7 (Biotin)-B9 (Folik asit), Vit. K, kolin, kalsiyum, pantotetan<\/p>\n","protected":false},"excerpt":{"rendered":"<table width=\"217\">\n<tbody>\n<tr>\n<td colspan=\"2\" width=\"217\"><strong>ANAL\u0130T\u0130K B\u0130LE\u015eENLER<\/strong><\/td>\n<\/tr>\n<tr>\n<td width=\"185\"><strong>Ham Protein<\/strong><\/td>\n<td width=\"32\">35%<\/td>\n<\/tr>\n<tr>\n<td width=\"185\"><strong>Ham Ya\u011f<\/strong><\/td>\n<td width=\"32\">15%<\/td>\n<\/tr>\n<tr>\n<td width=\"185\"><strong>Ham Sel\u00fcloz<\/strong><\/td>\n<td width=\"32\">3,50%<\/td>\n<\/tr>\n<tr>\n<td width=\"185\"><strong>Ham K\u00fcl<\/strong><\/td>\n<td width=\"32\">8,15%<\/td>\n<\/tr>\n<\/tbody>\n<\/table>\n","protected":false},"featured_media":2727,"template":"","meta":{"om_disable_all_campaigns":false},"product_brand":[],"product_cat":[40,84],"product_tag":[],"class_list":{"0":"post-1289","1":"product","2":"type-product","3":"status-publish","4":"has-post-thumbnail","6":"product_cat-food-elite","7":"product_cat-food-elite-kedi","9":"first","10":"instock","11":"shipping-taxable","12":"product-type-simple"},"_links":{"self":[{"href":"https:\/\/petpromax.com\/index.php\/wp-json\/wp\/v2\/product\/1289","targetHints":{"allow":["GET"]}}],"collection":[{"href":"https:\/\/petpromax.com\/index.php\/wp-json\/wp\/v2\/product"}],"about":[{"href":"https:\/\/petpromax.com\/index.php\/wp-json\/wp\/v2\/types\/product"}],"version-history":[{"count":1,"href":"https:\/\/petpromax.com\/index.php\/wp-json\/wp\/v2\/product\/1289\/revisions"}],"predecessor-version":[{"id":1907,"href":"https:\/\/petpromax.com\/index.php\/wp-json\/wp\/v2\/product\/1289\/revisions\/1907"}],"wp:featuredmedia":[{"embeddable":true,"href":"https:\/\/petpromax.com\/index.php\/wp-json\/wp\/v2\/media\/2727"}],"wp:attachment":[{"href":"https:\/\/petpromax.com\/index.php\/wp-json\/wp\/v2\/media?parent=1289"}],"wp:term":[{"taxonomy":"product_brand","embeddable":true,"href":"https:\/\/petpromax.com\/index.php\/wp-json\/wp\/v2\/product_brand?post=1289"},{"taxonomy":"product_cat","embeddable":true,"href":"https:\/\/petpromax.com\/index.php\/wp-json\/wp\/v2\/product_cat?post=1289"},{"taxonomy":"product_tag","embeddable":true,"href":"https:\/\/petpromax.com\/index.php\/wp-json\/wp\/v2\/product_tag?post=1289"}],"curies":[{"name":"wp","href":"https:\/\/api.w.org\/{rel}","templated":true}]}}