{"id":1287,"date":"2025-01-14T21:31:26","date_gmt":"2025-01-14T21:31:26","guid":{"rendered":"https:\/\/petpromax.com\/?post_type=product&#038;p=1287"},"modified":"2025-11-18T05:10:55","modified_gmt":"2025-11-18T02:10:55","slug":"food-elite-somonlu-kisirlastirilmis-kedi-mamasi-15-kg-2-kg","status":"publish","type":"product","link":"https:\/\/petpromax.com\/index.php\/urun\/food-elite-somonlu-kisirlastirilmis-kedi-mamasi-15-kg-2-kg\/","title":{"rendered":"Food Elite Somonlu K\u0131s\u0131rla\u015ft\u0131r\u0131lm\u0131\u015f Kedi Mamas\u0131 15 Kg | 2 Kg"},"content":{"rendered":"<p>K\u0131s\u0131rla\u015ft\u0131r\u0131lm\u0131\u015f kediler, \u00f6zel bir bak\u0131m ve beslenme anlay\u0131\u015f\u0131na ihtiya\u00e7 duyar. Food Elite Somonlu K\u0131s\u0131rla\u015ft\u0131r\u0131lm\u0131\u015f Kedi Mamas\u0131, bu \u00f6zel ihtiya\u00e7lar\u0131 kar\u015f\u0131lamak i\u00e7in geli\u015ftirilmi\u015f, dengeli ve lezzetli bir beslenme \u00e7\u00f6z\u00fcm\u00fc sunar. \u00d6zenle se\u00e7ilen somon i\u00e7eri\u011fi, d\u00fc\u015f\u00fck ya\u011f oran\u0131 ve optimum protein dengesiyle, kedinizin formunu korumas\u0131na yard\u0131mc\u0131 olur.<\/p>\n<p><em>Kontroll\u00fc Kalori ve Ya\u011f Oran\u0131:<\/em> K\u0131s\u0131rla\u015ft\u0131r\u0131lm\u0131\u015f kedilerde kilo kontrol\u00fcn\u00fc destekleyen d\u00fc\u015f\u00fck ya\u011f i\u00e7eri\u011fi ve dengeli enerji form\u00fcl\u00fc.<\/p>\n<p><em>Y\u00fcksek Kaliteli Protein:<\/em> Somonun sa\u011flad\u0131\u011f\u0131 y\u00fcksek kaliteli protein ile kas k\u00fctlesini destekler.<\/p>\n<p><em>\u0130drar Yollar\u0131 Sa\u011fl\u0131\u011f\u0131:<\/em> \u00d6zel form\u00fcl\u00fcyle idrar yollar\u0131 problemlerine kar\u015f\u0131 destekleyici mineral dengesi sa\u011flar.<\/p>\n<p><em>Parlak T\u00fcyler ve Sa\u011fl\u0131kl\u0131 Cilt: <\/em>Somonun do\u011fal Omega-3, Omega-6 ve Omega-9 ya\u011f asitleri, kedinizin cilt sa\u011fl\u0131\u011f\u0131n\u0131 ve t\u00fcylerinin parlakl\u0131\u011f\u0131n\u0131 art\u0131r\u0131r.<\/p>\n<p><em>Kolay Sindirim:<\/em> Hassas mideye uygun zenginle\u015ftirilmi\u015f i\u00e7erik.<\/p>\n<p>Food Elite Somonlu K\u0131s\u0131rla\u015ft\u0131r\u0131lm\u0131\u015f Kedi Mamas\u0131, kedinizin ideal kilosunu korurken, ona lezzetli ve besleyici bir mama deneyimi sunar. K\u0131s\u0131rla\u015ft\u0131r\u0131lm\u0131\u015f kedilerin sa\u011fl\u0131kl\u0131, mutlu ve uzun bir ya\u015fam s\u00fcrmesine yard\u0131mc\u0131 olacak \u015fekilde \u00f6zenle haz\u0131rlanm\u0131\u015ft\u0131r.<\/p>\n<p>\u0130\u00c7\u0130NDEK\u0130LER: \u0130\u015flenmi\u015f somon proteini, i\u015flenmi\u015f Hayvansal Protein, Bu\u011fday, M\u0131s\u0131r, Pirin\u00e7, Hayvansal Ya\u011f, M\u0131s\u0131r Gluteni, Ci\u011fer Aromas\u0131, Bonkalit, Tuz<\/p>\n<p>M\u0130NERALLER: Kalsiyum, fosfor, sodyum, iyot, \u00e7inko, bak\u0131r, potasyum klor\u00fcr, demir, selenyum<\/p>\n<p>V\u0130TAM\u0130NLER: Vit. A, Vit. D, Vit. E, Vit. C, Vit. B2-B3 (Nisasin)-B6-B12-B7 (Biotin)-B9 (Folik asit), Vit. K, kolin, kalsiyum, pantotetan<\/p>\n","protected":false},"excerpt":{"rendered":"<table width=\"205\">\n<tbody>\n<tr>\n<td colspan=\"2\" width=\"205\"><strong>ANAL\u0130T\u0130K B\u0130LE\u015eENLER<\/strong><\/td>\n<\/tr>\n<tr>\n<td width=\"173\"><strong>Ham Protein<\/strong><\/td>\n<td width=\"32\">34%<\/td>\n<\/tr>\n<tr>\n<td width=\"173\"><strong>Ham Ya\u011f<\/strong><\/td>\n<td width=\"32\">11%<\/td>\n<\/tr>\n<tr>\n<td width=\"173\"><strong>Ham Sel\u00fcloz<\/strong><\/td>\n<td width=\"32\">3,5%<\/td>\n<\/tr>\n<tr>\n<td width=\"173\"><strong>Ham K\u00fcl<\/strong><\/td>\n<td width=\"32\">10%<\/td>\n<\/tr>\n<\/tbody>\n<\/table>\n","protected":false},"featured_media":2734,"template":"","meta":{"om_disable_all_campaigns":false},"product_brand":[],"product_cat":[40,84],"product_tag":[],"class_list":{"0":"post-1287","1":"product","2":"type-product","3":"status-publish","4":"has-post-thumbnail","6":"product_cat-food-elite","7":"product_cat-food-elite-kedi","9":"first","10":"instock","11":"shipping-taxable","12":"product-type-simple"},"_links":{"self":[{"href":"https:\/\/petpromax.com\/index.php\/wp-json\/wp\/v2\/product\/1287","targetHints":{"allow":["GET"]}}],"collection":[{"href":"https:\/\/petpromax.com\/index.php\/wp-json\/wp\/v2\/product"}],"about":[{"href":"https:\/\/petpromax.com\/index.php\/wp-json\/wp\/v2\/types\/product"}],"version-history":[{"count":1,"href":"https:\/\/petpromax.com\/index.php\/wp-json\/wp\/v2\/product\/1287\/revisions"}],"predecessor-version":[{"id":1909,"href":"https:\/\/petpromax.com\/index.php\/wp-json\/wp\/v2\/product\/1287\/revisions\/1909"}],"wp:featuredmedia":[{"embeddable":true,"href":"https:\/\/petpromax.com\/index.php\/wp-json\/wp\/v2\/media\/2734"}],"wp:attachment":[{"href":"https:\/\/petpromax.com\/index.php\/wp-json\/wp\/v2\/media?parent=1287"}],"wp:term":[{"taxonomy":"product_brand","embeddable":true,"href":"https:\/\/petpromax.com\/index.php\/wp-json\/wp\/v2\/product_brand?post=1287"},{"taxonomy":"product_cat","embeddable":true,"href":"https:\/\/petpromax.com\/index.php\/wp-json\/wp\/v2\/product_cat?post=1287"},{"taxonomy":"product_tag","embeddable":true,"href":"https:\/\/petpromax.com\/index.php\/wp-json\/wp\/v2\/product_tag?post=1287"}],"curies":[{"name":"wp","href":"https:\/\/api.w.org\/{rel}","templated":true}]}}