{"id":895,"date":"2024-11-28T13:47:13","date_gmt":"2024-11-28T13:47:13","guid":{"rendered":"https:\/\/petpromax.com\/index.php\/sepet\/"},"modified":"2025-01-14T19:45:54","modified_gmt":"2025-01-14T19:45:54","slug":"sepet","status":"publish","type":"page","link":"https:\/\/petpromax.com\/index.php\/sepet\/","title":{"rendered":"Sepet"},"content":{"rendered":"\n<div data-block-name=\"woocommerce\/cart\" class=\"wp-block-woocommerce-cart alignwide is-loading\">\n<div data-block-name=\"woocommerce\/filled-cart-block\" class=\"wp-block-woocommerce-filled-cart-block\">\n<div data-block-name=\"woocommerce\/cart-items-block\" class=\"wp-block-woocommerce-cart-items-block\">\n<div data-block-name=\"woocommerce\/cart-line-items-block\" class=\"wp-block-woocommerce-cart-line-items-block\"><\/div>\n\n\n\n<div data-block-name=\"woocommerce\/cart-cross-sells-block\" class=\"wp-block-woocommerce-cart-cross-sells-block\">\n<h2 class=\"wp-block-heading has-large-font-size\">\u0130lginizi \u00e7ekebilir\u2026<\/h2>\n\n\n\n<div data-block-name=\"woocommerce\/cart-cross-sells-products-block\" class=\"wp-block-woocommerce-cart-cross-sells-products-block\"><\/div>\n<\/div>\n<\/div>\n\n\n\n<div data-block-name=\"woocommerce\/cart-totals-block\" class=\"wp-block-woocommerce-cart-totals-block\">\n<div data-block-name=\"woocommerce\/cart-order-summary-block\" class=\"wp-block-woocommerce-cart-order-summary-block\">\n<div data-block-name=\"woocommerce\/cart-order-summary-heading-block\" class=\"wp-block-woocommerce-cart-order-summary-heading-block\"><\/div><div data-block-name=\"woocommerce\/cart-order-summary-coupon-form-block\" class=\"wp-block-woocommerce-cart-order-summary-coupon-form-block\"><\/div><div data-block-name=\"woocommerce\/cart-order-summary-totals-block\" class=\"wp-block-woocommerce-cart-order-summary-totals-block\">\n<div data-block-name=\"woocommerce\/cart-order-summary-subtotal-block\" class=\"wp-block-woocommerce-cart-order-summary-subtotal-block\"><\/div>\n<div data-block-name=\"woocommerce\/cart-order-summary-discount-block\" class=\"wp-block-woocommerce-cart-order-summary-discount-block\"><\/div>\n<div data-block-name=\"woocommerce\/cart-order-summary-fee-block\" class=\"wp-block-woocommerce-cart-order-summary-fee-block\"><\/div>\n<div data-block-name=\"woocommerce\/cart-order-summary-shipping-block\" class=\"wp-block-woocommerce-cart-order-summary-shipping-block\"><\/div>\n<div data-block-name=\"woocommerce\/cart-order-summary-taxes-block\" class=\"wp-block-woocommerce-cart-order-summary-taxes-block\"><\/div><\/div>\n<\/div>\n\n\n\n<div data-block-name=\"woocommerce\/cart-express-payment-block\" class=\"wp-block-woocommerce-cart-express-payment-block\"><\/div>\n\n\n\n<div data-block-name=\"woocommerce\/proceed-to-checkout-block\" class=\"wp-block-woocommerce-proceed-to-checkout-block\"><\/div>\n\n\n\n<div data-block-name=\"woocommerce\/cart-accepted-payment-methods-block\" class=\"wp-block-woocommerce-cart-accepted-payment-methods-block\"><\/div>\n<\/div>\n<\/div>\n\n\n\n<div data-block-name=\"woocommerce\/empty-cart-block\" class=\"wp-block-woocommerce-empty-cart-block\">\n<h2 class=\"wp-block-heading has-text-align-center with-empty-cart-icon wc-block-cart__empty-cart__title\">Sepetiniz \u015fu anda bo\u015f!<\/h2>\n\n\n\n<hr class=\"wp-block-separator has-alpha-channel-opacity is-style-dots\"\/>\n\n\n\n<h2 class=\"wp-block-heading has-text-align-center\">Ma\u011fazada yeni<\/h2>\n\n\n<div data-block-name=\"woocommerce\/product-new\" data-columns=\"4\" data-rows=\"1\" class=\"wc-block-grid wp-block-product-new wp-block-woocommerce-product-new wc-block-product-new has-4-columns\"><ul class=\"wc-block-grid__products\"><li class=\"wc-block-grid__product\">\n\t\t\t\t<a href=\"https:\/\/petpromax.com\/index.php\/urun\/food-elite-kuzu-etli-kucuk-irk-yetiskin-kopek-mamasi-15-kg-3-kg-kopya\/\" class=\"wc-block-grid__product-link\">\n\t\t\t\t\t\n\t\t\t\t\t<div class=\"wc-block-grid__product-image\"><img fetchpriority=\"high\" decoding=\"async\" width=\"300\" height=\"300\" src=\"https:\/\/petpromax.com\/wp-content\/uploads\/2025\/11\/foodelite_small-300x300.png\" class=\"attachment-woocommerce_thumbnail size-woocommerce_thumbnail\" alt=\"Food Elite Kuzu Etli Yeti\u015fkin K\u00fc\u00e7\u00fck Irk K\u00f6pek Mamas\u0131 15 Kg\" srcset=\"https:\/\/petpromax.com\/wp-content\/uploads\/2025\/11\/foodelite_small-300x300.png 300w, https:\/\/petpromax.com\/wp-content\/uploads\/2025\/11\/foodelite_small-150x150.png 150w, https:\/\/petpromax.com\/wp-content\/uploads\/2025\/11\/foodelite_small-100x100.png 100w\" sizes=\"(max-width: 300px) 100vw, 300px\" \/><\/div>\n\t\t\t\t\t<div class=\"wc-block-grid__product-title\">Food Elite Kuzu Etli Yeti\u015fkin K\u00fc\u00e7\u00fck Irk K\u00f6pek Mamas\u0131 15 Kg<\/div>\n\t\t\t\t<\/a>\n\t\t\t\t<div class=\"wc-block-grid__product-price price\"><\/div>\n\t\t\t\t\n\t\t\t\t<div class=\"wp-block-button wc-block-grid__product-add-to-cart\"><a href=\"https:\/\/petpromax.com\/index.php\/urun\/food-elite-kuzu-etli-kucuk-irk-yetiskin-kopek-mamasi-15-kg-3-kg-kopya\/\" aria-label=\"&ldquo;Food Elite Kuzu Etli Yeti\u015fkin K\u00fc\u00e7\u00fck Irk K\u00f6pek Mamas\u0131 15 Kg&rdquo; hakk\u0131nda daha fazla bilgi edinin\" data-quantity=\"1\" data-product_id=\"2758\" data-product_sku=\"\" data-price=\"0\" rel=\"nofollow\" class=\"wp-block-button__link  add_to_cart_button\">Devam\u0131n\u0131 oku<\/a><\/div>\n\t\t\t<\/li><li class=\"wc-block-grid__product\">\n\t\t\t\t<a href=\"https:\/\/petpromax.com\/index.php\/urun\/food-elite-chicken-rice-urinary-kedi-mamasi-15-kg-2-kg-kopya\/\" class=\"wc-block-grid__product-link\">\n\t\t\t\t\t\n\t\t\t\t\t<div class=\"wc-block-grid__product-image\"><img decoding=\"async\" width=\"300\" height=\"300\" src=\"https:\/\/petpromax.com\/wp-content\/uploads\/2025\/11\/food-elite-uriary-cat-300x300.jpg\" class=\"attachment-woocommerce_thumbnail size-woocommerce_thumbnail\" alt=\"Food Elite Tavuklu ve Pirin\u00e7li  Urinary Kedi Mamas\u0131 15 Kg | 2 Kg\" srcset=\"https:\/\/petpromax.com\/wp-content\/uploads\/2025\/11\/food-elite-uriary-cat-300x300.jpg 300w, https:\/\/petpromax.com\/wp-content\/uploads\/2025\/11\/food-elite-uriary-cat-1024x1024.jpg 1024w, https:\/\/petpromax.com\/wp-content\/uploads\/2025\/11\/food-elite-uriary-cat-150x150.jpg 150w, https:\/\/petpromax.com\/wp-content\/uploads\/2025\/11\/food-elite-uriary-cat-768x768.jpg 768w, https:\/\/petpromax.com\/wp-content\/uploads\/2025\/11\/food-elite-uriary-cat-1536x1536.jpg 1536w, https:\/\/petpromax.com\/wp-content\/uploads\/2025\/11\/food-elite-uriary-cat-2048x2048.jpg 2048w, https:\/\/petpromax.com\/wp-content\/uploads\/2025\/11\/food-elite-uriary-cat-600x600.jpg 600w, https:\/\/petpromax.com\/wp-content\/uploads\/2025\/11\/food-elite-uriary-cat-100x100.jpg 100w\" sizes=\"(max-width: 300px) 100vw, 300px\" \/><\/div>\n\t\t\t\t\t<div class=\"wc-block-grid__product-title\">Food Elite Tavuklu ve Pirin\u00e7li  Urinary Kedi Mamas\u0131 15 Kg | 2 Kg<\/div>\n\t\t\t\t<\/a>\n\t\t\t\t<div class=\"wc-block-grid__product-price price\"><\/div>\n\t\t\t\t\n\t\t\t\t<div class=\"wp-block-button wc-block-grid__product-add-to-cart\"><a href=\"https:\/\/petpromax.com\/index.php\/urun\/food-elite-chicken-rice-urinary-kedi-mamasi-15-kg-2-kg-kopya\/\" aria-label=\"&ldquo;Food Elite Tavuklu ve Pirin\u00e7li  Urinary Kedi Mamas\u0131 15 Kg | 2 Kg&rdquo; hakk\u0131nda daha fazla bilgi edinin\" data-quantity=\"1\" data-product_id=\"2742\" data-product_sku=\"\" data-price=\"0\" rel=\"nofollow\" class=\"wp-block-button__link  add_to_cart_button\">Devam\u0131n\u0131 oku<\/a><\/div>\n\t\t\t<\/li><li class=\"wc-block-grid__product\">\n\t\t\t\t<a href=\"https:\/\/petpromax.com\/index.php\/urun\/natural-kokusuz-10-l\/\" class=\"wc-block-grid__product-link\">\n\t\t\t\t\t\n\t\t\t\t\t<div class=\"wc-block-grid__product-image\"><img decoding=\"async\" width=\"300\" height=\"300\" src=\"https:\/\/petpromax.com\/wp-content\/uploads\/2025\/11\/MaXxlit-Cat-Litter_Unscented-10L_front.png-300x300.png\" class=\"attachment-woocommerce_thumbnail size-woocommerce_thumbnail\" alt=\"Natural - Kokusuz 10 L\" srcset=\"https:\/\/petpromax.com\/wp-content\/uploads\/2025\/11\/MaXxlit-Cat-Litter_Unscented-10L_front.png-300x300.png 300w, https:\/\/petpromax.com\/wp-content\/uploads\/2025\/11\/MaXxlit-Cat-Litter_Unscented-10L_front.png-150x150.png 150w, https:\/\/petpromax.com\/wp-content\/uploads\/2025\/11\/MaXxlit-Cat-Litter_Unscented-10L_front.png-100x100.png 100w\" sizes=\"(max-width: 300px) 100vw, 300px\" \/><\/div>\n\t\t\t\t\t<div class=\"wc-block-grid__product-title\">Natural &#8211; Kokusuz 10 L<\/div>\n\t\t\t\t<\/a>\n\t\t\t\t<div class=\"wc-block-grid__product-price price\"><\/div>\n\t\t\t\t\n\t\t\t\t<div class=\"wp-block-button wc-block-grid__product-add-to-cart\"><a href=\"https:\/\/petpromax.com\/index.php\/urun\/natural-kokusuz-10-l\/\" aria-label=\"&ldquo;Natural - Kokusuz 10 L&rdquo; hakk\u0131nda daha fazla bilgi edinin\" data-quantity=\"1\" data-product_id=\"2691\" data-product_sku=\"\" data-price=\"0\" rel=\"nofollow\" class=\"wp-block-button__link  add_to_cart_button\">Devam\u0131n\u0131 oku<\/a><\/div>\n\t\t\t<\/li><li class=\"wc-block-grid__product\">\n\t\t\t\t<a href=\"https:\/\/petpromax.com\/index.php\/urun\/super-mix-10-l\/\" class=\"wc-block-grid__product-link\">\n\t\t\t\t\t\n\t\t\t\t\t<div class=\"wc-block-grid__product-image\"><img loading=\"lazy\" decoding=\"async\" width=\"300\" height=\"300\" src=\"https:\/\/petpromax.com\/wp-content\/uploads\/2025\/06\/MaXxlit-Cat-Litter_Super-Mix-10L_front.jpg-300x300.jpg\" class=\"attachment-woocommerce_thumbnail size-woocommerce_thumbnail\" alt=\"SUPER MIX 10 L\" srcset=\"https:\/\/petpromax.com\/wp-content\/uploads\/2025\/06\/MaXxlit-Cat-Litter_Super-Mix-10L_front.jpg-300x300.jpg 300w, https:\/\/petpromax.com\/wp-content\/uploads\/2025\/06\/MaXxlit-Cat-Litter_Super-Mix-10L_front.jpg-150x150.jpg 150w, https:\/\/petpromax.com\/wp-content\/uploads\/2025\/06\/MaXxlit-Cat-Litter_Super-Mix-10L_front.jpg-100x100.jpg 100w\" sizes=\"(max-width: 300px) 100vw, 300px\" \/><\/div>\n\t\t\t\t\t<div class=\"wc-block-grid__product-title\">SUPER MIX 10 L<\/div>\n\t\t\t\t<\/a>\n\t\t\t\t<div class=\"wc-block-grid__product-price price\"><\/div>\n\t\t\t\t\n\t\t\t\t<div class=\"wp-block-button wc-block-grid__product-add-to-cart\"><a href=\"https:\/\/petpromax.com\/index.php\/urun\/super-mix-10-l\/\" aria-label=\"&ldquo;SUPER MIX 10 L&rdquo; hakk\u0131nda daha fazla bilgi edinin\" data-quantity=\"1\" data-product_id=\"2197\" data-product_sku=\"\" data-price=\"0\" rel=\"nofollow\" class=\"wp-block-button__link  add_to_cart_button\">Devam\u0131n\u0131 oku<\/a><\/div>\n\t\t\t<\/li><\/ul><\/div><\/div>\n<\/div>\n","protected":false},"excerpt":{"rendered":"","protected":false},"author":1,"featured_media":0,"parent":0,"menu_order":0,"comment_status":"closed","ping_status":"closed","template":"","meta":{"om_disable_all_campaigns":false,"footnotes":""},"class_list":["post-895","page","type-page","status-publish","hentry"],"_links":{"self":[{"href":"https:\/\/petpromax.com\/index.php\/wp-json\/wp\/v2\/pages\/895","targetHints":{"allow":["GET"]}}],"collection":[{"href":"https:\/\/petpromax.com\/index.php\/wp-json\/wp\/v2\/pages"}],"about":[{"href":"https:\/\/petpromax.com\/index.php\/wp-json\/wp\/v2\/types\/page"}],"author":[{"embeddable":true,"href":"https:\/\/petpromax.com\/index.php\/wp-json\/wp\/v2\/users\/1"}],"replies":[{"embeddable":true,"href":"https:\/\/petpromax.com\/index.php\/wp-json\/wp\/v2\/comments?post=895"}],"version-history":[{"count":1,"href":"https:\/\/petpromax.com\/index.php\/wp-json\/wp\/v2\/pages\/895\/revisions"}],"predecessor-version":[{"id":1260,"href":"https:\/\/petpromax.com\/index.php\/wp-json\/wp\/v2\/pages\/895\/revisions\/1260"}],"wp:attachment":[{"href":"https:\/\/petpromax.com\/index.php\/wp-json\/wp\/v2\/media?parent=895"}],"curies":[{"name":"wp","href":"https:\/\/api.w.org\/{rel}","templated":true}]}}