{"id":847,"date":"2024-11-28T04:03:36","date_gmt":"2024-11-28T04:03:36","guid":{"rendered":"https:\/\/petpromax.com\/?page_id=847"},"modified":"2025-01-04T21:39:47","modified_gmt":"2025-01-04T21:39:47","slug":"surdurebilirlik","status":"publish","type":"page","link":"https:\/\/petpromax.com\/index.php\/surdurebilirlik\/","title":{"rendered":"S\u00fcrd\u00fcrebilirlik"},"content":{"rendered":"\t\t<div data-elementor-type=\"wp-page\" data-elementor-id=\"847\" class=\"elementor elementor-847\" data-elementor-post-type=\"page\">\n\t\t\t\t<div class=\"elementor-element elementor-element-22b73ea e-flex e-con-boxed tmpcoder-jarallax-no tmpcoder-parallax-no tmpcoder-particle-no tmpcoder-sticky-section-no e-con e-parent\" data-id=\"22b73ea\" data-element_type=\"container\">\n\t\t\t\t\t<div class=\"e-con-inner\">\n\t\t\t\t<div class=\"elementor-element elementor-element-80a7576 elementor-widget elementor-widget-tmpcoder_breadcrumb\" data-id=\"80a7576\" data-element_type=\"widget\" data-widget_type=\"tmpcoder_breadcrumb.default\">\n\t\t\t\t<div class=\"elementor-widget-container\">\n\t\t\t\t\t\n        <div class=\"row\">\n            <div class=\"col-md-12\">\n                <div class=\"page-banner\">\n                    <h1 class=\"sub-banner-title yes\">S\u00fcrd\u00fcrebilirlik<\/h1>                <\/div>\n            <\/div>\n        <\/div>\n\n        \t\t\t\t<\/div>\n\t\t\t\t<\/div>\n\t\t\t\t\t<\/div>\n\t\t\t\t<\/div>\n\t\t<div class=\"elementor-element elementor-element-eabe2da e-flex e-con-boxed tmpcoder-jarallax-no tmpcoder-parallax-no tmpcoder-particle-no tmpcoder-sticky-section-no e-con e-parent\" data-id=\"eabe2da\" data-element_type=\"container\">\n\t\t\t\t\t<div class=\"e-con-inner\">\n\t\t\t\t<div class=\"elementor-element elementor-element-041d81e elementor-widget elementor-widget-image\" data-id=\"041d81e\" data-element_type=\"widget\" data-widget_type=\"image.default\">\n\t\t\t\t<div class=\"elementor-widget-container\">\n\t\t\t\t\t\t\t\t\t\t\t\t\t\t\t<img fetchpriority=\"high\" decoding=\"async\" width=\"640\" height=\"427\" src=\"https:\/\/petpromax.com\/wp-content\/uploads\/2025\/01\/solar-1024x683.jpeg\" class=\"attachment-large size-large wp-image-1209\" alt=\"\" srcset=\"https:\/\/petpromax.com\/wp-content\/uploads\/2025\/01\/solar-1024x683.jpeg 1024w, https:\/\/petpromax.com\/wp-content\/uploads\/2025\/01\/solar-300x200.jpeg 300w, https:\/\/petpromax.com\/wp-content\/uploads\/2025\/01\/solar-768x513.jpeg 768w, https:\/\/petpromax.com\/wp-content\/uploads\/2025\/01\/solar-1536x1025.jpeg 1536w, https:\/\/petpromax.com\/wp-content\/uploads\/2025\/01\/solar-2048x1367.jpeg 2048w, https:\/\/petpromax.com\/wp-content\/uploads\/2025\/01\/solar-600x400.jpeg 600w\" sizes=\"(max-width: 640px) 100vw, 640px\" \/>\t\t\t\t\t\t\t\t\t\t\t\t\t\t\t<\/div>\n\t\t\t\t<\/div>\n\t\t\t\t\t<\/div>\n\t\t\t\t<\/div>\n\t\t<div class=\"elementor-element elementor-element-515dc7b e-flex e-con-boxed tmpcoder-jarallax-no tmpcoder-parallax-no tmpcoder-particle-no tmpcoder-sticky-section-no e-con e-parent\" data-id=\"515dc7b\" data-element_type=\"container\">\n\t\t\t\t\t<div class=\"e-con-inner\">\n\t\t\t\t<div class=\"elementor-element elementor-element-8398d56 elementor-widget elementor-widget-text-editor\" data-id=\"8398d56\" data-element_type=\"widget\" data-widget_type=\"text-editor.default\">\n\t\t\t\t<div class=\"elementor-widget-container\">\n\t\t\t\t\t\t\t\t\t<p><strong>S\u00fcrd\u00fcr\u00fclebilir Gelecek \u0130\u00e7in G\u00fcne\u015f Enerjisi ile \u00dcretiyoruz!<\/strong><\/p><p><strong>Promax Pet Food\u2019un Kedi ve K\u00f6pek Kuru Mamas\u0131 S\u00fcrd\u00fcr\u00fclebilirlik Yakla\u015f\u0131m\u0131<\/strong><\/p><p>G\u00fcn\u00fcm\u00fczde s\u00fcrd\u00fcr\u00fclebilirlik, sadece \u00e7evre dostu bir tercih de\u011fil, ayn\u0131 zamanda i\u015fletmelerin ba\u015far\u0131s\u0131 i\u00e7in kritik bir fakt\u00f6rd\u00fcr. Promax Pet Food olarak, evcil hayvan sahiplerine sundu\u011fumuz y\u00fcksek kaliteli kedi ve k\u00f6pek kuru mamalar\u0131n\u0131 \u00fcretirken \u00e7evresel etkilerimizi en aza indirmeye odaklan\u0131yoruz. Bu ba\u011flamda, g\u00fcne\u015f enerjisi \u00fcretimi ve kullan\u0131m\u0131, s\u00fcrd\u00fcr\u00fclebilirlik hedeflerimizin merkezinde yer al\u0131yor.<\/p><p><strong>G\u00fcne\u015f Enerjisi: Do\u011fan\u0131n G\u00fcc\u00fc<\/strong><\/p><p>G\u00fcne\u015f enerjisi, temiz, yenilenebilir ve s\u0131n\u0131rs\u0131z bir enerji kayna\u011f\u0131d\u0131r. Promax Pet Food, g\u00fcne\u015f enerjisi panelleri kullanarak tesislerimizin enerji ihtiyac\u0131n\u0131n \u00f6nemli bir k\u0131sm\u0131n\u0131 kar\u015f\u0131lamaktad\u0131r. Bu, sadece karbon ayak izimizi azaltmakla kalmaz, ayn\u0131 zamanda do\u011fal kaynaklar\u0131 koruma konusunda da sorumlu bir yakla\u015f\u0131m\u0131 temsil eder.<\/p><p><strong>\u00dcretim S\u00fcrecindeki Enerji Verimlili\u011fi<\/strong><\/p><p>Kedi ve k\u00f6pek kuru mamalar\u0131m\u0131z\u0131 \u00fcretirken, enerji verimlili\u011fine b\u00fcy\u00fck \u00f6nem veriyoruz. G\u00fcne\u015f enerjisi kullanarak, \u00fcretim s\u00fcre\u00e7lerimizde daha az fosil yak\u0131t t\u00fcketiyoruz. Bu sayede hem maliyetleri d\u00fc\u015f\u00fcr\u00fcyor hem de \u00e7evresel etkilerimizi azalt\u0131yoruz. Enerji tasarrufu sa\u011flamak i\u00e7in yenilik\u00e7i teknolojiler ve ekipmanlar kullanarak, enerji t\u00fcketimimizi s\u00fcrekli olarak izliyoruz.<\/p><p><strong>Geri D\u00f6n\u00fc\u015f\u00fcm ve At\u0131k Y\u00f6netimi<\/strong><\/p><p>G\u00fcne\u015f enerjisi sistemlerinin yan\u0131 s\u0131ra, \u00fcretim s\u00fcrecimizde geri d\u00f6n\u00fc\u015f\u00fcm ve at\u0131k y\u00f6netimi uygulamalar\u0131na da b\u00fcy\u00fck \u00f6nem veriyoruz. G\u00fcne\u015f enerjisinden elde edilen elektri\u011fi kullanarak, at\u0131klar\u0131n geri d\u00f6n\u00fc\u015ft\u00fcr\u00fclmesi ve yeniden kullan\u0131lmas\u0131 i\u00e7in gerekli sistemleri kurmay\u0131 planl\u0131yoruz. Ambalaj malzemelerinden organik at\u0131klara kadar t\u00fcm \u00fcretim at\u0131klar\u0131m\u0131z\u0131 minimum seviyeye indirmeyi hedefliyoruz.<\/p><p><strong>T\u00fcketici Bilinci ve S\u00fcrd\u00fcr\u00fclebilirlik<\/strong><\/p><p>Promax Pet Food, evcil hayvan sahiplerine, g\u00fcne\u015f enerjisi ile \u00fcretilen \u00fcr\u00fcnlerimizin \u00e7evre dostu \u00f6zellikleri hakk\u0131nda bilgi vererek bilin\u00e7li bir t\u00fcketim al\u0131\u015fkanl\u0131\u011f\u0131 olu\u015fturmay\u0131 ama\u00e7l\u0131yor. T\u00fcketicilere, se\u00e7imleriyle \u00e7evreye katk\u0131da bulunma f\u0131rsat\u0131 sunuyoruz. \u00dcr\u00fcn etiketlerimizde, g\u00fcne\u015f enerjisi kullan\u0131m\u0131m\u0131z\u0131 vurgulayan bilgileri payla\u015farak, m\u00fc\u015fterilerimizi bu konuda bilgilendiriyoruz.<\/p><p><strong>Gelece\u011fe Yat\u0131r\u0131m<\/strong><\/p><p>G\u00fcne\u015f enerjisi, Promax Pet Food\u2019un s\u00fcrd\u00fcr\u00fclebilirlik hedefleri i\u00e7in bir temel olu\u015fturuyor. Bu yat\u0131r\u0131mla, gelecekte daha \u00e7evre dostu \u00fcr\u00fcnler sunma kapasitemizi art\u0131rmay\u0131 hedefliyoruz. G\u00fcne\u015f enerjisi kullanarak, sadece bug\u00fcnk\u00fc \u00fcretimimizi de\u011fil, ayn\u0131 zamanda gelecek nesillerin sa\u011fl\u0131\u011f\u0131n\u0131 ve gezegenimizin korunmas\u0131n\u0131 da d\u00fc\u015f\u00fcn\u00fcyoruz.<\/p><p>Promax Pet Food, kedi ve k\u00f6pek kuru mamalar\u0131n\u0131n \u00fcretiminde g\u00fcne\u015f enerjisi kullanarak s\u00fcrd\u00fcr\u00fclebilirli\u011fi bir \u00f6ncelik haline getiriyor. Do\u011faya olan sorumlulu\u011fumuzu yerine getirirken, evcil hayvan dostlar\u0131m\u0131za en iyi \u00fcr\u00fcnleri sunma misyonumuzu s\u00fcrd\u00fcr\u00fcyoruz. G\u00fcne\u015f enerjisi ile desteklenen bu yolculukta, hem evcil hayvan sahiplerinin hem de gezegenimizin yarar\u0131na olan \u00e7\u00f6z\u00fcmler \u00fcretmeye devam edece\u011fiz. <strong>S\u00fcrd\u00fcr\u00fclebilir bir gelece\u011fe birlikte y\u00fcr\u00fcyelim!<\/strong><\/p>\t\t\t\t\t\t\t\t<\/div>\n\t\t\t\t<\/div>\n\t\t\t\t\t<\/div>\n\t\t\t\t<\/div>\n\t\t\t\t<\/div>\n\t\t","protected":false},"excerpt":{"rendered":"<p>S\u00fcrd\u00fcrebilirlik S\u00fcrd\u00fcr\u00fclebilir Gelecek \u0130\u00e7in G\u00fcne\u015f Enerjisi ile \u00dcretiyoruz! Promax Pet Food\u2019un Kedi ve K\u00f6pek Kuru Mamas\u0131 S\u00fcrd\u00fcr\u00fclebilirlik Yakla\u015f\u0131m\u0131 G\u00fcn\u00fcm\u00fczde s\u00fcrd\u00fcr\u00fclebilirlik, sadece \u00e7evre dostu bir tercih de\u011fil, ayn\u0131 zamanda i\u015fletmelerin ba\u015far\u0131s\u0131 i\u00e7in kritik bir fakt\u00f6rd\u00fcr. Promax Pet Food olarak, evcil hayvan sahiplerine sundu\u011fumuz y\u00fcksek kaliteli kedi ve k\u00f6pek kuru mamalar\u0131n\u0131 \u00fcretirken \u00e7evresel etkilerimizi en aza indirmeye [&hellip;]<\/p>\n","protected":false},"author":1,"featured_media":0,"parent":0,"menu_order":0,"comment_status":"closed","ping_status":"closed","template":"elementor_header_footer","meta":{"om_disable_all_campaigns":false,"footnotes":""},"class_list":["post-847","page","type-page","status-publish","hentry"],"_links":{"self":[{"href":"https:\/\/petpromax.com\/index.php\/wp-json\/wp\/v2\/pages\/847","targetHints":{"allow":["GET"]}}],"collection":[{"href":"https:\/\/petpromax.com\/index.php\/wp-json\/wp\/v2\/pages"}],"about":[{"href":"https:\/\/petpromax.com\/index.php\/wp-json\/wp\/v2\/types\/page"}],"author":[{"embeddable":true,"href":"https:\/\/petpromax.com\/index.php\/wp-json\/wp\/v2\/users\/1"}],"replies":[{"embeddable":true,"href":"https:\/\/petpromax.com\/index.php\/wp-json\/wp\/v2\/comments?post=847"}],"version-history":[{"count":22,"href":"https:\/\/petpromax.com\/index.php\/wp-json\/wp\/v2\/pages\/847\/revisions"}],"predecessor-version":[{"id":1212,"href":"https:\/\/petpromax.com\/index.php\/wp-json\/wp\/v2\/pages\/847\/revisions\/1212"}],"wp:attachment":[{"href":"https:\/\/petpromax.com\/index.php\/wp-json\/wp\/v2\/media?parent=847"}],"curies":[{"name":"wp","href":"https:\/\/api.w.org\/{rel}","templated":true}]}}