{"id":797,"date":"2024-11-28T03:23:58","date_gmt":"2024-11-28T03:23:58","guid":{"rendered":"https:\/\/petpromax.com\/?page_id=797"},"modified":"2026-02-09T15:21:49","modified_gmt":"2026-02-09T12:21:49","slug":"sevkiyat-ve-paketleme","status":"publish","type":"page","link":"https:\/\/petpromax.com\/index.php\/sevkiyat-ve-paketleme\/","title":{"rendered":"Sevkiyat ve Paketleme"},"content":{"rendered":"\t\t<div data-elementor-type=\"wp-page\" data-elementor-id=\"797\" class=\"elementor elementor-797\" data-elementor-post-type=\"page\">\n\t\t\t\t<div class=\"elementor-element elementor-element-ee88b28 e-flex e-con-boxed tmpcoder-jarallax-no tmpcoder-parallax-no tmpcoder-particle-no tmpcoder-sticky-section-no e-con e-parent\" data-id=\"ee88b28\" data-element_type=\"container\">\n\t\t\t\t\t<div class=\"e-con-inner\">\n\t\t\t\t<div class=\"elementor-element elementor-element-1b97d2a elementor-widget elementor-widget-tmpcoder_breadcrumb\" data-id=\"1b97d2a\" data-element_type=\"widget\" data-widget_type=\"tmpcoder_breadcrumb.default\">\n\t\t\t\t<div class=\"elementor-widget-container\">\n\t\t\t\t\t\n        <div class=\"row\">\n            <div class=\"col-md-12\">\n                <div class=\"page-banner\">\n                    <h1 class=\"sub-banner-title yes\">Sevkiyat ve Paketleme<\/h1>                <\/div>\n            <\/div>\n        <\/div>\n\n        \t\t\t\t<\/div>\n\t\t\t\t<\/div>\n\t\t\t\t\t<\/div>\n\t\t\t\t<\/div>\n\t\t<div class=\"elementor-element elementor-element-fce7cee e-grid e-con-boxed tmpcoder-jarallax-no tmpcoder-parallax-no tmpcoder-particle-no tmpcoder-sticky-section-no e-con e-parent\" data-id=\"fce7cee\" data-element_type=\"container\">\n\t\t\t\t\t<div class=\"e-con-inner\">\n\t\t\t\t<div class=\"elementor-element elementor-element-e7089de elementor-widget elementor-widget-image\" data-id=\"e7089de\" data-element_type=\"widget\" data-widget_type=\"image.default\">\n\t\t\t\t<div class=\"elementor-widget-container\">\n\t\t\t\t\t\t\t\t\t\t\t\t\t\t\t<img fetchpriority=\"high\" decoding=\"async\" width=\"640\" height=\"427\" src=\"https:\/\/petpromax.com\/wp-content\/uploads\/2025\/01\/sevk-768x512.jpg\" class=\"attachment-medium_large size-medium_large wp-image-1189\" alt=\"\" srcset=\"https:\/\/petpromax.com\/wp-content\/uploads\/2025\/01\/sevk-768x512.jpg 768w, https:\/\/petpromax.com\/wp-content\/uploads\/2025\/01\/sevk-300x200.jpg 300w, https:\/\/petpromax.com\/wp-content\/uploads\/2025\/01\/sevk-1024x683.jpg 1024w, https:\/\/petpromax.com\/wp-content\/uploads\/2025\/01\/sevk-1536x1025.jpg 1536w, https:\/\/petpromax.com\/wp-content\/uploads\/2025\/01\/sevk-2048x1366.jpg 2048w, https:\/\/petpromax.com\/wp-content\/uploads\/2025\/01\/sevk-600x400.jpg 600w\" sizes=\"(max-width: 640px) 100vw, 640px\" \/>\t\t\t\t\t\t\t\t\t\t\t\t\t\t\t<\/div>\n\t\t\t\t<\/div>\n\t\t\t\t<div class=\"elementor-element elementor-element-d3beb37 elementor-widget elementor-widget-text-editor\" data-id=\"d3beb37\" data-element_type=\"widget\" data-widget_type=\"text-editor.default\">\n\t\t\t\t<div class=\"elementor-widget-container\">\n\t\t\t\t\t\t\t\t\t<p><strong>6.000 m\u00b2 Kapal\u0131 Sevkiyat Alan\u0131m\u0131z ve Profesyonel Depolama S\u00fcre\u00e7lerimiz ile G\u00fcvenli Teslimat<\/strong><\/p><p>Firmam\u0131z, m\u00fc\u015fteri memnuniyetini en \u00fcst d\u00fczeye \u00e7\u0131karmak ve sipari\u015f s\u00fcre\u00e7lerini eksiksiz bir \u015fekilde y\u00f6netmek ad\u0131na, 6.000 m\u00b2 geni\u015fli\u011findeki kapal\u0131 sevkiyat alan\u0131m\u0131zda hizmet vermektedir. Bu modern sevkiyat alan\u0131, lojistik operasyonlar\u0131m\u0131z\u0131n kalbi olarak, sipari\u015flerin g\u00fcvenli, h\u0131zl\u0131 ve d\u00fczenli bir \u015fekilde m\u00fc\u015fterilerimize ula\u015ft\u0131r\u0131lmas\u0131n\u0131 sa\u011flamak i\u00e7in titizlikle tasarlanm\u0131\u015ft\u0131r.<\/p><p>Sevkiyat s\u00fcrecimizde, her bir sipari\u015fin do\u011fru, eksiksiz ve hasars\u0131z bir \u015fekilde m\u00fc\u015fterilerimize ula\u015fmas\u0131n\u0131 sa\u011flamak i\u00e7in en son teknolojiye sahip sistemlerden faydalan\u0131yoruz. Geni\u015f kapal\u0131 sevkiyat alan\u0131m\u0131z sayesinde, sipari\u015fler y\u00fckleme esnas\u0131nda olumsuz hava ko\u015fullar\u0131ndan etkilenmeden do\u011frudan tesis i\u00e7erisinde sevkiyat ara\u00e7lar\u0131na y\u00fcklenmektedir. Bu, hem \u00fcr\u00fcnlerin kalitesini korumakta hem de lojistik s\u00fcre\u00e7lerde zaman kayb\u0131n\u0131 en aza indirmektedir.<\/p><p><strong>Ambalajlama S\u00fcrecinde Kalite ve Tazeli\u011fi \u00d6n Planda Tutuyoruz<\/strong><\/p><p>\u00dcr\u00fcnlerimizin kalitesini, tazeli\u011fini ve m\u00fc\u015fterilerimize ula\u015ft\u0131r\u0131ld\u0131\u011f\u0131nda ayn\u0131 y\u00fcksek standartlar\u0131 koruyabilmesini sa\u011flamak i\u00e7in ambalajlama s\u00fcrecine b\u00fcy\u00fck bir \u00f6nem veriyoruz. Se\u00e7ilen ambalaj malzemeleri, mamalar\u0131n uzun s\u00fcre taze kalmas\u0131n\u0131 destekleyecek \u015fekilde \u00f6zel olarak tasarlanm\u0131\u015ft\u0131r. Dayan\u0131kl\u0131 ve sa\u011fl\u0131\u011fa uygun ambalajlar\u0131m\u0131z sayesinde, \u00fcr\u00fcnler hem d\u0131\u015f etkenlerden korunmakta hem de m\u00fc\u015fterilerimize g\u00fcvenli bir \u015fekilde sunulmaktad\u0131r.<\/p><p>Ayr\u0131ca, paketleme s\u00fcrecinde \u00e7evre dostu malzemeler kullanmaya \u00f6zen g\u00f6stererek s\u00fcrd\u00fcr\u00fclebilirlik hedeflerimize katk\u0131 sa\u011fl\u0131yoruz. Bu yakla\u015f\u0131m, yaln\u0131zca \u00fcr\u00fcnlerimizin kalitesini de\u011fil, ayn\u0131 zamanda do\u011faya olan sorumlulu\u011fumuzu da yans\u0131tmaktad\u0131r.<\/p><p><strong>G\u00fcvenilir Lojistik \u0130\u015f Orta\u011f\u0131 Olma Yolunda Ad\u0131mlar\u0131m\u0131z<\/strong><\/p><p>Depolama ve sevkiyat s\u00fcre\u00e7lerimizde benimsedi\u011fimiz bu titiz yakla\u015f\u0131m, sadece \u00fcr\u00fcnlerin g\u00fcvenli bir \u015fekilde ta\u015f\u0131nmas\u0131n\u0131 de\u011fil, ayn\u0131 zamanda m\u00fc\u015fterilerimizin ihtiya\u00e7lar\u0131n\u0131 en etkili \u015fekilde kar\u015f\u0131lamay\u0131 da hedeflemektedir. Sipari\u015flerin teslimat\u0131nda h\u0131z, g\u00fcvenlik ve do\u011fruluk ilkelerine ba\u011fl\u0131 kalarak, m\u00fc\u015fterilerimizin bize duydu\u011fu g\u00fcveni daima koruyoruz.<\/p><p>Siz de lojistik operasyonlar\u0131m\u0131z\u0131n bu titiz s\u00fcrecine dahil olarak, kaliteli ve g\u00fcvenilir hizmetin keyfini \u00e7\u0131karabilirsiniz. \u0130\u015f orta\u011f\u0131n\u0131z olarak, sizlere en iyiyi sunmak i\u00e7in \u00e7al\u0131\u015fmaya devam ediyoruz.<\/p>\t\t\t\t\t\t\t\t<\/div>\n\t\t\t\t<\/div>\n\t\t\t\t\t<\/div>\n\t\t\t\t<\/div>\n\t\t\t\t<\/div>\n\t\t","protected":false},"excerpt":{"rendered":"<p>Sevkiyat ve Paketleme 6.000 m\u00b2 Kapal\u0131 Sevkiyat Alan\u0131m\u0131z ve Profesyonel Depolama S\u00fcre\u00e7lerimiz ile G\u00fcvenli Teslimat Firmam\u0131z, m\u00fc\u015fteri memnuniyetini en \u00fcst d\u00fczeye \u00e7\u0131karmak ve sipari\u015f s\u00fcre\u00e7lerini eksiksiz bir \u015fekilde y\u00f6netmek ad\u0131na, 6.000 m\u00b2 geni\u015fli\u011findeki kapal\u0131 sevkiyat alan\u0131m\u0131zda hizmet vermektedir. Bu modern sevkiyat alan\u0131, lojistik operasyonlar\u0131m\u0131z\u0131n kalbi olarak, sipari\u015flerin g\u00fcvenli, h\u0131zl\u0131 ve d\u00fczenli bir \u015fekilde m\u00fc\u015fterilerimize ula\u015ft\u0131r\u0131lmas\u0131n\u0131 [&hellip;]<\/p>\n","protected":false},"author":1,"featured_media":0,"parent":0,"menu_order":0,"comment_status":"closed","ping_status":"closed","template":"elementor_header_footer","meta":{"om_disable_all_campaigns":false,"footnotes":""},"class_list":["post-797","page","type-page","status-publish","hentry"],"_links":{"self":[{"href":"https:\/\/petpromax.com\/index.php\/wp-json\/wp\/v2\/pages\/797","targetHints":{"allow":["GET"]}}],"collection":[{"href":"https:\/\/petpromax.com\/index.php\/wp-json\/wp\/v2\/pages"}],"about":[{"href":"https:\/\/petpromax.com\/index.php\/wp-json\/wp\/v2\/types\/page"}],"author":[{"embeddable":true,"href":"https:\/\/petpromax.com\/index.php\/wp-json\/wp\/v2\/users\/1"}],"replies":[{"embeddable":true,"href":"https:\/\/petpromax.com\/index.php\/wp-json\/wp\/v2\/comments?post=797"}],"version-history":[{"count":31,"href":"https:\/\/petpromax.com\/index.php\/wp-json\/wp\/v2\/pages\/797\/revisions"}],"predecessor-version":[{"id":2773,"href":"https:\/\/petpromax.com\/index.php\/wp-json\/wp\/v2\/pages\/797\/revisions\/2773"}],"wp:attachment":[{"href":"https:\/\/petpromax.com\/index.php\/wp-json\/wp\/v2\/media?parent=797"}],"curies":[{"name":"wp","href":"https:\/\/api.w.org\/{rel}","templated":true}]}}