{"id":744,"date":"2024-11-28T02:26:00","date_gmt":"2024-11-28T02:26:00","guid":{"rendered":"https:\/\/petpromax.com\/?page_id=744"},"modified":"2026-04-17T18:06:24","modified_gmt":"2026-04-17T15:06:24","slug":"hakkimizda","status":"publish","type":"page","link":"https:\/\/petpromax.com\/index.php\/hakkimizda\/","title":{"rendered":"Hakk\u0131m\u0131zda"},"content":{"rendered":"\t\t<div data-elementor-type=\"wp-page\" data-elementor-id=\"744\" class=\"elementor elementor-744\" data-elementor-post-type=\"page\">\n\t\t\t\t<div class=\"elementor-element elementor-element-9b39bca e-con-full e-flex tmpcoder-jarallax-no tmpcoder-parallax-no tmpcoder-particle-no tmpcoder-sticky-section-no e-con e-parent\" data-id=\"9b39bca\" data-element_type=\"container\">\n\t\t\t\t<div class=\"elementor-element elementor-element-ac8a4bc elementor-widget elementor-widget-tmpcoder_breadcrumb\" data-id=\"ac8a4bc\" data-element_type=\"widget\" data-widget_type=\"tmpcoder_breadcrumb.default\">\n\t\t\t\t<div class=\"elementor-widget-container\">\n\t\t\t\t\t\n        <div class=\"row\">\n            <div class=\"col-md-12\">\n                <div class=\"page-banner\">\n                    <h1 class=\"sub-banner-title yes\">Hakk\u0131m\u0131zda<\/h1>                <\/div>\n            <\/div>\n        <\/div>\n\n        \t\t\t\t<\/div>\n\t\t\t\t<\/div>\n\t\t\t\t<\/div>\n\t\t<div class=\"elementor-element elementor-element-1bd207f e-grid e-con-boxed tmpcoder-jarallax-no tmpcoder-parallax-no tmpcoder-particle-no tmpcoder-sticky-section-no e-con e-parent\" data-id=\"1bd207f\" data-element_type=\"container\">\n\t\t\t\t\t<div class=\"e-con-inner\">\n\t\t\t\t<div class=\"elementor-element elementor-element-40f004f elementor-widget elementor-widget-text-editor\" data-id=\"40f004f\" data-element_type=\"widget\" data-widget_type=\"text-editor.default\">\n\t\t\t\t<div class=\"elementor-widget-container\">\n\t\t\t\t\t\t\t\t\t<p><strong>PET PROMAX<\/strong> 2014 y\u0131l\u0131nda Adana, T\u00fcrkiye\u2019de kurulan Promax Pet Food, evcil hayvanlar\u0131n beslenme ihtiya\u00e7lar\u0131n\u0131 en iyi \u015fekilde kar\u015f\u0131lamak amac\u0131yla kedi ve k\u00f6pek kuru mama \u00fcretimi yapmaktad\u0131r. 11.000 m\u00b2\u2019lik alana sahip modern \u00fcretim tesisimizde, y\u00fcksek kalite standartlar\u0131nda evcil hayvanlar\u0131 ya\u015famlar\u0131n\u0131 daha uzun ve sa\u011fl\u0131kl\u0131 devam ettirebilmeleri amac\u0131yla besleyici \u00fcr\u00fcnler sunmaktay\u0131z. 1989\u2019dan itibaren bal\u0131k \u00e7iftli\u011fi i\u015fletmecili\u011fimizin uluslararas\u0131 gross marketlere yapt\u0131\u011f\u0131m\u0131z tedarik deneyimi ile kurdu\u011fumuz bu g\u00fc\u00e7l\u00fc altyap\u0131 sayesinde, evcil hayvanlar\u0131n sa\u011fl\u0131\u011f\u0131 ve mutlulu\u011fu i\u00e7in g\u00fcvenilir ve besleyici \u00fcr\u00fcnler sunuyoruz. Kaliteli hammaddeler kullanarak geli\u015ftirdi\u011fimiz \u00fcr\u00fcnlerimiz, evcil dostlar\u0131m\u0131z\u0131n ihtiya\u00e7lar\u0131na uygun olarak titizlikle form\u00fcle edilmektedir. T\u00fcrkiye\u2019de ve uluslararas\u0131 pazarda m\u00fc\u015fterilerimize en iyi kalitede \u00fcr\u00fcnler sunmay\u0131 ama\u00e7layan firmam\u0131z, s\u00fcrekli yenilik\u00e7i ve kaliteli \u00fcretim anlay\u0131\u015f\u0131 ile sekt\u00f6rdeki yerini sa\u011flamla\u015ft\u0131rmaktad\u0131r.<\/p><p>Lojistik a\u00e7\u0131s\u0131ndan avantaja sahip Mersin Liman\u0131\u2019na 140 km, \u0130skenderun Liman\u0131\u2019na 150 km uzakl\u0131ktaki, Adana Kozan Organize Sanayi B\u00f6lgesi\u2019nde bulunan evcil hayvan kuru mama \u00fcretim tesisimiz, y\u0131ll\u0131k 25.000 tona ula\u015fabilen \u00fcretim kapasitene sahiptir. 3.000 m\u00b2\u2019lik \u00fcretim alan\u0131m\u0131z\u0131n yan\u0131 s\u0131ra 6.000 m\u00b2\u2019lik sevkiyat ve depo alan\u0131m\u0131zla toplam 9.000 m\u00b2 kapal\u0131 alan i\u00e7erisinde yurt i\u00e7i pazarda edindi\u011fimiz g\u00fcven ve ba\u015far\u0131y\u0131, uluslararas\u0131 pazarlara da ta\u015f\u0131yoruz. Evcil hayvan kuru mamalar\u0131m\u0131z, d\u00fcnya genelinde farkl\u0131 \u00fclkelerdeki m\u00fc\u015fterilerimizin de beklentilerini kar\u015f\u0131layacak \u015fekilde \u00f6zenle \u00fcretilmektedir. Veteriner hekimler ve beslenme uzmanlar\u0131ndan olu\u015fan profesyonel Ar-Ge ekibimizle birlikte, evcil hayvanlar\u0131n sa\u011fl\u0131kl\u0131 ve mutlu bir ya\u015fam s\u00fcrmelerini destekleyen \u00fcr\u00fcnler geli\u015ftirmeye devam ediyor, mama kaplar\u0131na sa\u011fl\u0131k ve lezzet kat\u0131yoruz.<\/p>\t\t\t\t\t\t\t\t<\/div>\n\t\t\t\t<\/div>\n\t\t\t\t\t<\/div>\n\t\t\t\t<\/div>\n\t\t<div class=\"elementor-element elementor-element-d2fb433 e-flex e-con-boxed tmpcoder-jarallax-no tmpcoder-parallax-no tmpcoder-particle-no tmpcoder-sticky-section-no e-con e-parent\" data-id=\"d2fb433\" data-element_type=\"container\">\n\t\t\t\t\t<div class=\"e-con-inner\">\n\t\t\t\t<div class=\"elementor-element elementor-element-687d87c elementor-widget-divider--view-line elementor-widget elementor-widget-divider\" data-id=\"687d87c\" data-element_type=\"widget\" data-widget_type=\"divider.default\">\n\t\t\t\t<div class=\"elementor-widget-container\">\n\t\t\t\t\t\t\t<div class=\"elementor-divider\">\n\t\t\t<span class=\"elementor-divider-separator\">\n\t\t\t\t\t\t<\/span>\n\t\t<\/div>\n\t\t\t\t\t\t<\/div>\n\t\t\t\t<\/div>\n\t\t\t\t\t<\/div>\n\t\t\t\t<\/div>\n\t\t<div class=\"elementor-element elementor-element-0f62907 e-flex e-con-boxed tmpcoder-jarallax-no tmpcoder-parallax-no tmpcoder-particle-no tmpcoder-sticky-section-no e-con e-parent\" data-id=\"0f62907\" data-element_type=\"container\">\n\t\t\t\t\t<div class=\"e-con-inner\">\n\t\t<div class=\"elementor-element elementor-element-c3efb36 e-con-full e-flex tmpcoder-jarallax-no tmpcoder-parallax-no tmpcoder-particle-no tmpcoder-sticky-section-no e-con e-child\" data-id=\"c3efb36\" data-element_type=\"container\">\n\t\t\t\t<div class=\"elementor-element elementor-element-8c41ecd elementor-widget-tablet_extra__width-initial tmpcoder-team-member-divider-center elementor-widget elementor-widget-tmpcoder-team-member\" data-id=\"8c41ecd\" data-element_type=\"widget\" data-widget_type=\"tmpcoder-team-member.default\">\n\t\t\t\t<div class=\"elementor-widget-container\">\n\t\t\t\t\t\n\t<div class=\"tmpcoder-team-member\">\n\t\t\n\t\t\t\t\t\n\t\t\t<div class=\"tmpcoder-member-media\">\n\t\t\t\t<div class=\"tmpcoder-member-image\">\n\t\t\t\t\t<img fetchpriority=\"high\" decoding=\"async\" width=\"1600\" height=\"988\" src=\"https:\/\/petpromax.com\/wp-content\/uploads\/2025\/01\/misyon.jpg\" class=\"attachment-full size-full wp-image-1163\" alt=\"M\u0130SYONUMUZ\" srcset=\"https:\/\/petpromax.com\/wp-content\/uploads\/2025\/01\/misyon.jpg 1600w, https:\/\/petpromax.com\/wp-content\/uploads\/2025\/01\/misyon-300x185.jpg 300w, https:\/\/petpromax.com\/wp-content\/uploads\/2025\/01\/misyon-1024x632.jpg 1024w, https:\/\/petpromax.com\/wp-content\/uploads\/2025\/01\/misyon-768x474.jpg 768w, https:\/\/petpromax.com\/wp-content\/uploads\/2025\/01\/misyon-1536x948.jpg 1536w, https:\/\/petpromax.com\/wp-content\/uploads\/2025\/01\/misyon-600x371.jpg 600w\" sizes=\"(max-width: 1600px) 100vw, 1600px\" \/>\t\t\t\t<\/div>\n\t\t\t\t\t\t\t<\/div>\n\t\t\t\t\n\t\t\n\t\t<div class=\"tmpcoder-member-content\">\n\t\t\t<h3 class=\"tmpcoder-member-name\">M\u0130SYONUMUZ<\/h3>\n\t\t\t\n\t\t\t\t\t\t\t<div class=\"tmpcoder-member-job\">PETPROMAX<\/div>\n\t\t\t\n\t\t\t\t\t\t\t<div class=\"tmpcoder-member-divider\"><\/div>\n\t\t\t\n\t\t\t\t\t\t\t<div class=\"tmpcoder-member-description\">Evcil hayvanlar\u0131n uzun, sa\u011fl\u0131kl\u0131 ve mutlu bir ya\u015fam s\u00fcrd\u00fcrmelerini sa\u011flamak i\u00e7in, onlar\u0131n beslenme ihtiya\u00e7lar\u0131n\u0131 en iyi \u015fekilde kar\u015f\u0131layan, y\u00fcksek kaliteli ve besleyici mamalar \u00fcretmek. Hayvan sa\u011fl\u0131\u011f\u0131n\u0131 \u00f6n planda tutan pet ve ilgili sekt\u00f6rlerde faaliyet g\u00f6steren \u015firketlere, kaliteli \u00fcr\u00fcnler \u00fcreterek ve geli\u015ftirerek katk\u0131 sa\u011flamak.<\/div>\n\t\t\t\t\t\t\n\t\t\t\t\t<\/div>\n\n\t\t\t<\/div>\n\n\t\t\t\t\t<\/div>\n\t\t\t\t<\/div>\n\t\t\t\t<\/div>\n\t\t<div class=\"elementor-element elementor-element-2084038 e-con-full e-flex tmpcoder-jarallax-no tmpcoder-parallax-no tmpcoder-particle-no tmpcoder-sticky-section-no e-con e-child\" data-id=\"2084038\" data-element_type=\"container\">\n\t\t\t\t<div class=\"elementor-element elementor-element-43ff85b tmpcoder-team-member-divider-center elementor-widget elementor-widget-tmpcoder-team-member\" data-id=\"43ff85b\" data-element_type=\"widget\" data-widget_type=\"tmpcoder-team-member.default\">\n\t\t\t\t<div class=\"elementor-widget-container\">\n\t\t\t\t\t\n\t<div class=\"tmpcoder-team-member\">\n\t\t\n\t\t\t\t\t\n\t\t\t<div class=\"tmpcoder-member-media\">\n\t\t\t\t<div class=\"tmpcoder-member-image\">\n\t\t\t\t\t<img decoding=\"async\" width=\"1600\" height=\"988\" src=\"https:\/\/petpromax.com\/wp-content\/uploads\/2025\/01\/vizyon.jpg\" class=\"attachment-full size-full wp-image-1165\" alt=\"V\u0130ZYONUMUZ\" srcset=\"https:\/\/petpromax.com\/wp-content\/uploads\/2025\/01\/vizyon.jpg 1600w, https:\/\/petpromax.com\/wp-content\/uploads\/2025\/01\/vizyon-300x185.jpg 300w, https:\/\/petpromax.com\/wp-content\/uploads\/2025\/01\/vizyon-1024x632.jpg 1024w, https:\/\/petpromax.com\/wp-content\/uploads\/2025\/01\/vizyon-768x474.jpg 768w, https:\/\/petpromax.com\/wp-content\/uploads\/2025\/01\/vizyon-1536x948.jpg 1536w, https:\/\/petpromax.com\/wp-content\/uploads\/2025\/01\/vizyon-600x371.jpg 600w\" sizes=\"(max-width: 1600px) 100vw, 1600px\" \/>\t\t\t\t<\/div>\n\t\t\t\t\t\t\t<\/div>\n\t\t\t\t\n\t\t\n\t\t<div class=\"tmpcoder-member-content\">\n\t\t\t<h3 class=\"tmpcoder-member-name\">V\u0130ZYONUMUZ<\/h3>\n\t\t\t\n\t\t\t\t\t\t\t<div class=\"tmpcoder-member-job\">PETPROMAX<\/div>\n\t\t\t\n\t\t\t\t\t\t\t<div class=\"tmpcoder-member-divider\"><\/div>\n\t\t\t\n\t\t\t\t\t\t\t<div class=\"tmpcoder-member-description\">Uluslararas\u0131 standartlarda yenilik\u00e7i, g\u00fcvenilir ve sayg\u0131n bir \u015firket olma ilkesini benimseyerek, Promax Pet Food evcil hayvan mamalar\u0131n\u0131n, d\u00fcnya genelindeki evcil hayvan sahipleri, pet sekt\u00f6r\u00fc ve ilgili sekt\u00f6rler taraf\u0131ndan b\u00f6lgemizde tercih edecekleri en iyi mamalardan biri olarak tan\u0131nmas\u0131n\u0131 hedefliyoruz.<\/div>\n\t\t\t\t\t\t\n\t\t\t\t\t<\/div>\n\n\t\t\t<\/div>\n\n\t\t\t\t\t<\/div>\n\t\t\t\t<\/div>\n\t\t\t\t<\/div>\n\t\t\t\t\t<\/div>\n\t\t\t\t<\/div>\n\t\t\t\t<\/div>\n\t\t","protected":false},"excerpt":{"rendered":"<p>Hakk\u0131m\u0131zda PET PROMAX 2014 y\u0131l\u0131nda Adana, T\u00fcrkiye\u2019de kurulan Promax Pet Food, evcil hayvanlar\u0131n beslenme ihtiya\u00e7lar\u0131n\u0131 en iyi \u015fekilde kar\u015f\u0131lamak amac\u0131yla kedi ve k\u00f6pek kuru mama \u00fcretimi yapmaktad\u0131r. 11.000 m\u00b2\u2019lik alana sahip modern \u00fcretim tesisimizde, y\u00fcksek kalite standartlar\u0131nda evcil hayvanlar\u0131 ya\u015famlar\u0131n\u0131 daha uzun ve sa\u011fl\u0131kl\u0131 devam ettirebilmeleri amac\u0131yla besleyici \u00fcr\u00fcnler sunmaktay\u0131z. 1989\u2019dan itibaren bal\u0131k \u00e7iftli\u011fi i\u015fletmecili\u011fimizin [&hellip;]<\/p>\n","protected":false},"author":1,"featured_media":0,"parent":0,"menu_order":0,"comment_status":"closed","ping_status":"closed","template":"elementor_header_footer","meta":{"om_disable_all_campaigns":false,"footnotes":""},"class_list":["post-744","page","type-page","status-publish","hentry"],"_links":{"self":[{"href":"https:\/\/petpromax.com\/index.php\/wp-json\/wp\/v2\/pages\/744","targetHints":{"allow":["GET"]}}],"collection":[{"href":"https:\/\/petpromax.com\/index.php\/wp-json\/wp\/v2\/pages"}],"about":[{"href":"https:\/\/petpromax.com\/index.php\/wp-json\/wp\/v2\/types\/page"}],"author":[{"embeddable":true,"href":"https:\/\/petpromax.com\/index.php\/wp-json\/wp\/v2\/users\/1"}],"replies":[{"embeddable":true,"href":"https:\/\/petpromax.com\/index.php\/wp-json\/wp\/v2\/comments?post=744"}],"version-history":[{"count":130,"href":"https:\/\/petpromax.com\/index.php\/wp-json\/wp\/v2\/pages\/744\/revisions"}],"predecessor-version":[{"id":3028,"href":"https:\/\/petpromax.com\/index.php\/wp-json\/wp\/v2\/pages\/744\/revisions\/3028"}],"wp:attachment":[{"href":"https:\/\/petpromax.com\/index.php\/wp-json\/wp\/v2\/media?parent=744"}],"curies":[{"name":"wp","href":"https:\/\/api.w.org\/{rel}","templated":true}]}}