{"id":1941,"date":"2025-06-18T10:21:46","date_gmt":"2025-06-18T10:21:46","guid":{"rendered":"https:\/\/petpromax.com\/?page_id=1941"},"modified":"2025-06-18T11:47:48","modified_gmt":"2025-06-18T11:47:48","slug":"petcoin-plus","status":"publish","type":"page","link":"https:\/\/petpromax.com\/index.php\/petcoin-plus\/","title":{"rendered":"Petcoin Plus"},"content":{"rendered":"\t\t<div data-elementor-type=\"wp-page\" data-elementor-id=\"1941\" class=\"elementor elementor-1941\" data-elementor-post-type=\"page\">\n\t\t\t\t<div class=\"elementor-element elementor-element-0d19bd5 e-flex e-con-boxed tmpcoder-jarallax-no tmpcoder-parallax-no tmpcoder-particle-no tmpcoder-sticky-section-no e-con e-parent\" data-id=\"0d19bd5\" data-element_type=\"container\">\n\t\t\t\t\t<div class=\"e-con-inner\">\n\t\t\t\t<div class=\"elementor-element elementor-element-2f24db7 elementor-widget elementor-widget-image\" data-id=\"2f24db7\" data-element_type=\"widget\" data-widget_type=\"image.default\">\n\t\t\t\t<div class=\"elementor-widget-container\">\n\t\t\t\t\t\t\t\t\t\t\t\t\t\t\t<img fetchpriority=\"high\" decoding=\"async\" width=\"2560\" height=\"1278\" src=\"https:\/\/petpromax.com\/wp-content\/uploads\/2025\/06\/petcoin-plus.jpg\" class=\"attachment-full size-full wp-image-1947\" alt=\"\" srcset=\"https:\/\/petpromax.com\/wp-content\/uploads\/2025\/06\/petcoin-plus.jpg 2560w, https:\/\/petpromax.com\/wp-content\/uploads\/2025\/06\/petcoin-plus-300x150.jpg 300w, https:\/\/petpromax.com\/wp-content\/uploads\/2025\/06\/petcoin-plus-1024x511.jpg 1024w, https:\/\/petpromax.com\/wp-content\/uploads\/2025\/06\/petcoin-plus-768x383.jpg 768w, https:\/\/petpromax.com\/wp-content\/uploads\/2025\/06\/petcoin-plus-1536x767.jpg 1536w, https:\/\/petpromax.com\/wp-content\/uploads\/2025\/06\/petcoin-plus-2048x1022.jpg 2048w, https:\/\/petpromax.com\/wp-content\/uploads\/2025\/06\/petcoin-plus-600x300.jpg 600w\" sizes=\"(max-width: 2560px) 100vw, 2560px\" \/>\t\t\t\t\t\t\t\t\t\t\t\t\t\t\t<\/div>\n\t\t\t\t<\/div>\n\t\t\t\t\t<\/div>\n\t\t\t\t<\/div>\n\t\t<div class=\"elementor-element elementor-element-74638cf e-flex e-con-boxed tmpcoder-jarallax-no tmpcoder-parallax-no tmpcoder-particle-no tmpcoder-sticky-section-no e-con e-parent\" data-id=\"74638cf\" data-element_type=\"container\">\n\t\t\t\t\t<div class=\"e-con-inner\">\n\t\t<div class=\"elementor-element elementor-element-80738a2 e-con-full e-flex tmpcoder-jarallax-no tmpcoder-parallax-no tmpcoder-particle-no tmpcoder-sticky-section-no e-con e-child\" data-id=\"80738a2\" data-element_type=\"container\">\n\t\t\t\t<div class=\"elementor-element elementor-element-da0ed24 elementor-flip-box--3d elementor-flip-box--effect-flip elementor-flip-box--direction-up elementor-widget elementor-widget-flip-box\" data-id=\"da0ed24\" data-element_type=\"widget\" data-widget_type=\"flip-box.default\">\n\t\t\t\t<div class=\"elementor-widget-container\">\n\t\t\t\t\t\t\t<div class=\"elementor-flip-box\" tabindex=\"0\">\n\t\t\t<div class=\"elementor-flip-box__layer elementor-flip-box__front\">\n\t\t\t\t<div class=\"elementor-flip-box__layer__overlay\">\n\t\t\t\t\t<div class=\"elementor-flip-box__layer__inner\">\n\t\t\t\t\t\t\t\t\t\t\t\t\t<div class=\"elementor-flip-box__image\">\n\t\t\t\t\t\t\t\t<img decoding=\"async\" width=\"1024\" height=\"858\" src=\"https:\/\/petpromax.com\/wp-content\/uploads\/2025\/06\/kedi-plus.jpg\" class=\"attachment-full size-full wp-image-1956\" alt=\"\" srcset=\"https:\/\/petpromax.com\/wp-content\/uploads\/2025\/06\/kedi-plus.jpg 1024w, https:\/\/petpromax.com\/wp-content\/uploads\/2025\/06\/kedi-plus-300x251.jpg 300w, https:\/\/petpromax.com\/wp-content\/uploads\/2025\/06\/kedi-plus-768x644.jpg 768w, https:\/\/petpromax.com\/wp-content\/uploads\/2025\/06\/kedi-plus-600x503.jpg 600w\" sizes=\"(max-width: 1024px) 100vw, 1024px\" \/>\t\t\t\t\t\t\t<\/div>\n\t\t\t\t\t\t\n\t\t\t\t\t\t\t\t\t\t\t\t\t<h3 class=\"elementor-flip-box__layer__title\">\n\t\t\t\t\t\t\t\tKED\u0130 MAMALARI\t\t\t\t\t\t\t<\/h3>\n\t\t\t\t\t\t\n\t\t\t\t\t\t\t\t\t\t\t<\/div>\n\t\t\t\t<\/div>\n\t\t\t<\/div>\n\t\t\t<a class=\"elementor-flip-box__layer elementor-flip-box__back\" href=\"https:\/\/petpromax.com\/index.php\/urun-kategori\/petcoin-plus-urun\/petcoin-plus-kedi\/\">\n\t\t\t<div class=\"elementor-flip-box__layer__overlay\">\n\t\t\t\t<div class=\"elementor-flip-box__layer__inner\">\n\t\t\t\t\t\t\t\t\t\t\t<h3 class=\"elementor-flip-box__layer__title\">\n\t\t\t\t\t\t\tKED\u0130 MAMALARI\t\t\t\t\t\t<\/h3>\n\t\t\t\t\t\n\t\t\t\t\t\n\t\t\t\t\t\t\t\t\t\t\t<span class=\"elementor-flip-box__button elementor-button elementor-size-sm\">\n\t\t\t\t\t\t\t\u0130NCELE\t\t\t\t\t\t<\/span>\n\t\t\t\t\t\t\t\t<\/div>\n\t\t<\/div>\n\t\t<\/a>\n\t\t<\/div>\n\t\t\t\t\t\t<\/div>\n\t\t\t\t<\/div>\n\t\t\t\t<\/div>\n\t\t<div class=\"elementor-element elementor-element-35c6661 e-con-full e-flex tmpcoder-jarallax-no tmpcoder-parallax-no tmpcoder-particle-no tmpcoder-sticky-section-no e-con e-child\" data-id=\"35c6661\" data-element_type=\"container\">\n\t\t\t\t<div class=\"elementor-element elementor-element-16c3fc3 elementor-flip-box--3d elementor-flip-box--effect-flip elementor-flip-box--direction-up elementor-widget elementor-widget-flip-box\" data-id=\"16c3fc3\" data-element_type=\"widget\" data-widget_type=\"flip-box.default\">\n\t\t\t\t<div class=\"elementor-widget-container\">\n\t\t\t\t\t\t\t<div class=\"elementor-flip-box\" tabindex=\"0\">\n\t\t\t<div class=\"elementor-flip-box__layer elementor-flip-box__front\">\n\t\t\t\t<div class=\"elementor-flip-box__layer__overlay\">\n\t\t\t\t\t<div class=\"elementor-flip-box__layer__inner\">\n\t\t\t\t\t\t\t\t\t\t\t\t\t<div class=\"elementor-flip-box__image\">\n\t\t\t\t\t\t\t\t<img decoding=\"async\" width=\"1024\" height=\"858\" src=\"https:\/\/petpromax.com\/wp-content\/uploads\/2025\/06\/kopek-plus.jpg\" class=\"attachment-full size-full wp-image-1955\" alt=\"\" srcset=\"https:\/\/petpromax.com\/wp-content\/uploads\/2025\/06\/kopek-plus.jpg 1024w, https:\/\/petpromax.com\/wp-content\/uploads\/2025\/06\/kopek-plus-300x251.jpg 300w, https:\/\/petpromax.com\/wp-content\/uploads\/2025\/06\/kopek-plus-768x644.jpg 768w, https:\/\/petpromax.com\/wp-content\/uploads\/2025\/06\/kopek-plus-600x503.jpg 600w\" sizes=\"(max-width: 1024px) 100vw, 1024px\" \/>\t\t\t\t\t\t\t<\/div>\n\t\t\t\t\t\t\n\t\t\t\t\t\t\t\t\t\t\t\t\t<h3 class=\"elementor-flip-box__layer__title\">\n\t\t\t\t\t\t\t\tK\u00d6PEK MAMALARI\t\t\t\t\t\t\t<\/h3>\n\t\t\t\t\t\t\n\t\t\t\t\t\t\t\t\t\t\t<\/div>\n\t\t\t\t<\/div>\n\t\t\t<\/div>\n\t\t\t<a class=\"elementor-flip-box__layer elementor-flip-box__back\" href=\"https:\/\/petpromax.com\/index.php\/urun-kategori\/petcoin-plus-urun\/petcoin-plus-kopek\/\">\n\t\t\t<div class=\"elementor-flip-box__layer__overlay\">\n\t\t\t\t<div class=\"elementor-flip-box__layer__inner\">\n\t\t\t\t\t\t\t\t\t\t\t<h3 class=\"elementor-flip-box__layer__title\">\n\t\t\t\t\t\t\tK\u00d6PEK MAMALARI\t\t\t\t\t\t<\/h3>\n\t\t\t\t\t\n\t\t\t\t\t\n\t\t\t\t\t\t\t\t\t\t\t<span class=\"elementor-flip-box__button elementor-button elementor-size-sm\">\n\t\t\t\t\t\t\t\u0130NCELE\t\t\t\t\t\t<\/span>\n\t\t\t\t\t\t\t\t<\/div>\n\t\t<\/div>\n\t\t<\/a>\n\t\t<\/div>\n\t\t\t\t\t\t<\/div>\n\t\t\t\t<\/div>\n\t\t\t\t<\/div>\n\t\t\t\t\t<\/div>\n\t\t\t\t<\/div>\n\t\t<div class=\"elementor-element elementor-element-1c4b6d7 e-flex e-con-boxed tmpcoder-jarallax-no tmpcoder-parallax-no tmpcoder-particle-no tmpcoder-sticky-section-no e-con e-parent\" data-id=\"1c4b6d7\" data-element_type=\"container\">\n\t\t\t\t\t<div class=\"e-con-inner\">\n\t\t\t\t\t<\/div>\n\t\t\t\t<\/div>\n\t\t<div class=\"elementor-element elementor-element-f6c2ee8 e-flex e-con-boxed tmpcoder-jarallax-no tmpcoder-parallax-no tmpcoder-particle-no tmpcoder-sticky-section-no e-con e-parent\" data-id=\"f6c2ee8\" data-element_type=\"container\">\n\t\t\t\t\t<div class=\"e-con-inner\">\n\t\t\t\t\t<\/div>\n\t\t\t\t<\/div>\n\t\t\t\t<\/div>\n\t\t","protected":false},"excerpt":{"rendered":"<p>KED\u0130 MAMALARI KED\u0130 MAMALARI \u0130NCELE K\u00d6PEK MAMALARI K\u00d6PEK MAMALARI \u0130NCELE<\/p>\n","protected":false},"author":1,"featured_media":0,"parent":0,"menu_order":0,"comment_status":"closed","ping_status":"closed","template":"","meta":{"om_disable_all_campaigns":false,"footnotes":""},"class_list":["post-1941","page","type-page","status-publish","hentry"],"_links":{"self":[{"href":"https:\/\/petpromax.com\/index.php\/wp-json\/wp\/v2\/pages\/1941","targetHints":{"allow":["GET"]}}],"collection":[{"href":"https:\/\/petpromax.com\/index.php\/wp-json\/wp\/v2\/pages"}],"about":[{"href":"https:\/\/petpromax.com\/index.php\/wp-json\/wp\/v2\/types\/page"}],"author":[{"embeddable":true,"href":"https:\/\/petpromax.com\/index.php\/wp-json\/wp\/v2\/users\/1"}],"replies":[{"embeddable":true,"href":"https:\/\/petpromax.com\/index.php\/wp-json\/wp\/v2\/comments?post=1941"}],"version-history":[{"count":31,"href":"https:\/\/petpromax.com\/index.php\/wp-json\/wp\/v2\/pages\/1941\/revisions"}],"predecessor-version":[{"id":2002,"href":"https:\/\/petpromax.com\/index.php\/wp-json\/wp\/v2\/pages\/1941\/revisions\/2002"}],"wp:attachment":[{"href":"https:\/\/petpromax.com\/index.php\/wp-json\/wp\/v2\/media?parent=1941"}],"curies":[{"name":"wp","href":"https:\/\/api.w.org\/{rel}","templated":true}]}}