{"id":1689,"date":"2025-05-27T09:02:56","date_gmt":"2025-05-27T09:02:56","guid":{"rendered":"https:\/\/petpromax.com\/?page_id=1689"},"modified":"2025-11-18T03:44:41","modified_gmt":"2025-11-18T00:44:41","slug":"maxxlit-kedi-kumu","status":"publish","type":"page","link":"https:\/\/petpromax.com\/index.php\/maxxlit-kedi-kumu\/","title":{"rendered":"Maxxlit Kedi Kumu"},"content":{"rendered":"\t\t<div data-elementor-type=\"wp-page\" data-elementor-id=\"1689\" class=\"elementor elementor-1689\" data-elementor-post-type=\"page\">\n\t\t\t\t<div class=\"elementor-element elementor-element-1a612f6 e-flex e-con-boxed tmpcoder-jarallax-no tmpcoder-parallax-no tmpcoder-particle-no tmpcoder-sticky-section-no e-con e-parent\" data-id=\"1a612f6\" data-element_type=\"container\">\n\t\t\t\t\t<div class=\"e-con-inner\">\n\t\t\t\t<div class=\"elementor-element elementor-element-b51f179 elementor-widget elementor-widget-image\" data-id=\"b51f179\" data-element_type=\"widget\" data-widget_type=\"image.default\">\n\t\t\t\t<div class=\"elementor-widget-container\">\n\t\t\t\t\t\t\t\t\t\t\t\t\t\t\t<img fetchpriority=\"high\" decoding=\"async\" width=\"2560\" height=\"1278\" src=\"https:\/\/petpromax.com\/wp-content\/uploads\/2025\/06\/maxlit.jpg\" class=\"attachment-full size-full wp-image-2160\" alt=\"\" srcset=\"https:\/\/petpromax.com\/wp-content\/uploads\/2025\/06\/maxlit.jpg 2560w, https:\/\/petpromax.com\/wp-content\/uploads\/2025\/06\/maxlit-300x150.jpg 300w, https:\/\/petpromax.com\/wp-content\/uploads\/2025\/06\/maxlit-1024x511.jpg 1024w, https:\/\/petpromax.com\/wp-content\/uploads\/2025\/06\/maxlit-768x383.jpg 768w, https:\/\/petpromax.com\/wp-content\/uploads\/2025\/06\/maxlit-1536x767.jpg 1536w, https:\/\/petpromax.com\/wp-content\/uploads\/2025\/06\/maxlit-2048x1022.jpg 2048w, https:\/\/petpromax.com\/wp-content\/uploads\/2025\/06\/maxlit-600x300.jpg 600w\" sizes=\"(max-width: 2560px) 100vw, 2560px\" \/>\t\t\t\t\t\t\t\t\t\t\t\t\t\t\t<\/div>\n\t\t\t\t<\/div>\n\t\t\t\t\t<\/div>\n\t\t\t\t<\/div>\n\t\t<div class=\"elementor-element elementor-element-a9fc4df e-flex e-con-boxed tmpcoder-jarallax-no tmpcoder-parallax-no tmpcoder-particle-no tmpcoder-sticky-section-no e-con e-parent\" data-id=\"a9fc4df\" data-element_type=\"container\">\n\t\t\t\t\t<div class=\"e-con-inner\">\n\t\t<div class=\"elementor-element elementor-element-45c3abf e-con-full e-flex tmpcoder-jarallax-no tmpcoder-parallax-no tmpcoder-particle-no tmpcoder-sticky-section-no e-con e-child\" data-id=\"45c3abf\" data-element_type=\"container\">\n\t\t\t\t<div class=\"elementor-element elementor-element-c051af9 elementor-flip-box--effect-flip elementor-flip-box--direction-up elementor-widget elementor-widget-flip-box\" data-id=\"c051af9\" data-element_type=\"widget\" data-widget_type=\"flip-box.default\">\n\t\t\t\t<div class=\"elementor-widget-container\">\n\t\t\t\t\t\t\t<div class=\"elementor-flip-box\" tabindex=\"0\">\n\t\t\t<div class=\"elementor-flip-box__layer elementor-flip-box__front\">\n\t\t\t\t<div class=\"elementor-flip-box__layer__overlay\">\n\t\t\t\t\t<div class=\"elementor-flip-box__layer__inner\">\n\t\t\t\t\t\t\n\t\t\t\t\t\t\t\t\t\t\t\t\t<h3 class=\"elementor-flip-box__layer__title\">\n\t\t\t\t\t\t\t\tKED\u0130 KUMU\t\t\t\t\t\t\t<\/h3>\n\t\t\t\t\t\t\n\t\t\t\t\t\t\t\t\t\t\t<\/div>\n\t\t\t\t<\/div>\n\t\t\t<\/div>\n\t\t\t<a class=\"elementor-flip-box__layer elementor-flip-box__back\" href=\"https:\/\/petpromax.com\/index.php\/urun-kategori\/maxxlit-kedi-kumu-urun\/\">\n\t\t\t<div class=\"elementor-flip-box__layer__overlay\">\n\t\t\t\t<div class=\"elementor-flip-box__layer__inner\">\n\t\t\t\t\t\t\t\t\t\t\t<h3 class=\"elementor-flip-box__layer__title\">\n\t\t\t\t\t\t\tKED\u0130 KUMU\t\t\t\t\t\t<\/h3>\n\t\t\t\t\t\n\t\t\t\t\t\n\t\t\t\t\t\t\t\t\t\t\t<span class=\"elementor-flip-box__button elementor-button elementor-size-sm\">\n\t\t\t\t\t\t\t\u0130ncele\t\t\t\t\t\t<\/span>\n\t\t\t\t\t\t\t\t<\/div>\n\t\t<\/div>\n\t\t<\/a>\n\t\t<\/div>\n\t\t\t\t\t\t<\/div>\n\t\t\t\t<\/div>\n\t\t\t\t<\/div>\n\t\t\t\t\t<\/div>\n\t\t\t\t<\/div>\n\t\t\t\t<\/div>\n\t\t","protected":false},"excerpt":{"rendered":"<p>KED\u0130 KUMU KED\u0130 KUMU \u0130ncele<\/p>\n","protected":false},"author":1,"featured_media":0,"parent":0,"menu_order":0,"comment_status":"closed","ping_status":"closed","template":"","meta":{"om_disable_all_campaigns":false,"footnotes":""},"class_list":["post-1689","page","type-page","status-publish","hentry"],"_links":{"self":[{"href":"https:\/\/petpromax.com\/index.php\/wp-json\/wp\/v2\/pages\/1689","targetHints":{"allow":["GET"]}}],"collection":[{"href":"https:\/\/petpromax.com\/index.php\/wp-json\/wp\/v2\/pages"}],"about":[{"href":"https:\/\/petpromax.com\/index.php\/wp-json\/wp\/v2\/types\/page"}],"author":[{"embeddable":true,"href":"https:\/\/petpromax.com\/index.php\/wp-json\/wp\/v2\/users\/1"}],"replies":[{"embeddable":true,"href":"https:\/\/petpromax.com\/index.php\/wp-json\/wp\/v2\/comments?post=1689"}],"version-history":[{"count":22,"href":"https:\/\/petpromax.com\/index.php\/wp-json\/wp\/v2\/pages\/1689\/revisions"}],"predecessor-version":[{"id":2690,"href":"https:\/\/petpromax.com\/index.php\/wp-json\/wp\/v2\/pages\/1689\/revisions\/2690"}],"wp:attachment":[{"href":"https:\/\/petpromax.com\/index.php\/wp-json\/wp\/v2\/media?parent=1689"}],"curies":[{"name":"wp","href":"https:\/\/api.w.org\/{rel}","templated":true}]}}