{"id":1351,"date":"2025-01-30T20:23:51","date_gmt":"2025-01-30T20:23:51","guid":{"rendered":"https:\/\/petpromax.com\/?page_id=1351"},"modified":"2025-11-18T03:38:08","modified_gmt":"2025-11-18T00:38:08","slug":"vegas","status":"publish","type":"page","link":"https:\/\/petpromax.com\/index.php\/vegas\/","title":{"rendered":"Vegas"},"content":{"rendered":"\t\t<div data-elementor-type=\"wp-page\" data-elementor-id=\"1351\" class=\"elementor elementor-1351\" data-elementor-post-type=\"page\">\n\t\t\t\t<div class=\"elementor-element elementor-element-26d0dd3 e-flex e-con-boxed tmpcoder-jarallax-no tmpcoder-parallax-no tmpcoder-particle-no tmpcoder-sticky-section-no e-con e-parent\" data-id=\"26d0dd3\" data-element_type=\"container\">\n\t\t\t\t\t<div class=\"e-con-inner\">\n\t\t\t\t<div class=\"elementor-element elementor-element-ea4ab85 elementor-widget elementor-widget-image\" data-id=\"ea4ab85\" data-element_type=\"widget\" data-widget_type=\"image.default\">\n\t\t\t\t<div class=\"elementor-widget-container\">\n\t\t\t\t\t\t\t\t\t\t\t\t\t\t\t<img fetchpriority=\"high\" decoding=\"async\" width=\"2560\" height=\"1278\" src=\"https:\/\/petpromax.com\/wp-content\/uploads\/2025\/11\/vegas-11-kopya.jpg\" class=\"attachment-full size-full wp-image-2680\" alt=\"\" srcset=\"https:\/\/petpromax.com\/wp-content\/uploads\/2025\/11\/vegas-11-kopya.jpg 2560w, https:\/\/petpromax.com\/wp-content\/uploads\/2025\/11\/vegas-11-kopya-300x150.jpg 300w, https:\/\/petpromax.com\/wp-content\/uploads\/2025\/11\/vegas-11-kopya-1024x511.jpg 1024w, https:\/\/petpromax.com\/wp-content\/uploads\/2025\/11\/vegas-11-kopya-768x383.jpg 768w, https:\/\/petpromax.com\/wp-content\/uploads\/2025\/11\/vegas-11-kopya-1536x767.jpg 1536w, https:\/\/petpromax.com\/wp-content\/uploads\/2025\/11\/vegas-11-kopya-2048x1022.jpg 2048w, https:\/\/petpromax.com\/wp-content\/uploads\/2025\/11\/vegas-11-kopya-600x300.jpg 600w\" sizes=\"(max-width: 2560px) 100vw, 2560px\" \/>\t\t\t\t\t\t\t\t\t\t\t\t\t\t\t<\/div>\n\t\t\t\t<\/div>\n\t\t\t\t\t<\/div>\n\t\t\t\t<\/div>\n\t\t<div class=\"elementor-element elementor-element-cedc802 e-flex e-con-boxed tmpcoder-jarallax-no tmpcoder-parallax-no tmpcoder-particle-no tmpcoder-sticky-section-no e-con e-parent\" data-id=\"cedc802\" data-element_type=\"container\">\n\t\t\t\t\t<div class=\"e-con-inner\">\n\t\t<div class=\"elementor-element elementor-element-478d4cc e-con-full e-flex tmpcoder-jarallax-no tmpcoder-parallax-no tmpcoder-particle-no tmpcoder-sticky-section-no e-con e-child\" data-id=\"478d4cc\" data-element_type=\"container\">\n\t\t\t\t<div class=\"elementor-element elementor-element-1f89c84 elementor-flip-box--effect-flip elementor-flip-box--direction-up elementor-widget elementor-widget-flip-box\" data-id=\"1f89c84\" data-element_type=\"widget\" data-widget_type=\"flip-box.default\">\n\t\t\t\t<div class=\"elementor-widget-container\">\n\t\t\t\t\t\t\t<div class=\"elementor-flip-box\" tabindex=\"0\">\n\t\t\t<div class=\"elementor-flip-box__layer elementor-flip-box__front\">\n\t\t\t\t<div class=\"elementor-flip-box__layer__overlay\">\n\t\t\t\t\t<div class=\"elementor-flip-box__layer__inner\">\n\t\t\t\t\t\t\t\t\t\t\t\t\t<div class=\"elementor-flip-box__image\">\n\t\t\t\t\t\t\t\t<img decoding=\"async\" width=\"1024\" height=\"858\" src=\"https:\/\/petpromax.com\/wp-content\/uploads\/2025\/06\/vegas223.png\" class=\"attachment-full size-full wp-image-2096\" alt=\"\" srcset=\"https:\/\/petpromax.com\/wp-content\/uploads\/2025\/06\/vegas223.png 1024w, https:\/\/petpromax.com\/wp-content\/uploads\/2025\/06\/vegas223-300x251.png 300w, https:\/\/petpromax.com\/wp-content\/uploads\/2025\/06\/vegas223-768x644.png 768w, https:\/\/petpromax.com\/wp-content\/uploads\/2025\/06\/vegas223-600x503.png 600w\" sizes=\"(max-width: 1024px) 100vw, 1024px\" \/>\t\t\t\t\t\t\t<\/div>\n\t\t\t\t\t\t\n\t\t\t\t\t\t\t\t\t\t\t\t\t<h3 class=\"elementor-flip-box__layer__title\">\n\t\t\t\t\t\t\t\tKED\u0130 MAMALARI\t\t\t\t\t\t\t<\/h3>\n\t\t\t\t\t\t\n\t\t\t\t\t\t\t\t\t\t\t<\/div>\n\t\t\t\t<\/div>\n\t\t\t<\/div>\n\t\t\t<a class=\"elementor-flip-box__layer elementor-flip-box__back\" href=\"https:\/\/petpromax.com\/index.php\/urun-kategori\/vegas\/vegas-kedi\/\">\n\t\t\t<div class=\"elementor-flip-box__layer__overlay\">\n\t\t\t\t<div class=\"elementor-flip-box__layer__inner\">\n\t\t\t\t\t\t\t\t\t\t\t<h3 class=\"elementor-flip-box__layer__title\">\n\t\t\t\t\t\t\tKED\u0130 MAMALARI\t\t\t\t\t\t<\/h3>\n\t\t\t\t\t\n\t\t\t\t\t\n\t\t\t\t\t\t\t\t\t\t\t<span class=\"elementor-flip-box__button elementor-button elementor-size-sm\">\n\t\t\t\t\t\t\t\u0130ncele\t\t\t\t\t\t<\/span>\n\t\t\t\t\t\t\t\t<\/div>\n\t\t<\/div>\n\t\t<\/a>\n\t\t<\/div>\n\t\t\t\t\t\t<\/div>\n\t\t\t\t<\/div>\n\t\t\t\t<\/div>\n\t\t<div class=\"elementor-element elementor-element-be12a01 e-con-full e-flex tmpcoder-jarallax-no tmpcoder-parallax-no tmpcoder-particle-no tmpcoder-sticky-section-no e-con e-child\" data-id=\"be12a01\" data-element_type=\"container\">\n\t\t\t\t<div class=\"elementor-element elementor-element-0a08a4d elementor-flip-box--effect-flip elementor-flip-box--direction-up elementor-widget elementor-widget-flip-box\" data-id=\"0a08a4d\" data-element_type=\"widget\" data-widget_type=\"flip-box.default\">\n\t\t\t\t<div class=\"elementor-widget-container\">\n\t\t\t\t\t\t\t<div class=\"elementor-flip-box\" tabindex=\"0\">\n\t\t\t<div class=\"elementor-flip-box__layer elementor-flip-box__front\">\n\t\t\t\t<div class=\"elementor-flip-box__layer__overlay\">\n\t\t\t\t\t<div class=\"elementor-flip-box__layer__inner\">\n\t\t\t\t\t\t\t\t\t\t\t\t\t<div class=\"elementor-flip-box__image\">\n\t\t\t\t\t\t\t\t<img decoding=\"async\" width=\"1024\" height=\"858\" src=\"https:\/\/petpromax.com\/wp-content\/uploads\/2025\/06\/vegas-445.png\" class=\"attachment-full size-full wp-image-2095\" alt=\"\" srcset=\"https:\/\/petpromax.com\/wp-content\/uploads\/2025\/06\/vegas-445.png 1024w, https:\/\/petpromax.com\/wp-content\/uploads\/2025\/06\/vegas-445-300x251.png 300w, https:\/\/petpromax.com\/wp-content\/uploads\/2025\/06\/vegas-445-768x644.png 768w, https:\/\/petpromax.com\/wp-content\/uploads\/2025\/06\/vegas-445-600x503.png 600w\" sizes=\"(max-width: 1024px) 100vw, 1024px\" \/>\t\t\t\t\t\t\t<\/div>\n\t\t\t\t\t\t\n\t\t\t\t\t\t\t\t\t\t\t\t\t<h3 class=\"elementor-flip-box__layer__title\">\n\t\t\t\t\t\t\t\tK\u00d6PEK MAMALARI\t\t\t\t\t\t\t<\/h3>\n\t\t\t\t\t\t\n\t\t\t\t\t\t\t\t\t\t\t<\/div>\n\t\t\t\t<\/div>\n\t\t\t<\/div>\n\t\t\t<a class=\"elementor-flip-box__layer elementor-flip-box__back\" href=\"https:\/\/petpromax.com\/index.php\/urun-kategori\/vegas\/vegas-kopek\/\">\n\t\t\t<div class=\"elementor-flip-box__layer__overlay\">\n\t\t\t\t<div class=\"elementor-flip-box__layer__inner\">\n\t\t\t\t\t\t\t\t\t\t\t<h3 class=\"elementor-flip-box__layer__title\">\n\t\t\t\t\t\t\tK\u00d6PEK MAMALARI\t\t\t\t\t\t<\/h3>\n\t\t\t\t\t\n\t\t\t\t\t\n\t\t\t\t\t\t\t\t\t\t\t<span class=\"elementor-flip-box__button elementor-button elementor-size-sm\">\n\t\t\t\t\t\t\t\u0130ncele\t\t\t\t\t\t<\/span>\n\t\t\t\t\t\t\t\t<\/div>\n\t\t<\/div>\n\t\t<\/a>\n\t\t<\/div>\n\t\t\t\t\t\t<\/div>\n\t\t\t\t<\/div>\n\t\t\t\t<\/div>\n\t\t\t\t\t<\/div>\n\t\t\t\t<\/div>\n\t\t\t\t<\/div>\n\t\t","protected":false},"excerpt":{"rendered":"<p>KED\u0130 MAMALARI KED\u0130 MAMALARI \u0130ncele K\u00d6PEK MAMALARI K\u00d6PEK MAMALARI \u0130ncele<\/p>\n","protected":false},"author":1,"featured_media":0,"parent":0,"menu_order":0,"comment_status":"closed","ping_status":"closed","template":"","meta":{"om_disable_all_campaigns":false,"footnotes":""},"class_list":["post-1351","page","type-page","status-publish","hentry"],"_links":{"self":[{"href":"https:\/\/petpromax.com\/index.php\/wp-json\/wp\/v2\/pages\/1351","targetHints":{"allow":["GET"]}}],"collection":[{"href":"https:\/\/petpromax.com\/index.php\/wp-json\/wp\/v2\/pages"}],"about":[{"href":"https:\/\/petpromax.com\/index.php\/wp-json\/wp\/v2\/types\/page"}],"author":[{"embeddable":true,"href":"https:\/\/petpromax.com\/index.php\/wp-json\/wp\/v2\/users\/1"}],"replies":[{"embeddable":true,"href":"https:\/\/petpromax.com\/index.php\/wp-json\/wp\/v2\/comments?post=1351"}],"version-history":[{"count":10,"href":"https:\/\/petpromax.com\/index.php\/wp-json\/wp\/v2\/pages\/1351\/revisions"}],"predecessor-version":[{"id":2683,"href":"https:\/\/petpromax.com\/index.php\/wp-json\/wp\/v2\/pages\/1351\/revisions\/2683"}],"wp:attachment":[{"href":"https:\/\/petpromax.com\/index.php\/wp-json\/wp\/v2\/media?parent=1351"}],"curies":[{"name":"wp","href":"https:\/\/api.w.org\/{rel}","templated":true}]}}