{"id":1329,"date":"2025-01-30T19:59:19","date_gmt":"2025-01-30T19:59:19","guid":{"rendered":"https:\/\/petpromax.com\/?page_id=1329"},"modified":"2025-06-18T13:52:11","modified_gmt":"2025-06-18T13:52:11","slug":"petcoin","status":"publish","type":"page","link":"https:\/\/petpromax.com\/index.php\/petcoin\/","title":{"rendered":"Petcoin"},"content":{"rendered":"\t\t<div data-elementor-type=\"wp-page\" data-elementor-id=\"1329\" class=\"elementor elementor-1329\" data-elementor-post-type=\"page\">\n\t\t\t\t<div class=\"elementor-element elementor-element-2ecc1e9 e-flex e-con-boxed tmpcoder-jarallax-no tmpcoder-parallax-no tmpcoder-particle-no tmpcoder-sticky-section-no e-con e-parent\" data-id=\"2ecc1e9\" data-element_type=\"container\">\n\t\t\t\t\t<div class=\"e-con-inner\">\n\t\t\t\t<div class=\"elementor-element elementor-element-65ec655 elementor-widget elementor-widget-image\" data-id=\"65ec655\" data-element_type=\"widget\" data-widget_type=\"image.default\">\n\t\t\t\t<div class=\"elementor-widget-container\">\n\t\t\t\t\t\t\t\t\t\t\t\t\t\t\t<img fetchpriority=\"high\" decoding=\"async\" width=\"2560\" height=\"1278\" src=\"https:\/\/petpromax.com\/wp-content\/uploads\/2025\/06\/petcoin-back.jpg\" class=\"attachment-full size-full wp-image-2041\" alt=\"\" srcset=\"https:\/\/petpromax.com\/wp-content\/uploads\/2025\/06\/petcoin-back.jpg 2560w, https:\/\/petpromax.com\/wp-content\/uploads\/2025\/06\/petcoin-back-300x150.jpg 300w, https:\/\/petpromax.com\/wp-content\/uploads\/2025\/06\/petcoin-back-1024x511.jpg 1024w, https:\/\/petpromax.com\/wp-content\/uploads\/2025\/06\/petcoin-back-768x383.jpg 768w, https:\/\/petpromax.com\/wp-content\/uploads\/2025\/06\/petcoin-back-1536x767.jpg 1536w, https:\/\/petpromax.com\/wp-content\/uploads\/2025\/06\/petcoin-back-2048x1022.jpg 2048w, https:\/\/petpromax.com\/wp-content\/uploads\/2025\/06\/petcoin-back-600x300.jpg 600w\" sizes=\"(max-width: 2560px) 100vw, 2560px\" \/>\t\t\t\t\t\t\t\t\t\t\t\t\t\t\t<\/div>\n\t\t\t\t<\/div>\n\t\t\t\t\t<\/div>\n\t\t\t\t<\/div>\n\t\t<div class=\"elementor-element elementor-element-a4c0a92 e-flex e-con-boxed tmpcoder-jarallax-no tmpcoder-parallax-no tmpcoder-particle-no tmpcoder-sticky-section-no e-con e-parent\" data-id=\"a4c0a92\" data-element_type=\"container\">\n\t\t\t\t\t<div class=\"e-con-inner\">\n\t\t<div class=\"elementor-element elementor-element-2d683e2 e-con-full e-flex tmpcoder-jarallax-no tmpcoder-parallax-no tmpcoder-particle-no tmpcoder-sticky-section-no e-con e-child\" data-id=\"2d683e2\" data-element_type=\"container\">\n\t\t\t\t<div class=\"elementor-element elementor-element-4e51c1a elementor-flip-box--3d elementor-flip-box--effect-flip elementor-flip-box--direction-up elementor-widget elementor-widget-flip-box\" data-id=\"4e51c1a\" data-element_type=\"widget\" data-widget_type=\"flip-box.default\">\n\t\t\t\t<div class=\"elementor-widget-container\">\n\t\t\t\t\t\t\t<div class=\"elementor-flip-box\" tabindex=\"0\">\n\t\t\t<div class=\"elementor-flip-box__layer elementor-flip-box__front\">\n\t\t\t\t<div class=\"elementor-flip-box__layer__overlay\">\n\t\t\t\t\t<div class=\"elementor-flip-box__layer__inner\">\n\t\t\t\t\t\t\t\t\t\t\t\t\t<div class=\"elementor-flip-box__image\">\n\t\t\t\t\t\t\t\t<img decoding=\"async\" width=\"1024\" height=\"858\" src=\"https:\/\/petpromax.com\/wp-content\/uploads\/2025\/06\/petcoin-1223.png\" class=\"attachment-full size-full wp-image-2046\" alt=\"\" srcset=\"https:\/\/petpromax.com\/wp-content\/uploads\/2025\/06\/petcoin-1223.png 1024w, https:\/\/petpromax.com\/wp-content\/uploads\/2025\/06\/petcoin-1223-300x251.png 300w, https:\/\/petpromax.com\/wp-content\/uploads\/2025\/06\/petcoin-1223-768x644.png 768w, https:\/\/petpromax.com\/wp-content\/uploads\/2025\/06\/petcoin-1223-600x503.png 600w\" sizes=\"(max-width: 1024px) 100vw, 1024px\" \/>\t\t\t\t\t\t\t<\/div>\n\t\t\t\t\t\t\n\t\t\t\t\t\t\t\t\t\t\t\t\t<h3 class=\"elementor-flip-box__layer__title\">\n\t\t\t\t\t\t\t\tKED\u0130 MAMALARI\t\t\t\t\t\t\t<\/h3>\n\t\t\t\t\t\t\n\t\t\t\t\t\t\t\t\t\t\t<\/div>\n\t\t\t\t<\/div>\n\t\t\t<\/div>\n\t\t\t<a class=\"elementor-flip-box__layer elementor-flip-box__back\" href=\"https:\/\/petpromax.com\/index.php\/urun-kategori\/pet-coin\/petcoin-kedi\/\">\n\t\t\t<div class=\"elementor-flip-box__layer__overlay\">\n\t\t\t\t<div class=\"elementor-flip-box__layer__inner\">\n\t\t\t\t\t\t\t\t\t\t\t<h3 class=\"elementor-flip-box__layer__title\">\n\t\t\t\t\t\t\tKED\u0130 MAMALARI\t\t\t\t\t\t<\/h3>\n\t\t\t\t\t\n\t\t\t\t\t\n\t\t\t\t\t\t\t\t\t\t\t<span class=\"elementor-flip-box__button elementor-button elementor-size-sm\">\n\t\t\t\t\t\t\t\u0130ncele\t\t\t\t\t\t<\/span>\n\t\t\t\t\t\t\t\t<\/div>\n\t\t<\/div>\n\t\t<\/a>\n\t\t<\/div>\n\t\t\t\t\t\t<\/div>\n\t\t\t\t<\/div>\n\t\t\t\t<\/div>\n\t\t<div class=\"elementor-element elementor-element-24f5ea5 e-con-full e-flex tmpcoder-jarallax-no tmpcoder-parallax-no tmpcoder-particle-no tmpcoder-sticky-section-no e-con e-child\" data-id=\"24f5ea5\" data-element_type=\"container\">\n\t\t\t\t<div class=\"elementor-element elementor-element-6e89b7b elementor-flip-box--3d elementor-flip-box--effect-flip elementor-flip-box--direction-up elementor-widget elementor-widget-flip-box\" data-id=\"6e89b7b\" data-element_type=\"widget\" data-widget_type=\"flip-box.default\">\n\t\t\t\t<div class=\"elementor-widget-container\">\n\t\t\t\t\t\t\t<div class=\"elementor-flip-box\" tabindex=\"0\">\n\t\t\t<div class=\"elementor-flip-box__layer elementor-flip-box__front\">\n\t\t\t\t<div class=\"elementor-flip-box__layer__overlay\">\n\t\t\t\t\t<div class=\"elementor-flip-box__layer__inner\">\n\t\t\t\t\t\t\t\t\t\t\t\t\t<div class=\"elementor-flip-box__image\">\n\t\t\t\t\t\t\t\t<img decoding=\"async\" width=\"1024\" height=\"858\" src=\"https:\/\/petpromax.com\/wp-content\/uploads\/2025\/06\/petcoin-1661.png\" class=\"attachment-full size-full wp-image-2045\" alt=\"\" srcset=\"https:\/\/petpromax.com\/wp-content\/uploads\/2025\/06\/petcoin-1661.png 1024w, https:\/\/petpromax.com\/wp-content\/uploads\/2025\/06\/petcoin-1661-300x251.png 300w, https:\/\/petpromax.com\/wp-content\/uploads\/2025\/06\/petcoin-1661-768x644.png 768w, https:\/\/petpromax.com\/wp-content\/uploads\/2025\/06\/petcoin-1661-600x503.png 600w\" sizes=\"(max-width: 1024px) 100vw, 1024px\" \/>\t\t\t\t\t\t\t<\/div>\n\t\t\t\t\t\t\n\t\t\t\t\t\t\t\t\t\t\t\t\t<h3 class=\"elementor-flip-box__layer__title\">\n\t\t\t\t\t\t\t\tK\u00d6PEK MAMALARI\t\t\t\t\t\t\t<\/h3>\n\t\t\t\t\t\t\n\t\t\t\t\t\t\t\t\t\t\t<\/div>\n\t\t\t\t<\/div>\n\t\t\t<\/div>\n\t\t\t<a class=\"elementor-flip-box__layer elementor-flip-box__back\" href=\"https:\/\/petpromax.com\/index.php\/urun-kategori\/pet-coin\/petcoin-kopek\/\">\n\t\t\t<div class=\"elementor-flip-box__layer__overlay\">\n\t\t\t\t<div class=\"elementor-flip-box__layer__inner\">\n\t\t\t\t\t\t\t\t\t\t\t<h3 class=\"elementor-flip-box__layer__title\">\n\t\t\t\t\t\t\tK\u00d6PEK MAMALARI\t\t\t\t\t\t<\/h3>\n\t\t\t\t\t\n\t\t\t\t\t\n\t\t\t\t\t\t\t\t\t\t\t<span class=\"elementor-flip-box__button elementor-button elementor-size-sm\">\n\t\t\t\t\t\t\t\u0130ncele\t\t\t\t\t\t<\/span>\n\t\t\t\t\t\t\t\t<\/div>\n\t\t<\/div>\n\t\t<\/a>\n\t\t<\/div>\n\t\t\t\t\t\t<\/div>\n\t\t\t\t<\/div>\n\t\t\t\t<\/div>\n\t\t\t\t\t<\/div>\n\t\t\t\t<\/div>\n\t\t\t\t<\/div>\n\t\t","protected":false},"excerpt":{"rendered":"<p>KED\u0130 MAMALARI KED\u0130 MAMALARI \u0130ncele K\u00d6PEK MAMALARI K\u00d6PEK MAMALARI \u0130ncele<\/p>\n","protected":false},"author":1,"featured_media":0,"parent":0,"menu_order":0,"comment_status":"closed","ping_status":"closed","template":"","meta":{"om_disable_all_campaigns":false,"footnotes":""},"class_list":["post-1329","page","type-page","status-publish","hentry"],"_links":{"self":[{"href":"https:\/\/petpromax.com\/index.php\/wp-json\/wp\/v2\/pages\/1329","targetHints":{"allow":["GET"]}}],"collection":[{"href":"https:\/\/petpromax.com\/index.php\/wp-json\/wp\/v2\/pages"}],"about":[{"href":"https:\/\/petpromax.com\/index.php\/wp-json\/wp\/v2\/types\/page"}],"author":[{"embeddable":true,"href":"https:\/\/petpromax.com\/index.php\/wp-json\/wp\/v2\/users\/1"}],"replies":[{"embeddable":true,"href":"https:\/\/petpromax.com\/index.php\/wp-json\/wp\/v2\/comments?post=1329"}],"version-history":[{"count":13,"href":"https:\/\/petpromax.com\/index.php\/wp-json\/wp\/v2\/pages\/1329\/revisions"}],"predecessor-version":[{"id":2052,"href":"https:\/\/petpromax.com\/index.php\/wp-json\/wp\/v2\/pages\/1329\/revisions\/2052"}],"wp:attachment":[{"href":"https:\/\/petpromax.com\/index.php\/wp-json\/wp\/v2\/media?parent=1329"}],"curies":[{"name":"wp","href":"https:\/\/api.w.org\/{rel}","templated":true}]}}