{"id":1261,"date":"2025-01-14T19:59:35","date_gmt":"2025-01-14T19:59:35","guid":{"rendered":"https:\/\/petpromax.com\/?page_id=1261"},"modified":"2025-11-12T13:15:53","modified_gmt":"2025-11-12T10:15:53","slug":"food-elite","status":"publish","type":"page","link":"https:\/\/petpromax.com\/index.php\/food-elite\/","title":{"rendered":"Food Elite"},"content":{"rendered":"\t\t<div data-elementor-type=\"wp-page\" data-elementor-id=\"1261\" class=\"elementor elementor-1261\" data-elementor-post-type=\"page\">\n\t\t\t\t<div class=\"elementor-element elementor-element-dee1ab3 e-flex e-con-boxed tmpcoder-jarallax-no tmpcoder-parallax-no tmpcoder-particle-no tmpcoder-sticky-section-no e-con e-parent\" data-id=\"dee1ab3\" data-element_type=\"container\">\n\t\t\t\t\t<div class=\"e-con-inner\">\n\t\t\t\t<div class=\"elementor-element elementor-element-964336d elementor-widget elementor-widget-image\" data-id=\"964336d\" data-element_type=\"widget\" data-widget_type=\"image.default\">\n\t\t\t\t<div class=\"elementor-widget-container\">\n\t\t\t\t\t\t\t\t\t\t\t\t\t\t\t<img fetchpriority=\"high\" decoding=\"async\" width=\"2560\" height=\"1278\" src=\"https:\/\/petpromax.com\/wp-content\/uploads\/2025\/11\/yeni.jpg\" class=\"attachment-full size-full wp-image-2567\" alt=\"\" srcset=\"https:\/\/petpromax.com\/wp-content\/uploads\/2025\/11\/yeni.jpg 2560w, https:\/\/petpromax.com\/wp-content\/uploads\/2025\/11\/yeni-300x150.jpg 300w, https:\/\/petpromax.com\/wp-content\/uploads\/2025\/11\/yeni-1024x511.jpg 1024w, https:\/\/petpromax.com\/wp-content\/uploads\/2025\/11\/yeni-768x383.jpg 768w, https:\/\/petpromax.com\/wp-content\/uploads\/2025\/11\/yeni-1536x767.jpg 1536w, https:\/\/petpromax.com\/wp-content\/uploads\/2025\/11\/yeni-2048x1022.jpg 2048w, https:\/\/petpromax.com\/wp-content\/uploads\/2025\/11\/yeni-600x300.jpg 600w\" sizes=\"(max-width: 2560px) 100vw, 2560px\" \/>\t\t\t\t\t\t\t\t\t\t\t\t\t\t\t<\/div>\n\t\t\t\t<\/div>\n\t\t\t\t\t<\/div>\n\t\t\t\t<\/div>\n\t\t<div class=\"elementor-element elementor-element-fe21f6c e-flex e-con-boxed tmpcoder-jarallax-no tmpcoder-parallax-no tmpcoder-particle-no tmpcoder-sticky-section-no e-con e-parent\" data-id=\"fe21f6c\" data-element_type=\"container\">\n\t\t\t\t\t<div class=\"e-con-inner\">\n\t\t<div class=\"elementor-element elementor-element-f36c5c8 e-con-full e-flex tmpcoder-jarallax-no tmpcoder-parallax-no tmpcoder-particle-no tmpcoder-sticky-section-no e-con e-child\" data-id=\"f36c5c8\" data-element_type=\"container\">\n\t\t\t\t<div class=\"elementor-element elementor-element-d2fd0c6 tmpcoder-flip-box-anim-direction-up tmpcoder-flip-box-animation-flip tmpcoder-flip-box-animation-3d-yes tmpcoder-flip-box-front-align-center tmpcoder-flip-box-back-align-center elementor-widget elementor-widget-tmpcoder-flip-box\" data-id=\"d2fd0c6\" data-element_type=\"widget\" data-widget_type=\"tmpcoder-flip-box.default\">\n\t\t\t\t<div class=\"elementor-widget-container\">\n\t\t\t\t\t\t\t\t\n\t\t<div class=\"tmpcoder-flip-box\" data-trigger=\"hover\">\n\t\t\t\n\t\t\t<div class=\"tmpcoder-flip-box-item tmpcoder-flip-box-front tmpcoder-anim-timing-ease-default\">\n\n\t\t\t\t<div class=\"tmpcoder-flip-box-overlay\"><\/div>\n\n\t\t\t\t<div class=\"tmpcoder-flip-box-content\">\n\t\t\t\t\t\n\t\t\t\t\t\n\t\t\t\t\t\t\t\t\t\t<div class=\"tmpcoder-flip-box-image\">\n\t\t\t\t\t\t<img decoding=\"async\" width=\"1024\" height=\"858\" src=\"https:\/\/petpromax.com\/wp-content\/uploads\/2025\/06\/food-cat.png\" class=\"attachment-full size-full wp-image-2338\" alt=\"\" srcset=\"https:\/\/petpromax.com\/wp-content\/uploads\/2025\/06\/food-cat.png 1024w, https:\/\/petpromax.com\/wp-content\/uploads\/2025\/06\/food-cat-300x251.png 300w, https:\/\/petpromax.com\/wp-content\/uploads\/2025\/06\/food-cat-768x644.png 768w, https:\/\/petpromax.com\/wp-content\/uploads\/2025\/06\/food-cat-600x503.png 600w\" sizes=\"(max-width: 1024px) 100vw, 1024px\" \/> \n\t\t\t\t\t<\/div>\n\t\t\t\t\t\t\t\t\t\t\n\t\t\t\t\t\t\t\t\t\t\t<h3 class=\"tmpcoder-flip-box-title\">KED\u0130 MAMALARI<\/h3>\n\t\t\t\t\t\n\t\t\t\t\t\t\n\n\t\t\t\t\t\t\n\n\t\t\t\t<\/div>\n\t\t\t<\/div>\n\n\t\t\t<div class=\"tmpcoder-flip-box-item tmpcoder-flip-box-back tmpcoder-anim-timing-ease-default\">\n\n\t\t\t\t<div class=\"tmpcoder-flip-box-overlay\"><\/div>\n\t\t\t\t\n\t\t\t\t<div class=\"tmpcoder-flip-box-content\">\n\t\t\t\t\t\n\t\t\t\t\t\t\t\t\t\t<a class=\"tmpcoder-flip-box-link\" href=\"https:\/\/petpromax.com\/index.php\/urun-kategori\/food-elite\/food-elite-kedi\/\"><\/a>\t\t\t\t\t\n\t\t\t\t\t\n\t\t\t\t\t\t\t\t\t\t<div class=\"tmpcoder-flip-box-icon\">\n\n\t\t\t\t\t\t\n\t\t\t\t\t\t<i class=\"fas fa-cat\"><\/i>\n\n\t\t\t\t\t\t\n\t\t\t\t\t<\/div>\n\t\t\t\t\t\t\t\t\t\t\n\t\t\t\t\t\t\t\t\t\t\t<h3 class=\"tmpcoder-flip-box-title\">\n\t\t\t\t\t\t\tKED\u0130 MAMALARI\t\t\t\t\t\t<\/h3>\n\t\t\t\t\t\n\t\t\t\t\t\t\n\n\t\t\t\t\t\t\n\n\t\t\t\t<\/div>\n\t\t\t<\/div>\n\t\t<\/div>\n\n\t\t\t\t\t\t<\/div>\n\t\t\t\t<\/div>\n\t\t\t\t<\/div>\n\t\t<div class=\"elementor-element elementor-element-2cc0473 e-con-full e-flex tmpcoder-jarallax-no tmpcoder-parallax-no tmpcoder-particle-no tmpcoder-sticky-section-no e-con e-child\" data-id=\"2cc0473\" data-element_type=\"container\">\n\t\t\t\t<div class=\"elementor-element elementor-element-e1f2803 tmpcoder-flip-box-anim-direction-up tmpcoder-flip-box-animation-flip tmpcoder-flip-box-animation-3d-yes tmpcoder-flip-box-front-align-center tmpcoder-flip-box-back-align-center elementor-widget elementor-widget-tmpcoder-flip-box\" data-id=\"e1f2803\" data-element_type=\"widget\" data-widget_type=\"tmpcoder-flip-box.default\">\n\t\t\t\t<div class=\"elementor-widget-container\">\n\t\t\t\t\t\t\t\t\n\t\t<div class=\"tmpcoder-flip-box\" data-trigger=\"hover\">\n\t\t\t\n\t\t\t<div class=\"tmpcoder-flip-box-item tmpcoder-flip-box-front tmpcoder-anim-timing-ease-default\">\n\n\t\t\t\t<div class=\"tmpcoder-flip-box-overlay\"><\/div>\n\n\t\t\t\t<div class=\"tmpcoder-flip-box-content\">\n\t\t\t\t\t\n\t\t\t\t\t\n\t\t\t\t\t\t\t\t\t\t<div class=\"tmpcoder-flip-box-image\">\n\t\t\t\t\t\t<img decoding=\"async\" width=\"1024\" height=\"858\" src=\"https:\/\/petpromax.com\/wp-content\/uploads\/2025\/06\/food-dog.png\" class=\"attachment-full size-full wp-image-2337\" alt=\"\" srcset=\"https:\/\/petpromax.com\/wp-content\/uploads\/2025\/06\/food-dog.png 1024w, https:\/\/petpromax.com\/wp-content\/uploads\/2025\/06\/food-dog-300x251.png 300w, https:\/\/petpromax.com\/wp-content\/uploads\/2025\/06\/food-dog-768x644.png 768w, https:\/\/petpromax.com\/wp-content\/uploads\/2025\/06\/food-dog-600x503.png 600w\" sizes=\"(max-width: 1024px) 100vw, 1024px\" \/> \n\t\t\t\t\t<\/div>\n\t\t\t\t\t\t\t\t\t\t\n\t\t\t\t\t\t\t\t\t\t\t<h3 class=\"tmpcoder-flip-box-title\">K\u00d6PEK MAMALARI<\/h3>\n\t\t\t\t\t\n\t\t\t\t\t\t\n\n\t\t\t\t\t\t\n\n\t\t\t\t<\/div>\n\t\t\t<\/div>\n\n\t\t\t<div class=\"tmpcoder-flip-box-item tmpcoder-flip-box-back tmpcoder-anim-timing-ease-default\">\n\n\t\t\t\t<div class=\"tmpcoder-flip-box-overlay\"><\/div>\n\t\t\t\t\n\t\t\t\t<div class=\"tmpcoder-flip-box-content\">\n\t\t\t\t\t\n\t\t\t\t\t\t\t\t\t\t<a class=\"tmpcoder-flip-box-link\" href=\"https:\/\/petpromax.com\/index.php\/urun-kategori\/food-elite\/food-elite-kopek\/\"><\/a>\t\t\t\t\t\n\t\t\t\t\t\n\t\t\t\t\t\t\t\t\t\t<div class=\"tmpcoder-flip-box-icon\">\n\n\t\t\t\t\t\t\n\t\t\t\t\t\t<i class=\"fas fa-dog\"><\/i>\n\n\t\t\t\t\t\t\n\t\t\t\t\t<\/div>\n\t\t\t\t\t\t\t\t\t\t\n\t\t\t\t\t\t\t\t\t\t\t<h3 class=\"tmpcoder-flip-box-title\">\n\t\t\t\t\t\t\tK\u00d6PEK MAMALARI\t\t\t\t\t\t<\/h3>\n\t\t\t\t\t\n\t\t\t\t\t\t\n\n\t\t\t\t\t\t\n\n\t\t\t\t<\/div>\n\t\t\t<\/div>\n\t\t<\/div>\n\n\t\t\t\t\t\t<\/div>\n\t\t\t\t<\/div>\n\t\t\t\t<\/div>\n\t\t\t\t\t<\/div>\n\t\t\t\t<\/div>\n\t\t<div class=\"elementor-element elementor-element-f5078da e-flex e-con-boxed tmpcoder-jarallax-no tmpcoder-parallax-no tmpcoder-particle-no tmpcoder-sticky-section-no e-con e-parent\" data-id=\"f5078da\" data-element_type=\"container\">\n\t\t\t\t\t<div class=\"e-con-inner\">\n\t\t\t\t<div class=\"elementor-element elementor-element-f4e3ee8 elementor-flip-box--effect-flip elementor-flip-box--direction-up elementor-widget elementor-widget-flip-box\" data-id=\"f4e3ee8\" data-element_type=\"widget\" data-widget_type=\"flip-box.default\">\n\t\t\t\t<div class=\"elementor-widget-container\">\n\t\t\t\t\t\t\t<div class=\"elementor-flip-box\" tabindex=\"0\">\n\t\t\t<div class=\"elementor-flip-box__layer elementor-flip-box__front\">\n\t\t\t\t<div class=\"elementor-flip-box__layer__overlay\">\n\t\t\t\t\t<div class=\"elementor-flip-box__layer__inner\">\n\t\t\t\t\t\t\t\t\t\t\t\t\t<div class=\"elementor-icon-wrapper elementor-view-default\">\n\t\t\t\t\t\t\t\t<div class=\"elementor-icon\">\n\t\t\t\t\t\t\t\t\t<svg class=\"e-font-icon-svg e-far-hand-pointer\" viewBox=\"0 0 448 512\" xmlns=\"http:\/\/www.w3.org\/2000\/svg\"><path d=\"M358.182 179.361c-19.493-24.768-52.679-31.945-79.872-19.098-15.127-15.687-36.182-22.487-56.595-19.629V67c0-36.944-29.736-67-66.286-67S89.143 30.056 89.143 67v161.129c-19.909-7.41-43.272-5.094-62.083 8.872-29.355 21.795-35.793 63.333-14.55 93.152l109.699 154.001C134.632 501.59 154.741 512 176 512h178.286c30.802 0 57.574-21.5 64.557-51.797l27.429-118.999A67.873 67.873 0 0 0 448 326v-84c0-46.844-46.625-79.273-89.818-62.639zM80.985 279.697l27.126 38.079c8.995 12.626 29.031 6.287 29.031-9.283V67c0-25.12 36.571-25.16 36.571 0v175c0 8.836 7.163 16 16 16h6.857c8.837 0 16-7.164 16-16v-35c0-25.12 36.571-25.16 36.571 0v35c0 8.836 7.163 16 16 16H272c8.837 0 16-7.164 16-16v-21c0-25.12 36.571-25.16 36.571 0v21c0 8.836 7.163 16 16 16h6.857c8.837 0 16-7.164 16-16 0-25.121 36.571-25.16 36.571 0v84c0 1.488-.169 2.977-.502 4.423l-27.43 119.001c-1.978 8.582-9.29 14.576-17.782 14.576H176c-5.769 0-11.263-2.878-14.697-7.697l-109.712-154c-14.406-20.223 14.994-42.818 29.394-22.606zM176.143 400v-96c0-8.837 6.268-16 14-16h6c7.732 0 14 7.163 14 16v96c0 8.837-6.268 16-14 16h-6c-7.733 0-14-7.163-14-16zm75.428 0v-96c0-8.837 6.268-16 14-16h6c7.732 0 14 7.163 14 16v96c0 8.837-6.268 16-14 16h-6c-7.732 0-14-7.163-14-16zM327 400v-96c0-8.837 6.268-16 14-16h6c7.732 0 14 7.163 14 16v96c0 8.837-6.268 16-14 16h-6c-7.732 0-14-7.163-14-16z\"><\/path><\/svg>\t\t\t\t\t\t\t\t<\/div>\n\t\t\t\t\t\t\t<\/div>\n\t\t\t\t\t\t\n\t\t\t\t\t\t\t\t\t\t\t\t\t<h3 class=\"elementor-flip-box__layer__title\">\n\t\t\t\t\t\t\t\tfoodelite.com.tr\t\t\t\t\t\t\t<\/h3>\n\t\t\t\t\t\t\n\t\t\t\t\t\t\t\t\t\t\t\t\t<div class=\"elementor-flip-box__layer__description\">\n\t\t\t\t\t\t\t\tDaha Fazla Bilgi i\u00e7in Web Sitemizi Ziyaret Edebilirsiniz. \t\t\t\t\t\t\t<\/div>\n\t\t\t\t\t\t\t\t\t\t\t<\/div>\n\t\t\t\t<\/div>\n\t\t\t<\/div>\n\t\t\t<a class=\"elementor-flip-box__layer elementor-flip-box__back\" href=\"https:\/\/foodelite.com.tr\/index.html\">\n\t\t\t<div class=\"elementor-flip-box__layer__overlay\">\n\t\t\t\t<div class=\"elementor-flip-box__layer__inner\">\n\t\t\t\t\t\t\t\t\t\t\t<h3 class=\"elementor-flip-box__layer__title\">\n\t\t\t\t\t\t\t\u015eimdi \u0130ncele\t\t\t\t\t\t<\/h3>\n\t\t\t\t\t\n\t\t\t\t\t\n\t\t\t\t\t\t\t\t\t\t\t<span class=\"elementor-flip-box__button elementor-button elementor-size-sm\">\n\t\t\t\t\t\t\tSiteye Gidin\t\t\t\t\t\t<\/span>\n\t\t\t\t\t\t\t\t<\/div>\n\t\t<\/div>\n\t\t<\/a>\n\t\t<\/div>\n\t\t\t\t\t\t<\/div>\n\t\t\t\t<\/div>\n\t\t\t\t\t<\/div>\n\t\t\t\t<\/div>\n\t\t\t\t<\/div>\n\t\t","protected":false},"excerpt":{"rendered":"<p>KED\u0130 MAMALARI KED\u0130 MAMALARI K\u00d6PEK MAMALARI K\u00d6PEK MAMALARI foodelite.com.tr Daha Fazla Bilgi i\u00e7in Web Sitemizi Ziyaret Edebilirsiniz. \u015eimdi \u0130ncele Siteye Gidin<\/p>\n","protected":false},"author":1,"featured_media":0,"parent":0,"menu_order":0,"comment_status":"closed","ping_status":"closed","template":"","meta":{"om_disable_all_campaigns":false,"footnotes":""},"class_list":["post-1261","page","type-page","status-publish","hentry"],"_links":{"self":[{"href":"https:\/\/petpromax.com\/index.php\/wp-json\/wp\/v2\/pages\/1261","targetHints":{"allow":["GET"]}}],"collection":[{"href":"https:\/\/petpromax.com\/index.php\/wp-json\/wp\/v2\/pages"}],"about":[{"href":"https:\/\/petpromax.com\/index.php\/wp-json\/wp\/v2\/types\/page"}],"author":[{"embeddable":true,"href":"https:\/\/petpromax.com\/index.php\/wp-json\/wp\/v2\/users\/1"}],"replies":[{"embeddable":true,"href":"https:\/\/petpromax.com\/index.php\/wp-json\/wp\/v2\/comments?post=1261"}],"version-history":[{"count":74,"href":"https:\/\/petpromax.com\/index.php\/wp-json\/wp\/v2\/pages\/1261\/revisions"}],"predecessor-version":[{"id":2570,"href":"https:\/\/petpromax.com\/index.php\/wp-json\/wp\/v2\/pages\/1261\/revisions\/2570"}],"wp:attachment":[{"href":"https:\/\/petpromax.com\/index.php\/wp-json\/wp\/v2\/media?parent=1261"}],"curies":[{"name":"wp","href":"https:\/\/api.w.org\/{rel}","templated":true}]}}