{"id":1221,"date":"2025-01-04T22:53:23","date_gmt":"2025-01-04T22:53:23","guid":{"rendered":"https:\/\/petpromax.com\/?page_id=1221"},"modified":"2025-11-13T12:51:47","modified_gmt":"2025-11-13T09:51:47","slug":"distributor","status":"publish","type":"page","link":"https:\/\/petpromax.com\/index.php\/distributor\/","title":{"rendered":"D\u0130STR\u0130B\u00dcT\u00d6RL\u00dcK"},"content":{"rendered":"\t\t<div data-elementor-type=\"wp-page\" data-elementor-id=\"1221\" class=\"elementor elementor-1221\" data-elementor-post-type=\"page\">\n\t\t\t\t<div class=\"elementor-element elementor-element-45750e0 e-flex e-con-boxed tmpcoder-jarallax-no tmpcoder-parallax-no tmpcoder-particle-no tmpcoder-sticky-section-no e-con e-parent\" data-id=\"45750e0\" data-element_type=\"container\">\n\t\t\t\t\t<div class=\"e-con-inner\">\n\t\t\t\t<div class=\"elementor-element elementor-element-c302532 elementor-widget elementor-widget-tmpcoder_breadcrumb\" data-id=\"c302532\" data-element_type=\"widget\" data-widget_type=\"tmpcoder_breadcrumb.default\">\n\t\t\t\t<div class=\"elementor-widget-container\">\n\t\t\t\t\t\n        <div class=\"row\">\n            <div class=\"col-md-12\">\n                <div class=\"page-banner\">\n                    <h1 class=\"sub-banner-title yes\">D\u0130STR\u0130B\u00dcT\u00d6RL\u00dcK<\/h1>                <\/div>\n            <\/div>\n        <\/div>\n\n        \t\t\t\t<\/div>\n\t\t\t\t<\/div>\n\t\t\t\t\t<\/div>\n\t\t\t\t<\/div>\n\t\t<div class=\"elementor-element elementor-element-b789332 e-flex e-con-boxed tmpcoder-jarallax-no tmpcoder-parallax-no tmpcoder-particle-no tmpcoder-sticky-section-no e-con e-parent\" data-id=\"b789332\" data-element_type=\"container\">\n\t\t\t\t\t<div class=\"e-con-inner\">\n\t\t\t\t<div class=\"elementor-element elementor-element-3f03770 elementor-widget elementor-widget-image\" data-id=\"3f03770\" data-element_type=\"widget\" data-widget_type=\"image.default\">\n\t\t\t\t<div class=\"elementor-widget-container\">\n\t\t\t\t\t\t\t\t\t\t\t\t\t\t\t<img fetchpriority=\"high\" decoding=\"async\" width=\"2560\" height=\"1161\" src=\"https:\/\/petpromax.com\/wp-content\/uploads\/2025\/01\/distrubitor-scaled.jpeg\" class=\"attachment-full size-full wp-image-1230\" alt=\"\" srcset=\"https:\/\/petpromax.com\/wp-content\/uploads\/2025\/01\/distrubitor-scaled.jpeg 2560w, https:\/\/petpromax.com\/wp-content\/uploads\/2025\/01\/distrubitor-300x136.jpeg 300w, https:\/\/petpromax.com\/wp-content\/uploads\/2025\/01\/distrubitor-1024x464.jpeg 1024w, https:\/\/petpromax.com\/wp-content\/uploads\/2025\/01\/distrubitor-768x348.jpeg 768w, https:\/\/petpromax.com\/wp-content\/uploads\/2025\/01\/distrubitor-1536x697.jpeg 1536w, https:\/\/petpromax.com\/wp-content\/uploads\/2025\/01\/distrubitor-2048x929.jpeg 2048w, https:\/\/petpromax.com\/wp-content\/uploads\/2025\/01\/distrubitor-600x272.jpeg 600w\" sizes=\"(max-width: 2560px) 100vw, 2560px\" \/>\t\t\t\t\t\t\t\t\t\t\t\t\t\t\t<\/div>\n\t\t\t\t<\/div>\n\t\t\t\t\t<\/div>\n\t\t\t\t<\/div>\n\t\t<div class=\"elementor-element elementor-element-b5adb95 e-flex e-con-boxed tmpcoder-jarallax-no tmpcoder-parallax-no tmpcoder-particle-no tmpcoder-sticky-section-no e-con e-parent\" data-id=\"b5adb95\" data-element_type=\"container\">\n\t\t\t\t\t<div class=\"e-con-inner\">\n\t\t\t\t<div class=\"elementor-element elementor-element-57b84ba elementor-widget elementor-widget-heading\" data-id=\"57b84ba\" data-element_type=\"widget\" data-widget_type=\"heading.default\">\n\t\t\t\t<div class=\"elementor-widget-container\">\n\t\t\t\t\t<h3 class=\"elementor-heading-title elementor-size-default\">Markan\u0131za De\u011fer Katan, G\u00fcvenilir &amp; Global Kalitede Mama \u00c7\u00f6z\u00fcmleri Sunuyoruz<\/h3>\t\t\t\t<\/div>\n\t\t\t\t<\/div>\n\t\t\t\t\t<\/div>\n\t\t\t\t<\/div>\n\t\t<div class=\"elementor-element elementor-element-18d5b5c e-flex e-con-boxed tmpcoder-jarallax-no tmpcoder-parallax-no tmpcoder-particle-no tmpcoder-sticky-section-no e-con e-parent\" data-id=\"18d5b5c\" data-element_type=\"container\">\n\t\t\t\t\t<div class=\"e-con-inner\">\n\t\t\t\t<div class=\"elementor-element elementor-element-5a27aed elementor-widget elementor-widget-text-editor\" data-id=\"5a27aed\" data-element_type=\"widget\" data-widget_type=\"text-editor.default\">\n\t\t\t\t<div class=\"elementor-widget-container\">\n\t\t\t\t\t\t\t\t\t<p>Promax Pet Food olarak, geni\u015f \u00fcr\u00fcn yelpazemizle uluslararas\u0131 pazarlarda aktif bir \u015fekilde yer almakta; hem yurt i\u00e7inde hem de yurt d\u0131\u015f\u0131nda distrib\u00fct\u00f6rl\u00fck vererek ayn\u0131 zamanda \u00f6zel marka (private label) \u00fcretim hizmeti sunmaktay\u0131z.<\/p><p><strong>Distrib\u00fct\u00f6rl\u00fck f\u0131rsatlar\u0131m\u0131zla g\u00fc\u00e7l\u00fc ve k\u00e2rl\u0131 bir i\u015fbirli\u011fi olu\u015fturun!<\/strong><\/p><p>Evcil hayvan beslenmesinde kalite ve g\u00fcvenin \u00f6nc\u00fcs\u00fc olan firmam\u0131z, d\u00fcnya standartlar\u0131nda \u00fcretim yapan tesisleriyle faaliyet g\u00f6stermektedir. Promax Pet Food olarak \u00fcretti\u011fimiz kuru kedi ve k\u00f6pek mamalar\u0131, evcil hayvan sahiplerine sa\u011fl\u0131kl\u0131, besleyici ve g\u00fcvenilir \u00e7\u00f6z\u00fcmler sunarken; i\u015f ortaklar\u0131m\u0131za y\u00fcksek k\u00e2rl\u0131l\u0131k ve s\u00fcrd\u00fcr\u00fclebilir bir i\u015f modeli sa\u011flamaktad\u0131r.<\/p><h6>Detayl\u0131 bilgi i\u00e7in: <a href=\"mailto:info@petpromax.com\"><strong>info@petpromax.com<\/strong><\/a><\/h6>\t\t\t\t\t\t\t\t<\/div>\n\t\t\t\t<\/div>\n\t\t\t\t\t<\/div>\n\t\t\t\t<\/div>\n\t\t\t\t<\/div>\n\t\t","protected":false},"excerpt":{"rendered":"<p>D\u0130STR\u0130B\u00dcT\u00d6RL\u00dcK Markan\u0131za De\u011fer Katan, G\u00fcvenilir &amp; Global Kalitede Mama \u00c7\u00f6z\u00fcmleri Sunuyoruz Promax Pet Food olarak, geni\u015f \u00fcr\u00fcn yelpazemizle uluslararas\u0131 pazarlarda aktif bir \u015fekilde yer almakta; hem yurt i\u00e7inde hem de yurt d\u0131\u015f\u0131nda distrib\u00fct\u00f6rl\u00fck vererek ayn\u0131 zamanda \u00f6zel marka (private label) \u00fcretim hizmeti sunmaktay\u0131z. Distrib\u00fct\u00f6rl\u00fck f\u0131rsatlar\u0131m\u0131zla g\u00fc\u00e7l\u00fc ve k\u00e2rl\u0131 bir i\u015fbirli\u011fi olu\u015fturun! Evcil hayvan beslenmesinde kalite [&hellip;]<\/p>\n","protected":false},"author":1,"featured_media":0,"parent":0,"menu_order":0,"comment_status":"closed","ping_status":"closed","template":"elementor_header_footer","meta":{"om_disable_all_campaigns":false,"footnotes":""},"class_list":["post-1221","page","type-page","status-publish","hentry"],"_links":{"self":[{"href":"https:\/\/petpromax.com\/index.php\/wp-json\/wp\/v2\/pages\/1221","targetHints":{"allow":["GET"]}}],"collection":[{"href":"https:\/\/petpromax.com\/index.php\/wp-json\/wp\/v2\/pages"}],"about":[{"href":"https:\/\/petpromax.com\/index.php\/wp-json\/wp\/v2\/types\/page"}],"author":[{"embeddable":true,"href":"https:\/\/petpromax.com\/index.php\/wp-json\/wp\/v2\/users\/1"}],"replies":[{"embeddable":true,"href":"https:\/\/petpromax.com\/index.php\/wp-json\/wp\/v2\/comments?post=1221"}],"version-history":[{"count":38,"href":"https:\/\/petpromax.com\/index.php\/wp-json\/wp\/v2\/pages\/1221\/revisions"}],"predecessor-version":[{"id":2621,"href":"https:\/\/petpromax.com\/index.php\/wp-json\/wp\/v2\/pages\/1221\/revisions\/2621"}],"wp:attachment":[{"href":"https:\/\/petpromax.com\/index.php\/wp-json\/wp\/v2\/media?parent=1221"}],"curies":[{"name":"wp","href":"https:\/\/api.w.org\/{rel}","templated":true}]}}