{"id":184,"date":"2024-06-08T11:00:14","date_gmt":"2024-06-08T11:00:14","guid":{"rendered":"https:\/\/themes.templatescoder.com\/sastra-addon\/demo-08\/?page_id=184"},"modified":"2025-11-18T04:27:41","modified_gmt":"2025-11-18T01:27:41","slug":"contacts","status":"publish","type":"page","link":"http:\/\/petpromax.com\/index.php\/contacts\/","title":{"rendered":"\u0130leti\u015fim"},"content":{"rendered":"\t\t<div data-elementor-type=\"wp-page\" data-elementor-id=\"184\" class=\"elementor elementor-184\" data-elementor-post-type=\"page\">\n\t\t\t\t<div class=\"elementor-element elementor-element-88f7506 e-flex e-con-boxed tmpcoder-jarallax-no tmpcoder-parallax-no tmpcoder-particle-no tmpcoder-sticky-section-no e-con e-parent\" data-id=\"88f7506\" data-element_type=\"container\">\n\t\t\t\t\t<div class=\"e-con-inner\">\n\t\t\t\t<div class=\"elementor-element elementor-element-109f995 elementor-widget elementor-widget-image\" data-id=\"109f995\" data-element_type=\"widget\" data-widget_type=\"image.default\">\n\t\t\t\t<div class=\"elementor-widget-container\">\n\t\t\t\t\t\t\t\t\t\t\t\t\t\t\t<img fetchpriority=\"high\" decoding=\"async\" width=\"2560\" height=\"640\" src=\"https:\/\/petpromax.com\/wp-content\/uploads\/2025\/11\/iletisim-scaled.jpg\" class=\"attachment-full size-full wp-image-2696\" alt=\"\" srcset=\"https:\/\/petpromax.com\/wp-content\/uploads\/2025\/11\/iletisim-scaled.jpg 2560w, https:\/\/petpromax.com\/wp-content\/uploads\/2025\/11\/iletisim-300x75.jpg 300w, https:\/\/petpromax.com\/wp-content\/uploads\/2025\/11\/iletisim-1024x256.jpg 1024w, https:\/\/petpromax.com\/wp-content\/uploads\/2025\/11\/iletisim-768x192.jpg 768w, https:\/\/petpromax.com\/wp-content\/uploads\/2025\/11\/iletisim-1536x384.jpg 1536w, https:\/\/petpromax.com\/wp-content\/uploads\/2025\/11\/iletisim-2048x512.jpg 2048w, https:\/\/petpromax.com\/wp-content\/uploads\/2025\/11\/iletisim-600x150.jpg 600w\" sizes=\"(max-width: 2560px) 100vw, 2560px\" \/>\t\t\t\t\t\t\t\t\t\t\t\t\t\t\t<\/div>\n\t\t\t\t<\/div>\n\t\t\t\t\t<\/div>\n\t\t\t\t<\/div>\n\t\t\t\t<section class=\"elementor-section elementor-top-section elementor-element elementor-element-ff31aeb elementor-section-boxed elementor-section-height-default elementor-section-height-default tmpcoder-jarallax-no tmpcoder-parallax-no tmpcoder-particle-no tmpcoder-sticky-section-no\" data-id=\"ff31aeb\" data-element_type=\"section\" data-settings=\"{&quot;background_background&quot;:&quot;classic&quot;}\">\n\t\t\t\t\t\t<div class=\"elementor-container elementor-column-gap-default\">\n\t\t\t\t\t<div class=\"elementor-column elementor-col-100 elementor-top-column elementor-element elementor-element-13e27fc\" data-id=\"13e27fc\" data-element_type=\"column\">\n\t\t\t<div class=\"elementor-widget-wrap elementor-element-populated\">\n\t\t\t\t\t\t<div class=\"elementor-element elementor-element-4b78574 elementor-widget elementor-widget-tmpcoder_breadcrumb\" data-id=\"4b78574\" data-element_type=\"widget\" data-widget_type=\"tmpcoder_breadcrumb.default\">\n\t\t\t\t<div class=\"elementor-widget-container\">\n\t\t\t\t\t\n        <div class=\"row\">\n            <div class=\"col-md-12\">\n                <div class=\"page-banner\">\n                    <h1 class=\"sub-banner-title yes\">\u0130leti\u015fim<\/h1>                <\/div>\n            <\/div>\n        <\/div>\n\n        \t\t\t\t<\/div>\n\t\t\t\t<\/div>\n\t\t\t\t\t<\/div>\n\t\t<\/div>\n\t\t\t\t\t<\/div>\n\t\t<\/section>\n\t\t\t\t<section class=\"elementor-section elementor-top-section elementor-element elementor-element-6a2c658 elementor-section-content-top elementor-section-boxed elementor-section-height-default elementor-section-height-default tmpcoder-jarallax-no tmpcoder-parallax-no tmpcoder-particle-no tmpcoder-sticky-section-no\" data-id=\"6a2c658\" data-element_type=\"section\">\n\t\t\t\t\t\t<div class=\"elementor-container elementor-column-gap-default\">\n\t\t\t\t\t<div class=\"elementor-column elementor-col-25 elementor-top-column elementor-element elementor-element-f8bbc7a elementor-invisible\" data-id=\"f8bbc7a\" data-element_type=\"column\" data-settings=\"{&quot;animation&quot;:&quot;fadeInUp&quot;}\">\n\t\t\t<div class=\"elementor-widget-wrap elementor-element-populated\">\n\t\t\t\t\t\t<div class=\"elementor-element elementor-element-f5cdd9b elementor-widget elementor-widget-image\" data-id=\"f5cdd9b\" data-element_type=\"widget\" data-widget_type=\"image.default\">\n\t\t\t\t<div class=\"elementor-widget-container\">\n\t\t\t\t\t\t\t\t\t\t\t\t\t\t\t<img decoding=\"async\" width=\"150\" height=\"150\" src=\"https:\/\/petpromax.com\/wp-content\/uploads\/2025\/11\/person.png\" class=\"attachment-thumbnail size-thumbnail wp-image-2709\" alt=\"\" srcset=\"https:\/\/petpromax.com\/wp-content\/uploads\/2025\/11\/person.png 150w, https:\/\/petpromax.com\/wp-content\/uploads\/2025\/11\/person-100x100.png 100w\" sizes=\"(max-width: 150px) 100vw, 150px\" \/>\t\t\t\t\t\t\t\t\t\t\t\t\t\t\t<\/div>\n\t\t\t\t<\/div>\n\t\t\t\t<div class=\"elementor-element elementor-element-cd9dd5b elementor-widget elementor-widget-heading\" data-id=\"cd9dd5b\" data-element_type=\"widget\" data-widget_type=\"heading.default\">\n\t\t\t\t<div class=\"elementor-widget-container\">\n\t\t\t\t\t<h5 class=\"elementor-heading-title elementor-size-default\"><b>\u00c7al\u0131\u015fma Saatlerimiz<\/b><\/h5>\t\t\t\t<\/div>\n\t\t\t\t<\/div>\n\t\t\t\t<div class=\"elementor-element elementor-element-cf9159b elementor-widget-tablet__width-initial elementor-widget-mobile__width-initial elementor-widget__width-initial elementor-widget elementor-widget-tmpcoder-business-hours\" data-id=\"cf9159b\" data-element_type=\"widget\" data-widget_type=\"tmpcoder-business-hours.default\">\n\t\t\t\t<div class=\"elementor-widget-container\">\n\t\t\t\t\t\n\t\t<div class=\"tmpcoder-business-hours\">\n\n\t\t\t\t\t\t\t\n\t\t\t\t<div class=\"tmpcoder-business-hours-item elementor-repeater-item-6bf47b1\">\t\t\t\t\t\t\n\t\t\t\t\t<span class=\"tmpcoder-business-day\">\n\n\t\t\t\t\t\t\n\t\t\t\t\t\tPazartesi - Cuma\t\t\t\t\t<\/span>\n\t\t\t\t\t\n\t\t\t\t\t\t\n\t\t\t\t\t<span class=\"tmpcoder-business-time\">08:00 - 18:00<\/span>\n\t\t\t\t\t\n\t\t\t\t<\/div>\n\n\t\t\t\t\t\t\t\t\n\t\t\t\t<div class=\"tmpcoder-business-hours-item elementor-repeater-item-ddaa120\">\t\t\t\t\t\t\n\t\t\t\t\t<span class=\"tmpcoder-business-day\">\n\n\t\t\t\t\t\t\n\t\t\t\t\t\tCumartesi\t\t\t\t\t<\/span>\n\t\t\t\t\t\n\t\t\t\t\t\t\n\t\t\t\t\t<span class=\"tmpcoder-business-time\">08:00 - 12:00<\/span>\n\t\t\t\t\t\n\t\t\t\t<\/div>\n\n\t\t\t\t\t\t\t\t\n\t\t\t\t<div class=\"tmpcoder-business-hours-item elementor-repeater-item-bfc9ae7 tmpcoder-business-hours-item-closed\">\t\t\t\t\t\t\n\t\t\t\t\t<span class=\"tmpcoder-business-day\">\n\n\t\t\t\t\t\t\n\t\t\t\t\t\tPazar\t\t\t\t\t<\/span>\n\t\t\t\t\t\n\t\t\t\t\t\t\n\t\t\t\t\t<span class=\"tmpcoder-business-closed\">Kapal\u0131<\/span>\n\t\t\t\t\t\n\t\t\t\t<\/div>\n\n\t\t\t\t\n\t\t<\/div>\n\t\t\t\t\t\t<\/div>\n\t\t\t\t<\/div>\n\t\t\t\t\t<\/div>\n\t\t<\/div>\n\t\t\t\t<div class=\"elementor-column elementor-col-25 elementor-top-column elementor-element elementor-element-fbfcc65 elementor-invisible\" data-id=\"fbfcc65\" data-element_type=\"column\" data-settings=\"{&quot;animation&quot;:&quot;fadeInUp&quot;}\">\n\t\t\t<div class=\"elementor-widget-wrap elementor-element-populated\">\n\t\t\t\t\t\t<div class=\"elementor-element elementor-element-ea6bf3b elementor-widget elementor-widget-image\" data-id=\"ea6bf3b\" data-element_type=\"widget\" data-widget_type=\"image.default\">\n\t\t\t\t<div class=\"elementor-widget-container\">\n\t\t\t\t\t\t\t\t\t\t\t\t\t\t\t<img decoding=\"async\" width=\"150\" height=\"150\" src=\"https:\/\/petpromax.com\/wp-content\/uploads\/2025\/11\/office.png\" class=\"attachment-thumbnail size-thumbnail wp-image-2710\" alt=\"\" srcset=\"https:\/\/petpromax.com\/wp-content\/uploads\/2025\/11\/office.png 150w, https:\/\/petpromax.com\/wp-content\/uploads\/2025\/11\/office-100x100.png 100w\" sizes=\"(max-width: 150px) 100vw, 150px\" \/>\t\t\t\t\t\t\t\t\t\t\t\t\t\t\t<\/div>\n\t\t\t\t<\/div>\n\t\t\t\t<div class=\"elementor-element elementor-element-9d4b518 elementor-widget elementor-widget-heading\" data-id=\"9d4b518\" data-element_type=\"widget\" data-widget_type=\"heading.default\">\n\t\t\t\t<div class=\"elementor-widget-container\">\n\t\t\t\t\t<h5 class=\"elementor-heading-title elementor-size-default\"><b>Adres<\/b><\/h5>\t\t\t\t<\/div>\n\t\t\t\t<\/div>\n\t\t\t\t<div class=\"elementor-element elementor-element-79397df elementor-widget__width-initial elementor-widget elementor-widget-text-editor\" data-id=\"79397df\" data-element_type=\"widget\" data-widget_type=\"text-editor.default\">\n\t\t\t\t<div class=\"elementor-widget-container\">\n\t\t\t\t\t\t\t\t\t<p>Kozan Organize Sanayi B\u00f6lgesi 9. Cadde No:11 Kozan \/ Adana \/ T\u00fcrkiye<\/p>\t\t\t\t\t\t\t\t<\/div>\n\t\t\t\t<\/div>\n\t\t\t\t\t<\/div>\n\t\t<\/div>\n\t\t\t\t<div class=\"elementor-column elementor-col-25 elementor-top-column elementor-element elementor-element-fb5864a elementor-invisible\" data-id=\"fb5864a\" data-element_type=\"column\" data-settings=\"{&quot;animation&quot;:&quot;fadeInUp&quot;}\">\n\t\t\t<div class=\"elementor-widget-wrap elementor-element-populated\">\n\t\t\t\t\t\t<div class=\"elementor-element elementor-element-328fd48 elementor-widget elementor-widget-image\" data-id=\"328fd48\" data-element_type=\"widget\" data-widget_type=\"image.default\">\n\t\t\t\t<div class=\"elementor-widget-container\">\n\t\t\t\t\t\t\t\t\t\t\t\t\t\t\t<img loading=\"lazy\" decoding=\"async\" width=\"150\" height=\"150\" src=\"https:\/\/petpromax.com\/wp-content\/uploads\/2025\/11\/tel.png\" class=\"attachment-thumbnail size-thumbnail wp-image-2711\" alt=\"\" srcset=\"https:\/\/petpromax.com\/wp-content\/uploads\/2025\/11\/tel.png 150w, https:\/\/petpromax.com\/wp-content\/uploads\/2025\/11\/tel-100x100.png 100w\" sizes=\"(max-width: 150px) 100vw, 150px\" \/>\t\t\t\t\t\t\t\t\t\t\t\t\t\t\t<\/div>\n\t\t\t\t<\/div>\n\t\t\t\t<div class=\"elementor-element elementor-element-e6d0722 elementor-widget elementor-widget-heading\" data-id=\"e6d0722\" data-element_type=\"widget\" data-widget_type=\"heading.default\">\n\t\t\t\t<div class=\"elementor-widget-container\">\n\t\t\t\t\t<h6 class=\"elementor-heading-title elementor-size-default\"><br><\/h6>\t\t\t\t<\/div>\n\t\t\t\t<\/div>\n\t\t\t\t<div class=\"elementor-element elementor-element-13f9697 elementor-widget__width-initial elementor-widget elementor-widget-text-editor\" data-id=\"13f9697\" data-element_type=\"widget\" data-widget_type=\"text-editor.default\">\n\t\t\t\t<div class=\"elementor-widget-container\">\n\t\t\t\t\t\t\t\t\t<p>Yurt i\u00e7i sat\u0131\u015f bilgisi: +90 (531) 355 81 89<br \/>Operasyon: +90 (531) 355 81 89<br \/>Muhasebe: +90 (532) 472 31 91<br \/>Ihracat: +90\u00a0(532)\u00a0476\u00a081\u00a061<\/p>\t\t\t\t\t\t\t\t<\/div>\n\t\t\t\t<\/div>\n\t\t\t\t\t<\/div>\n\t\t<\/div>\n\t\t\t\t<div class=\"elementor-column elementor-col-25 elementor-top-column elementor-element elementor-element-5f71763 elementor-invisible\" data-id=\"5f71763\" data-element_type=\"column\" data-settings=\"{&quot;animation&quot;:&quot;fadeInUp&quot;}\">\n\t\t\t<div class=\"elementor-widget-wrap elementor-element-populated\">\n\t\t\t\t\t\t<div class=\"elementor-element elementor-element-189dac0 elementor-widget elementor-widget-image\" data-id=\"189dac0\" data-element_type=\"widget\" data-widget_type=\"image.default\">\n\t\t\t\t<div class=\"elementor-widget-container\">\n\t\t\t\t\t\t\t\t\t\t\t\t\t\t\t<img loading=\"lazy\" decoding=\"async\" width=\"150\" height=\"150\" src=\"https:\/\/petpromax.com\/wp-content\/uploads\/2025\/11\/mail.png\" class=\"attachment-thumbnail size-thumbnail wp-image-2708\" alt=\"\" srcset=\"https:\/\/petpromax.com\/wp-content\/uploads\/2025\/11\/mail.png 150w, https:\/\/petpromax.com\/wp-content\/uploads\/2025\/11\/mail-100x100.png 100w\" sizes=\"(max-width: 150px) 100vw, 150px\" \/>\t\t\t\t\t\t\t\t\t\t\t\t\t\t\t<\/div>\n\t\t\t\t<\/div>\n\t\t\t\t<div class=\"elementor-element elementor-element-7415ce6 elementor-widget elementor-widget-heading\" data-id=\"7415ce6\" data-element_type=\"widget\" data-widget_type=\"heading.default\">\n\t\t\t\t<div class=\"elementor-widget-container\">\n\t\t\t\t\t<h6 class=\"elementor-heading-title elementor-size-default\"><br><\/h6>\t\t\t\t<\/div>\n\t\t\t\t<\/div>\n\t\t\t\t<div class=\"elementor-element elementor-element-6c32c80 elementor-widget__width-initial elementor-widget elementor-widget-text-editor\" data-id=\"6c32c80\" data-element_type=\"widget\" data-widget_type=\"text-editor.default\">\n\t\t\t\t<div class=\"elementor-widget-container\">\n\t\t\t\t\t\t\t\t\t<p>Bilgi : info@petpromax.com<br \/>Operasyon : promax@petpromax.com<br \/>\u0130hracat : satis@petpromax.com<\/p>\t\t\t\t\t\t\t\t<\/div>\n\t\t\t\t<\/div>\n\t\t\t\t\t<\/div>\n\t\t<\/div>\n\t\t\t\t\t<\/div>\n\t\t<\/section>\n\t\t\t\t<section class=\"elementor-section elementor-top-section elementor-element elementor-element-3f50c38 elementor-section-boxed elementor-section-height-default elementor-section-height-default tmpcoder-jarallax-no tmpcoder-parallax-no tmpcoder-particle-no tmpcoder-sticky-section-no\" data-id=\"3f50c38\" data-element_type=\"section\">\n\t\t\t\t\t\t<div class=\"elementor-container elementor-column-gap-default\">\n\t\t\t\t\t<div class=\"elementor-column elementor-col-50 elementor-top-column elementor-element elementor-element-0359aaf elementor-invisible\" data-id=\"0359aaf\" data-element_type=\"column\" data-settings=\"{&quot;animation&quot;:&quot;fadeInLeft&quot;}\">\n\t\t\t<div class=\"elementor-widget-wrap elementor-element-populated\">\n\t\t\t\t\t\t<div class=\"elementor-element elementor-element-52be2ed elementor-widget__width-initial elementor-widget elementor-widget-heading\" data-id=\"52be2ed\" data-element_type=\"widget\" data-settings=\"{&quot;_animation&quot;:&quot;none&quot;}\" data-widget_type=\"heading.default\">\n\t\t\t\t<div class=\"elementor-widget-container\">\n\t\t\t\t\t<h2 class=\"elementor-heading-title elementor-size-default\">H\u0131zl\u0131 \u0130leti\u015fim<\/h2>\t\t\t\t<\/div>\n\t\t\t\t<\/div>\n\t\t\t\t<div class=\"elementor-element elementor-element-efd7797 tmpcoder-forms-align-center tmpcoder-forms-submit-left elementor-widget elementor-widget-tmpcoder-forms\" data-id=\"efd7797\" data-element_type=\"widget\" data-widget_type=\"tmpcoder-forms.default\">\n\t\t\t\t<div class=\"elementor-widget-container\">\n\t\t\t\t\t<div class=\"tmpcoder-forms-container tmpcoder-custom-chk-radio\">\n<div class=\"wpcf7 no-js\" id=\"wpcf7-f242-o1\" lang=\"en-US\" dir=\"ltr\" data-wpcf7-id=\"242\">\n<div class=\"screen-reader-response\"><p role=\"status\" aria-live=\"polite\" aria-atomic=\"true\"><\/p> <ul><\/ul><\/div>\n<form action=\"\/index.php\/wp-json\/wp\/v2\/pages\/184#wpcf7-f242-o1\" method=\"post\" class=\"wpcf7-form init\" aria-label=\"Contact form\" novalidate=\"novalidate\" data-status=\"init\">\n<fieldset class=\"hidden-fields-container\"><input type=\"hidden\" name=\"_wpcf7\" value=\"242\" \/><input type=\"hidden\" name=\"_wpcf7_version\" value=\"6.1.2\" \/><input type=\"hidden\" name=\"_wpcf7_locale\" value=\"en_US\" \/><input type=\"hidden\" name=\"_wpcf7_unit_tag\" value=\"wpcf7-f242-o1\" \/><input type=\"hidden\" name=\"_wpcf7_container_post\" value=\"0\" \/><input type=\"hidden\" name=\"_wpcf7_posted_data_hash\" value=\"\" \/>\n<\/fieldset>\n<span class=\"wpcf7-form-control-wrap\" data-name=\"your-name\"><input size=\"40\" maxlength=\"400\" class=\"wpcf7-form-control wpcf7-text wpcf7-validates-as-required\" autocomplete=\"name\" aria-required=\"true\" aria-invalid=\"false\" placeholder=\"Ad\u0131n\u0131z ve Soyad\u0131n\u0131z\" value=\"\" type=\"text\" name=\"your-name\" \/><\/span>\n\n<span class=\"wpcf7-form-control-wrap\" data-name=\"your-email\"><input size=\"40\" maxlength=\"400\" class=\"wpcf7-form-control wpcf7-email wpcf7-validates-as-required wpcf7-text wpcf7-validates-as-email\" autocomplete=\"email\" aria-required=\"true\" aria-invalid=\"false\" placeholder=\"Mail Adresi\" value=\"\" type=\"email\" name=\"your-email\" \/><\/span>\n\n<span class=\"wpcf7-form-control-wrap\" data-name=\"your-subject\"><input size=\"40\" maxlength=\"400\" class=\"wpcf7-form-control wpcf7-text wpcf7-validates-as-required\" aria-required=\"true\" aria-invalid=\"false\" placeholder=\"Konu\" value=\"\" type=\"text\" name=\"your-subject\" \/><\/span>\n\n<span class=\"wpcf7-form-control-wrap\" data-name=\"your-message\"><textarea cols=\"40\" rows=\"10\" maxlength=\"2000\" class=\"wpcf7-form-control wpcf7-textarea\" aria-invalid=\"false\" placeholder=\"Mesaj\u0131n\u0131z\" name=\"your-message\"><\/textarea><\/span>\n\n<input class=\"wpcf7-form-control wpcf7-submit has-spinner\" type=\"submit\" value=\"G\u00f6nder\" \/><input type='hidden' class='wpcf7-pum' value='{\"closepopup\":false,\"closedelay\":0,\"openpopup\":false,\"openpopup_id\":0}' \/><div class=\"wpcf7-response-output\" aria-hidden=\"true\"><\/div>\n<\/form>\n<\/div>\n<\/div>\t\t\t\t<\/div>\n\t\t\t\t<\/div>\n\t\t\t\t\t<\/div>\n\t\t<\/div>\n\t\t\t\t<div class=\"elementor-column elementor-col-50 elementor-top-column elementor-element elementor-element-40e05c3 elementor-invisible\" data-id=\"40e05c3\" data-element_type=\"column\" data-settings=\"{&quot;animation&quot;:&quot;fadeInRight&quot;}\">\n\t\t\t<div class=\"elementor-widget-wrap elementor-element-populated\">\n\t\t\t\t\t\t<div class=\"elementor-element elementor-element-c5dd6a7 elementor-widget elementor-widget-google_maps\" data-id=\"c5dd6a7\" data-element_type=\"widget\" data-widget_type=\"google_maps.default\">\n\t\t\t\t<div class=\"elementor-widget-container\">\n\t\t\t\t\t\t\t<div class=\"elementor-custom-embed\">\n\t\t\t<iframe loading=\"lazy\"\n\t\t\t\t\tsrc=\"https:\/\/maps.google.com\/maps?q=Promax%20Pet%20Food&#038;t=m&#038;z=17&#038;output=embed&#038;iwloc=near\"\n\t\t\t\t\ttitle=\"Promax Pet Food\"\n\t\t\t\t\taria-label=\"Promax Pet Food\"\n\t\t\t><\/iframe>\n\t\t<\/div>\n\t\t\t\t\t\t<\/div>\n\t\t\t\t<\/div>\n\t\t\t\t\t<\/div>\n\t\t<\/div>\n\t\t\t\t\t<\/div>\n\t\t<\/section>\n\t\t\t\t<\/div>\n\t\t","protected":false},"excerpt":{"rendered":"<p>\u0130leti\u015fim \u00c7al\u0131\u015fma Saatlerimiz Pazartesi &#8211; Cuma 08:00 &#8211; 18:00 Cumartesi 08:00 &#8211; 12:00 Pazar Kapal\u0131 Adres Kozan Organize Sanayi B\u00f6lgesi 9. Cadde No:11 Kozan \/ Adana \/ T\u00fcrkiye Yurt i\u00e7i sat\u0131\u015f bilgisi: +90 (531) 355 81 89Operasyon: +90 (531) 355 81 89Muhasebe: +90 (532) 472 31 91Ihracat: +90\u00a0(532)\u00a0476\u00a081\u00a061 Bilgi : info@petpromax.comOperasyon : promax@petpromax.com\u0130hracat : satis@petpromax.com [&hellip;]<\/p>\n","protected":false},"author":1,"featured_media":0,"parent":0,"menu_order":0,"comment_status":"closed","ping_status":"closed","template":"elementor_header_footer","meta":{"om_disable_all_campaigns":false,"footnotes":""},"class_list":["post-184","page","type-page","status-publish","hentry"],"_links":{"self":[{"href":"http:\/\/petpromax.com\/index.php\/wp-json\/wp\/v2\/pages\/184","targetHints":{"allow":["GET"]}}],"collection":[{"href":"http:\/\/petpromax.com\/index.php\/wp-json\/wp\/v2\/pages"}],"about":[{"href":"http:\/\/petpromax.com\/index.php\/wp-json\/wp\/v2\/types\/page"}],"author":[{"embeddable":true,"href":"http:\/\/petpromax.com\/index.php\/wp-json\/wp\/v2\/users\/1"}],"replies":[{"embeddable":true,"href":"http:\/\/petpromax.com\/index.php\/wp-json\/wp\/v2\/comments?post=184"}],"version-history":[{"count":49,"href":"http:\/\/petpromax.com\/index.php\/wp-json\/wp\/v2\/pages\/184\/revisions"}],"predecessor-version":[{"id":2714,"href":"http:\/\/petpromax.com\/index.php\/wp-json\/wp\/v2\/pages\/184\/revisions\/2714"}],"wp:attachment":[{"href":"http:\/\/petpromax.com\/index.php\/wp-json\/wp\/v2\/media?parent=184"}],"curies":[{"name":"wp","href":"https:\/\/api.w.org\/{rel}","templated":true}]}}